{"id":9177,"date":"2021-10-19T19:18:26","date_gmt":"2021-10-19T17:18:26","guid":{"rendered":"https:\/\/www.yokler.com\/accueil-fr\/?page_id=9177"},"modified":"2023-06-21T18:49:34","modified_gmt":"2023-06-21T16:49:34","slug":"technologie","status":"publish","type":"page","link":"https:\/\/www.yokler.com\/accueil-fr\/technologie\/","title":{"rendered":"technologie"},"content":{"rendered":"<div id=\"cs-content\" class=\"cs-content\"><\/div>\n","protected":false},"excerpt":{"rendered":"<p>Une technologie exclusive pour des triporteurs professionnels comme aucun autre. Une conception moto pour un triporteur ultra r\u00e9sistant &nbsp;Tous les triporteurs Yokler partagent une conception ultra innovante qui combine astucieusement des composants motocycles avec les meilleurs e\u0301quipements cycles.Nos clients profitent ainsi de ve\u0301hicules ultra robustes, capables de re\u0301sister aux contraintes des me\u0301tiers de la logistique. Fourche suspendue de moto grand &#8230; <\/p>\n<div><a href=\"https:\/\/www.yokler.com\/accueil-fr\/technologie\/\" class=\"more-link\">Read More<\/a><\/div>\n","protected":false},"author":1,"featured_media":0,"parent":0,"menu_order":0,"comment_status":"closed","ping_status":"closed","template":"template-blank-4.php","meta":{"_acf_changed":false,"footnotes":""},"class_list":["post-9177","page","type-page","status-publish","hentry","no-post-thumbnail"],"acf":[],"yoast_head":"<!-- This site is optimized with the Yoast SEO plugin v27.1.1 - https:\/\/yoast.com\/product\/yoast-seo-wordpress\/ -->\n<title>Les cargobikes professionnels les plus robustes du march\u00e9 | Yokler<\/title>\n<meta name=\"description\" content=\"Gr\u00e2ce \u00e0 une conception combinant moto et v\u00e9lo et une technologie de carrosserie exclusive, les triporteurs Yokler garantisse robustesse et confort\" \/>\n<meta name=\"robots\" content=\"index, follow, max-snippet:-1, max-image-preview:large, max-video-preview:-1\" \/>\n<link rel=\"canonical\" href=\"https:\/\/www.yokler.com\/accueil-fr\/technologie\/\" \/>\n<meta property=\"og:locale\" content=\"fr_FR\" \/>\n<meta property=\"og:type\" content=\"article\" \/>\n<meta property=\"og:title\" content=\"Les cargobikes professionnels les plus robustes du march\u00e9 | Yokler\" \/>\n<meta property=\"og:description\" content=\"Gr\u00e2ce \u00e0 une conception combinant moto et v\u00e9lo et une technologie de carrosserie exclusive, les triporteurs Yokler garantisse robustesse et confort\" \/>\n<meta property=\"og:url\" content=\"https:\/\/www.yokler.com\/accueil-fr\/technologie\/\" \/>\n<meta property=\"og:site_name\" content=\"Triporteur professionnel \u00e0 assistance \u00e9lectrique, par Yokler !\" \/>\n<meta property=\"article:modified_time\" content=\"2023-06-21T16:49:34+00:00\" \/>\n<meta property=\"og:image\" content=\"https:\/\/www.yokler.com\/wp-content\/uploads\/2018\/02\/logo-yokler-triporteur.png\" \/>\n<meta name=\"twitter:card\" content=\"summary_large_image\" \/>\n<meta name=\"twitter:label1\" content=\"Dur\u00e9e de lecture estim\u00e9e\" \/>\n\t<meta name=\"twitter:data1\" content=\"5 minutes\" \/>\n<script type=\"application\/ld+json\" class=\"yoast-schema-graph\">{\"@context\":\"https:\/\/schema.org\",\"@graph\":[{\"@type\":\"WebPage\",\"@id\":\"https:\/\/www.yokler.com\/accueil-fr\/technologie\/\",\"url\":\"https:\/\/www.yokler.com\/accueil-fr\/technologie\/\",\"name\":\"Les cargobikes professionnels les plus robustes du march\u00e9 | Yokler\",\"isPartOf\":{\"@id\":\"https:\/\/www.yokler.com\/accueil-fr\/de\/#website\"},\"primaryImageOfPage\":{\"@id\":\"https:\/\/www.yokler.com\/accueil-fr\/technologie\/#primaryimage\"},\"image\":{\"@id\":\"https:\/\/www.yokler.com\/accueil-fr\/technologie\/#primaryimage\"},\"thumbnailUrl\":\"https:\/\/www.yokler.com\/wp-content\/uploads\/2018\/02\/logo-yokler-triporteur.png\",\"datePublished\":\"2021-10-19T17:18:26+00:00\",\"dateModified\":\"2023-06-21T16:49:34+00:00\",\"description\":\"Gr\u00e2ce \u00e0 une conception combinant moto et v\u00e9lo et une technologie de carrosserie exclusive, les triporteurs Yokler garantisse robustesse et confort\",\"breadcrumb\":{\"@id\":\"https:\/\/www.yokler.com\/accueil-fr\/technologie\/#breadcrumb\"},\"inLanguage\":\"fr-FR\",\"potentialAction\":[{\"@type\":\"ReadAction\",\"target\":[\"https:\/\/www.yokler.com\/accueil-fr\/technologie\/\"]}]},{\"@type\":\"ImageObject\",\"inLanguage\":\"fr-FR\",\"@id\":\"https:\/\/www.yokler.com\/accueil-fr\/technologie\/#primaryimage\",\"url\":\"https:\/\/www.yokler.com\/wp-content\/uploads\/2018\/02\/logo-yokler-triporteur.png\",\"contentUrl\":\"https:\/\/www.yokler.com\/wp-content\/uploads\/2018\/02\/logo-yokler-triporteur.png\"},{\"@type\":\"BreadcrumbList\",\"@id\":\"https:\/\/www.yokler.com\/accueil-fr\/technologie\/#breadcrumb\",\"itemListElement\":[{\"@type\":\"ListItem\",\"position\":1,\"name\":\"Accueil\",\"item\":\"https:\/\/www.yokler.com\/accueil-fr\/\"},{\"@type\":\"ListItem\",\"position\":2,\"name\":\"technologie\"}]},{\"@type\":\"WebSite\",\"@id\":\"https:\/\/www.yokler.com\/accueil-fr\/de\/#website\",\"url\":\"https:\/\/www.yokler.com\/accueil-fr\/de\/\",\"name\":\"Triporteur professionnel \u00e0 assistance \u00e9lectrique, par Yokler !\",\"description\":\"Triporteur \u00e9lectrique professionnel made in France\",\"publisher\":{\"@id\":\"https:\/\/www.yokler.com\/accueil-fr\/de\/#organization\"},\"potentialAction\":[{\"@type\":\"SearchAction\",\"target\":{\"@type\":\"EntryPoint\",\"urlTemplate\":\"https:\/\/www.yokler.com\/accueil-fr\/de\/?s={search_term_string}\"},\"query-input\":{\"@type\":\"PropertyValueSpecification\",\"valueRequired\":true,\"valueName\":\"search_term_string\"}}],\"inLanguage\":\"fr-FR\"},{\"@type\":\"Organization\",\"@id\":\"https:\/\/www.yokler.com\/accueil-fr\/de\/#organization\",\"name\":\"Yokler\",\"url\":\"https:\/\/www.yokler.com\/accueil-fr\/de\/\",\"logo\":{\"@type\":\"ImageObject\",\"inLanguage\":\"fr-FR\",\"@id\":\"https:\/\/www.yokler.com\/accueil-fr\/de\/#\/schema\/logo\/image\/\",\"url\":\"https:\/\/www.yokler.com\/wp-content\/uploads\/2021\/10\/logo-yokler-triporteur.png\",\"contentUrl\":\"https:\/\/www.yokler.com\/wp-content\/uploads\/2021\/10\/logo-yokler-triporteur.png\",\"width\":671,\"height\":210,\"caption\":\"Yokler\"},\"image\":{\"@id\":\"https:\/\/www.yokler.com\/accueil-fr\/de\/#\/schema\/logo\/image\/\"}}]}<\/script>\n<!-- \/ Yoast SEO plugin. -->","yoast_head_json":{"title":"Les cargobikes professionnels les plus robustes du march\u00e9 | Yokler","description":"Gr\u00e2ce \u00e0 une conception combinant moto et v\u00e9lo et une technologie de carrosserie exclusive, les triporteurs Yokler garantisse robustesse et confort","robots":{"index":"index","follow":"follow","max-snippet":"max-snippet:-1","max-image-preview":"max-image-preview:large","max-video-preview":"max-video-preview:-1"},"canonical":"https:\/\/www.yokler.com\/accueil-fr\/technologie\/","og_locale":"fr_FR","og_type":"article","og_title":"Les cargobikes professionnels les plus robustes du march\u00e9 | Yokler","og_description":"Gr\u00e2ce \u00e0 une conception combinant moto et v\u00e9lo et une technologie de carrosserie exclusive, les triporteurs Yokler garantisse robustesse et confort","og_url":"https:\/\/www.yokler.com\/accueil-fr\/technologie\/","og_site_name":"Triporteur professionnel \u00e0 assistance \u00e9lectrique, par Yokler !","article_modified_time":"2023-06-21T16:49:34+00:00","og_image":[{"url":"https:\/\/www.yokler.com\/wp-content\/uploads\/2018\/02\/logo-yokler-triporteur.png","type":"","width":"","height":""}],"twitter_card":"summary_large_image","twitter_misc":{"Dur\u00e9e de lecture estim\u00e9e":"5 minutes"},"schema":{"@context":"https:\/\/schema.org","@graph":[{"@type":"WebPage","@id":"https:\/\/www.yokler.com\/accueil-fr\/technologie\/","url":"https:\/\/www.yokler.com\/accueil-fr\/technologie\/","name":"Les cargobikes professionnels les plus robustes du march\u00e9 | Yokler","isPartOf":{"@id":"https:\/\/www.yokler.com\/accueil-fr\/de\/#website"},"primaryImageOfPage":{"@id":"https:\/\/www.yokler.com\/accueil-fr\/technologie\/#primaryimage"},"image":{"@id":"https:\/\/www.yokler.com\/accueil-fr\/technologie\/#primaryimage"},"thumbnailUrl":"https:\/\/www.yokler.com\/wp-content\/uploads\/2018\/02\/logo-yokler-triporteur.png","datePublished":"2021-10-19T17:18:26+00:00","dateModified":"2023-06-21T16:49:34+00:00","description":"Gr\u00e2ce \u00e0 une conception combinant moto et v\u00e9lo et une technologie de carrosserie exclusive, les triporteurs Yokler garantisse robustesse et confort","breadcrumb":{"@id":"https:\/\/www.yokler.com\/accueil-fr\/technologie\/#breadcrumb"},"inLanguage":"fr-FR","potentialAction":[{"@type":"ReadAction","target":["https:\/\/www.yokler.com\/accueil-fr\/technologie\/"]}]},{"@type":"ImageObject","inLanguage":"fr-FR","@id":"https:\/\/www.yokler.com\/accueil-fr\/technologie\/#primaryimage","url":"https:\/\/www.yokler.com\/wp-content\/uploads\/2018\/02\/logo-yokler-triporteur.png","contentUrl":"https:\/\/www.yokler.com\/wp-content\/uploads\/2018\/02\/logo-yokler-triporteur.png"},{"@type":"BreadcrumbList","@id":"https:\/\/www.yokler.com\/accueil-fr\/technologie\/#breadcrumb","itemListElement":[{"@type":"ListItem","position":1,"name":"Accueil","item":"https:\/\/www.yokler.com\/accueil-fr\/"},{"@type":"ListItem","position":2,"name":"technologie"}]},{"@type":"WebSite","@id":"https:\/\/www.yokler.com\/accueil-fr\/de\/#website","url":"https:\/\/www.yokler.com\/accueil-fr\/de\/","name":"Triporteur professionnel \u00e0 assistance \u00e9lectrique, par Yokler !","description":"Triporteur \u00e9lectrique professionnel made in France","publisher":{"@id":"https:\/\/www.yokler.com\/accueil-fr\/de\/#organization"},"potentialAction":[{"@type":"SearchAction","target":{"@type":"EntryPoint","urlTemplate":"https:\/\/www.yokler.com\/accueil-fr\/de\/?s={search_term_string}"},"query-input":{"@type":"PropertyValueSpecification","valueRequired":true,"valueName":"search_term_string"}}],"inLanguage":"fr-FR"},{"@type":"Organization","@id":"https:\/\/www.yokler.com\/accueil-fr\/de\/#organization","name":"Yokler","url":"https:\/\/www.yokler.com\/accueil-fr\/de\/","logo":{"@type":"ImageObject","inLanguage":"fr-FR","@id":"https:\/\/www.yokler.com\/accueil-fr\/de\/#\/schema\/logo\/image\/","url":"https:\/\/www.yokler.com\/wp-content\/uploads\/2021\/10\/logo-yokler-triporteur.png","contentUrl":"https:\/\/www.yokler.com\/wp-content\/uploads\/2021\/10\/logo-yokler-triporteur.png","width":671,"height":210,"caption":"Yokler"},"image":{"@id":"https:\/\/www.yokler.com\/accueil-fr\/de\/#\/schema\/logo\/image\/"}}]}},"_links":{"self":[{"href":"https:\/\/www.yokler.com\/accueil-fr\/wp-json\/wp\/v2\/pages\/9177","targetHints":{"allow":["GET"]}}],"collection":[{"href":"https:\/\/www.yokler.com\/accueil-fr\/wp-json\/wp\/v2\/pages"}],"about":[{"href":"https:\/\/www.yokler.com\/accueil-fr\/wp-json\/wp\/v2\/types\/page"}],"author":[{"embeddable":true,"href":"https:\/\/www.yokler.com\/accueil-fr\/wp-json\/wp\/v2\/users\/1"}],"replies":[{"embeddable":true,"href":"https:\/\/www.yokler.com\/accueil-fr\/wp-json\/wp\/v2\/comments?post=9177"}],"version-history":[{"count":26,"href":"https:\/\/www.yokler.com\/accueil-fr\/wp-json\/wp\/v2\/pages\/9177\/revisions"}],"predecessor-version":[{"id":9222,"href":"https:\/\/www.yokler.com\/accueil-fr\/wp-json\/wp\/v2\/pages\/9177\/revisions\/9222"}],"wp:attachment":[{"href":"https:\/\/www.yokler.com\/accueil-fr\/wp-json\/wp\/v2\/media?parent=9177"}],"curies":[{"name":"wp","href":"https:\/\/api.w.org\/{rel}","templated":true}]}}