{"id":8955,"date":"2021-10-25T18:48:12","date_gmt":"2021-10-25T16:48:12","guid":{"rendered":"https:\/\/www.yokler.com\/accueil-fr\/?page_id=8955"},"modified":"2024-02-21T13:06:09","modified_gmt":"2024-02-21T12:06:09","slug":"solution-boulangeries-fr","status":"publish","type":"page","link":"https:\/\/www.yokler.com\/accueil-fr\/solution-boulangeries-fr\/","title":{"rendered":"Solution boulangeries &#8211; fr"},"content":{"rendered":"<div id=\"cs-content\" class=\"cs-content\"><div class=\"x-section e8955-e1 m6wr-0 m6wr-1 m6wr-2\" style=\"border-bottom:solid #a7aeb5 1px;\"><div class=\"x-container max width e8955-e2 m6wr-8\"><div class=\"x-column x-sm x-1-2 e8955-e3 m6wr-a m6wr-b\"><div class=\"x-text x-text-headline e8955-e4 m6wr-f m6wr-g h-responsive\"><div class=\"x-text-content\"><div class=\"x-text-content-text\"><h1 class=\"x-text-content-text-primary\">La camionnette au garage : quand les boulangers livrent en triporteur !<\/h1>\n<\/div><\/div><\/div><div class=\"x-text x-content e8955-e5 m6wr-i m6wr-j m6wr-k\"><p>Commerce de proximit\u00e9 par excellence, les boulangeries et\u00a0patisseries ont tout \u00e0 gagner \u00e0 jouer la carte du triporteur pour leur livraison.<\/p>\n<p>De nombreuses enseignes \u00e0 Paris, Lyon Troyes, Toulouse ont d\u00e9j\u00e0 franchi le cap, pour le plus grand plaisir de leurs clients !<\/p><\/div><\/div><div class=\"x-column x-sm x-1-2 e8955-e6 m6wr-a m6wr-c\"><span class=\"x-image e8955-e7 m6wr-n\"><img decoding=\"async\" data-src=\"https:\/\/www.yokler.com\/wp-content\/uploads\/2021\/07\/Legaychoc.jpg\" width=\"500\" height=\"500\" alt=\"Image\" src=\"data:image\/svg+xml;base64,PHN2ZyB3aWR0aD0iMSIgaGVpZ2h0PSIxIiB4bWxucz0iaHR0cDovL3d3dy53My5vcmcvMjAwMC9zdmciPjwvc3ZnPg==\" class=\"lazyload\" style=\"--smush-placeholder-width: 500px; --smush-placeholder-aspect-ratio: 500\/500;\"><\/span><\/div><\/div><\/div><div class=\"x-section e8955-e8 m6wr-0 m6wr-3 m6wr-4\"><div class=\"x-container max width e8955-e9 m6wr-8\"><div class=\"x-column x-sm x-1-1 e8955-e10 m6wr-a m6wr-c\"><div class=\"x-text x-text-headline e8955-e11 m6wr-g m6wr-h h-responsive\"><div class=\"x-text-content\"><div class=\"x-text-content-text\"><h2 class=\"x-text-content-text-primary\">Pourquoi les boulangeries livrent en triporteur ?<\/h2>\n<\/div><\/div><\/div><\/div><\/div><div class=\"x-container max width e8955-e12 m6wr-8\"><div class=\"x-column x-sm x-1-1 e8955-e13 m6wr-a m6wr-c m6wr-d\"><hr class=\"x-line e8955-e14 m6wr-p\"\/><div class=\"x-text x-content e8955-e15 m6wr-j m6wr-k m6wr-l\"><p>Au coeur des M\u00e9tropoles, <strong>les boulangeries touchent une client\u00e8le de proximit\u00e9.<\/strong><\/p>\n<p>Avec les difficult\u00e9s de circulation en centre-ville, de nombreux boulangers ont des difficult\u00e9s \u00e0 stationner leur camionnette devant leur magasin ou les \u00e9tablissements qu'ils livrent : restaurants, h\u00f4tels, etc.<\/p>\n<p>Avec un triporteur, finis les probl\u00e8mes :<\/p>\n<p>Gr\u00e2ce \u00e0 son format ultra compact, le boulanger peut garer son cargobike devant sa boutique entre deux livraisons<\/p>\n<p>Le grand coffre de 1m3 permet de charger un grand nombre d'articles, jusqu'\u00e0 une centaine de baguettes sans aucun probl\u00e8me.<\/p>\n<p>La trappe de ventilation permet de conserver le pain croustillant, m\u00eame s'il est encore chaud quand il est charg\u00e9 dans le coffre du cargobike.<\/p><\/div><hr class=\"x-line e8955-e16 m6wr-p\"\/><a class=\"x-image e8955-e17 m6wr-n\" href=\"https:\/\/www.yokler.com\/accueil-fr\/acheter-triporteur-utilitaire-electrique-yokler-u\/\"><img decoding=\"async\" data-src=\"https:\/\/www.yokler.com\/wp-content\/uploads\/2021\/10\/triporteur-boulangerie.jpg\" width=\"800\" height=\"542\" alt=\"livraison en triporteur\" src=\"data:image\/svg+xml;base64,PHN2ZyB3aWR0aD0iMSIgaGVpZ2h0PSIxIiB4bWxucz0iaHR0cDovL3d3dy53My5vcmcvMjAwMC9zdmciPjwvc3ZnPg==\" class=\"lazyload\" style=\"--smush-placeholder-width: 800px; --smush-placeholder-aspect-ratio: 800\/542;\"><\/a><\/div><\/div><\/div><div class=\"x-section e8955-e18 m6wr-0 m6wr-1 m6wr-4\"><div class=\"x-row x-container max width e8955-e19 m6wr-q m6wr-r m6wr-s\"><div class=\"x-row-inner\"><div class=\"x-col e8955-e20 m6wr-u\"><a class=\"x-image e8955-e21 m6wr-n\" href=\"https:\/\/www.yokler.com\/accueil-fr\/acheter-triporteur-utilitaire-electrique-yokler-u\/\"><img decoding=\"async\" data-src=\"https:\/\/www.yokler.com\/wp-content\/uploads\/2021\/12\/Transport-de-pain-triporteur.jpg\" width=\"2016\" height=\"1512\" alt=\"livraison en triporteur\" src=\"data:image\/svg+xml;base64,PHN2ZyB3aWR0aD0iMSIgaGVpZ2h0PSIxIiB4bWxucz0iaHR0cDovL3d3dy53My5vcmcvMjAwMC9zdmciPjwvc3ZnPg==\" class=\"lazyload\" style=\"--smush-placeholder-width: 2016px; --smush-placeholder-aspect-ratio: 2016\/1512;\"><\/a><\/div><div class=\"x-col e8955-e22 m6wr-u\"><a class=\"x-image e8955-e23 m6wr-n\" href=\"https:\/\/www.yokler.com\/accueil-fr\/acheter-triporteur-utilitaire-electrique-yokler-u\/\"><img decoding=\"async\" data-src=\"https:\/\/www.yokler.com\/wp-content\/uploads\/2021\/12\/Transport-de-pain-triporteur2-1.jpg\" width=\"1512\" height=\"1134\" alt=\"livraison en triporteur\" src=\"data:image\/svg+xml;base64,PHN2ZyB3aWR0aD0iMSIgaGVpZ2h0PSIxIiB4bWxucz0iaHR0cDovL3d3dy53My5vcmcvMjAwMC9zdmciPjwvc3ZnPg==\" class=\"lazyload\" style=\"--smush-placeholder-width: 1512px; --smush-placeholder-aspect-ratio: 1512\/1134;\"><\/a><\/div><\/div><\/div><\/div><div class=\"x-section e8955-e24 m6wr-0 m6wr-1 m6wr-4\"><div class=\"x-row x-container max width e8955-e25 m6wr-q m6wr-r m6wr-t\"><div class=\"x-row-inner\"><div class=\"x-col e8955-e26 m6wr-u\"><a class=\"x-image e8955-e27 m6wr-n\" href=\"https:\/\/www.yokler.com\/accueil-fr\/acheter-triporteur-utilitaire-electrique-yokler-u\/\"><img decoding=\"async\" data-src=\"https:\/\/www.yokler.com\/wp-content\/uploads\/2021\/12\/cargobike-triporteur-boulangerie.jpg\" width=\"2016\" height=\"1512\" alt=\"livraison en triporteur\" src=\"data:image\/svg+xml;base64,PHN2ZyB3aWR0aD0iMSIgaGVpZ2h0PSIxIiB4bWxucz0iaHR0cDovL3d3dy53My5vcmcvMjAwMC9zdmciPjwvc3ZnPg==\" class=\"lazyload\" style=\"--smush-placeholder-width: 2016px; --smush-placeholder-aspect-ratio: 2016\/1512;\"><\/a><\/div><div class=\"x-col e8955-e28 m6wr-u\"><a class=\"x-image e8955-e29 m6wr-n\" href=\"https:\/\/www.yokler.com\/accueil-fr\/acheter-triporteur-utilitaire-electrique-yokler-u\/\"><img decoding=\"async\" data-src=\"https:\/\/www.yokler.com\/wp-content\/uploads\/2021\/12\/Transport-de-pain-triporteur-Biscotte.jpg\" width=\"1512\" height=\"1134\" alt=\"livraison en triporteur\" src=\"data:image\/svg+xml;base64,PHN2ZyB3aWR0aD0iMSIgaGVpZ2h0PSIxIiB4bWxucz0iaHR0cDovL3d3dy53My5vcmcvMjAwMC9zdmciPjwvc3ZnPg==\" class=\"lazyload\" style=\"--smush-placeholder-width: 1512px; --smush-placeholder-aspect-ratio: 1512\/1134;\"><\/a><\/div><\/div><\/div><\/div><div class=\"x-section e8955-e30 m6wr-0 m6wr-1 m6wr-2\" style=\"border-bottom:solid #a7aeb5 1px;\"><div class=\"x-container max width e8955-e31 m6wr-8\"><div class=\"x-column x-sm x-1-1 e8955-e32 m6wr-a m6wr-b m6wr-d\"><div class=\"x-text x-text-headline e8955-e33 m6wr-f m6wr-g h-responsive\"><div class=\"x-text-content\"><div class=\"x-text-content-text\"><h2 class=\"x-text-content-text-primary\">Les 5 atouts d'un triporteur Yokler<\/h2>\n<\/div><\/div><\/div><div class=\"x-text x-content e8955-e34 m6wr-i m6wr-j m6wr-k\"><p style=\"text-align: center;\"><span style=\"font-weight: 400;\"><span style=\"font-weight: 400;\"><span style=\"font-weight: 400;\"><span style=\"font-weight: 400;\"><br \/>\n<\/span><\/span><\/span><\/span><span><span><span><span><strong style=\"font-weight: 400;\"><span>\ud83c\udf89<br \/>\n<\/span><\/strong><b>Un coffre immense<br \/>\n<\/b><\/span><span style=\"font-weight: 400;\">enti\u00e8rement am\u00e9nageable vous permet de stocker sans risque d'\u00e9crasement vos produits.<\/span><\/span><\/span><\/span><\/p>\n<p style=\"text-align: center;\"><span><strong style=\"font-weight: 400;\">\ud83c\udf89<br \/>\n<\/strong><b>Des possibilit\u00e9s d'am\u00e9nagement infinie<br \/>\n<\/b><span style=\"font-weight: 400;\">Etag\u00e8res, casiers, boxs isothermes, tout est possible<\/span><\/span><\/p>\n<p style=\"text-align: center;\"><span><strong style=\"font-weight: 400;\">\ud83c\udf89<br \/>\n<\/strong><b>La trappe de ventilation<br \/>\n<\/b><span style=\"font-weight: 400;\">pou garder le pain croustillant m\u00eame lorsqu'il est charg\u00e9 encore chaud<\/span><\/span><\/p>\n<p style=\"text-align: center;\"><span><strong style=\"font-weight: 400;\">\ud83c\udf89<br \/>\n<\/strong><b>Sans permis, ultra facile \u00e0 conduire<br \/>\n<\/b><span style=\"font-weight: 400;\">Tous vos collaborateurs pourront le conduire !<\/span><\/span><\/p>\n<p style=\"text-align: center;\"><strong style=\"font-weight: 400;\">\ud83c\udf89<br \/>\n<\/strong><b>Une superbe publicit\u00e9 pour votre entreprise<br \/>\n<\/b>Chaque livraison sera l'occasion de d\u00e9velopper votre visibilit\u00e9 et votre engagement \u00e9co-responsable.<span style=\"font-weight: 400;\"><strong><span><\/span><\/strong><\/span><\/p><\/div><hr class=\"x-line e8955-e35 m6wr-p\"\/><a class=\"x-image e8955-e36 m6wr-n\" href=\"https:\/\/www.yokler.com\/accueil-fr\/acheter-triporteur-utilitaire-electrique-yokler-u\/\"><img decoding=\"async\" data-src=\"https:\/\/www.yokler.com\/wp-content\/uploads\/2021\/10\/Capture-d\u2019\u00e9cran-2021-10-25-\u00e0-18.21.08.png\" width=\"930\" height=\"446\" alt=\"livraison en triporteur\" src=\"data:image\/svg+xml;base64,PHN2ZyB3aWR0aD0iMSIgaGVpZ2h0PSIxIiB4bWxucz0iaHR0cDovL3d3dy53My5vcmcvMjAwMC9zdmciPjwvc3ZnPg==\" class=\"lazyload\" style=\"--smush-placeholder-width: 930px; --smush-placeholder-aspect-ratio: 930\/446;\"><\/a><\/div><\/div><\/div><div class=\"x-section e8955-e37 m6wr-0 m6wr-1 m6wr-2\" style=\"border-bottom:solid #a7aeb5 1px;\"><div class=\"x-container max width e8955-e38 m6wr-8\"><div class=\"x-column x-sm x-1-1 e8955-e39 m6wr-a m6wr-b\"><a  class=\"x-creative-cta slide-top\" href=\"#\" style=\"padding: 25px 25px 25px 25px; color: #ffffff; background-color: #ff2a13;\" data-x-element=\"creative_cta\" data-x-params=\"{&quot;animation&quot;:&quot; slide-top&quot;,&quot;bg_color&quot;:&quot;#ff2a13&quot;,&quot;bg_color_hover&quot;:&quot;#d80f0f&quot;}\"><span class=\"text\" style=\"font-size: 36px;\">En savoir sur plus sur le Yokler  U<\/span><span class=\"graphic\"><i style=\"margin: 0; font-size: 48px;\" class=\"x-icon-lightbulb-o\" data-x-icon-s=\"&#xf0eb;\"><\/i><\/span><\/a><\/div><\/div><\/div><div class=\"x-section e8955-e41 m6wr-0 m6wr-1 m6wr-4\"><div class=\"x-container max width e8955-e42 m6wr-8\"><div class=\"x-column x-sm x-1-1 e8955-e43 m6wr-a m6wr-d m6wr-e\"><hr  class=\"x-gap\" style=\"margin: 50px 0 0 0;\"><div class=\"x-text x-text-headline e8955-e45 m6wr-f m6wr-g h-responsive\"><div class=\"x-text-content\"><div class=\"x-text-content-text\"><h2 class=\"x-text-content-text-primary\">Suivez Michel des boulangeries O Tao Bom en tourn\u00e9e !<\/h2>\n<\/div><\/div><\/div><div  class=\"x-video player with-container youtube\" data-x-element-mejs=\"{&quot;poster&quot;:&quot;&quot;}\"  data-x-video-options=''><div class=\"x-video-inner video\/youtube \"><video class=\"x-mejs has-stack-styles\" preload=\"none\"><source src=\"https:\/\/www.youtube.com\/watch?v=8no0KJy-cGo\" type=\"video\/youtube\"><\/video><\/div><\/div><hr  class=\"x-gap\" style=\"margin: 50px 0 0 0;\"><\/div><\/div><\/div><div class=\"x-section e8955-e48 m6wr-0 m6wr-1 m6wr-4 m6wr-5\"><div class=\"x-container max width e8955-e49 m6wr-8\"><div class=\"x-column x-sm x-1-1 e8955-e50 m6wr-a m6wr-d m6wr-e\"><div class=\"x-text x-content e8955-e51 m6wr-i m6wr-j m6wr-m\"><p style=\"text-align: center;\"><b>Vous souhaitez d\u00e9couvrir et tester notre Yokler U ? Prenez contact avec nos \u00e9quipes d\u00e8s aujourd'hui par mail ou par t\u00e9l\u00e9phone au 01<span>\u00a084 60 25 70.<br \/>\n<br \/>\n<\/span><\/b><\/p><\/div><a  class=\"x-btn x-btn-large\" style=\"background-color:#fff;color:#f41e43;\" href=\"#\" title=\"https:\/\/www.yokler.com\/accueil-fr\/fabricant-triporteur-livraison\/\" target=\"_blank\" rel=\"noopener noreferrer\"   data-options=\"thumbnail: ''\">Contactez-nous<\/a><\/div><\/div><\/div><div class=\"x-section e8955-e53 m6wr-0 m6wr-1 m6wr-6\"><div class=\"x-container max width e8955-e54 m6wr-8 m6wr-9\"><div class=\"x-column x-sm x-1-3 e8955-e55 m6wr-a m6wr-c\"><i  class=\"x-icon x-icon-credit-card-alt\" style=\"text-align: center; color: #f41e43; font-size: 60px;\" data-x-icon-s=\"&#xf09d;\" aria-hidden=\"true\"><\/i><div class=\"x-text x-content e8955-e57 m6wr-j m6wr-k m6wr-l\"><p><strong>Paiement <br \/>s\u00e9curis\u00e9<\/strong><\/p><p>Vos paiements en ligne sont s\u00e9curis\u00e9s par notre partenaire bancaire.<\/p><\/div><\/div><div class=\"x-column x-sm x-1-3 e8955-e58 m6wr-a m6wr-c m6wr-d\"><i  class=\"x-icon x-icon-ship\" style=\"text-align: center; color: #f41e43; font-size: 60px;\" data-x-icon-s=\"&#xf21a;\" aria-hidden=\"true\"><\/i><div class=\"x-text x-content e8955-e60 m6wr-j m6wr-k m6wr-l\"><p><strong>Livraison dans <br \/>le monde entier<\/strong><\/p><p>Nous livrons votre triporteur sur tous les continents.<\/p><\/div><\/div><div class=\"x-column x-sm x-1-3 e8955-e61 m6wr-a m6wr-c m6wr-d\"><i  class=\"x-icon x-icon-smile-o\" style=\"text-align: center; color: #f41e43; font-size: 60px;\" data-x-icon-s=\"&#xf118;\" aria-hidden=\"true\"><\/i><div class=\"x-text x-content e8955-e63 m6wr-j m6wr-k m6wr-l\"><p><strong>Garantie constructeur<br \/>\n2\u00a0ans pi\u00e8ces et main d'oeuvre<br \/>\n(<a href=\"https:\/\/www.yokler.com\/accueil-fr\/garantie\/\">+ d'infos<\/a>)<\/strong><\/p>\n<p><span>Tous nos triporteurs b\u00e9n\u00e9ficient du label de qualit\u00e9 Made in France.<\/span><\/p><\/div><\/div><\/div><\/div><div class=\"x-section e8955-e64 m6wr-0 m6wr-2 m6wr-7\"><div class=\"x-container max width e8955-e65 m6wr-8\"><div class=\"x-column x-sm x-1-1 e8955-e66 m6wr-a m6wr-c m6wr-d\"><a class=\"x-anchor x-anchor-button has-graphic e8955-e67 m6wr-v\" tabindex=\"0\" href=\"https:\/\/www.facebook.com\/YoklerMobility\/\"><div class=\"x-anchor-content\"><span class=\"x-graphic\" aria-hidden=\"true\"><i class=\"x-icon x-graphic-child x-graphic-icon x-graphic-primary\" aria-hidden=\"true\" data-x-icon-b=\"&#xf09a;\"><\/i><\/span><\/div><\/a><a class=\"x-anchor x-anchor-button has-graphic e8955-e68 m6wr-v\" tabindex=\"0\" href=\"https:\/\/twitter.com\/yoklerMobility\"><div class=\"x-anchor-content\"><span class=\"x-graphic\" aria-hidden=\"true\"><i class=\"x-icon x-graphic-child x-graphic-icon x-graphic-primary\" aria-hidden=\"true\" data-x-icon-b=\"&#xf099;\"><\/i><\/span><\/div><\/a><a class=\"x-anchor x-anchor-button has-graphic e8955-e69 m6wr-v\" tabindex=\"0\" href=\"https:\/\/fr.linkedin.com\/company\/yokler\"><div class=\"x-anchor-content\"><span class=\"x-graphic\" aria-hidden=\"true\"><i class=\"x-icon x-graphic-child x-graphic-icon x-graphic-primary\" aria-hidden=\"true\" data-x-icon-b=\"&#xf08c;\"><\/i><\/span><\/div><\/a><a class=\"x-anchor x-anchor-button has-graphic e8955-e70 m6wr-v\" tabindex=\"0\" href=\"https:\/\/www.instagram.com\/yoklermobility\/\"><div class=\"x-anchor-content\"><span class=\"x-graphic\" aria-hidden=\"true\"><i class=\"x-icon x-graphic-child x-graphic-icon x-graphic-primary\" aria-hidden=\"true\" data-x-icon-b=\"&#xf16d;\"><\/i><\/span><\/div><\/a><\/div><\/div><\/div><div class=\"x-section e8955-e71 m6wr-0 m6wr-1 m6wr-4\"><div class=\"x-container max width e8955-e72 m6wr-8\"><div class=\"x-column x-sm x-1-1 e8955-e73 m6wr-a m6wr-c m6wr-d\"><span class=\"x-image e8955-e74 m6wr-n m6wr-o\"><img decoding=\"async\" data-src=\"https:\/\/www.yokler.com\/wp-content\/uploads\/2018\/02\/logo-yokler-triporteur.png\" width=\"335\" height=\"105\" alt=\"logo Yokler\" src=\"data:image\/svg+xml;base64,PHN2ZyB3aWR0aD0iMSIgaGVpZ2h0PSIxIiB4bWxucz0iaHR0cDovL3d3dy53My5vcmcvMjAwMC9zdmciPjwvc3ZnPg==\" class=\"lazyload\" style=\"--smush-placeholder-width: 335px; --smush-placeholder-aspect-ratio: 335\/105;\"><\/span><\/div><\/div><\/div><span data-x-element-responsive-text=\"{&quot;selector&quot;:&quot;.h-responsive&quot;,&quot;compression&quot;:&quot;1.0&quot;,&quot;minFontSize&quot;:&quot;20px&quot;,&quot;maxFontSize&quot;:&quot;40px&quot;}\" class=\"e8955-e75\"><\/span><\/div>\n","protected":false},"excerpt":{"rendered":"<p>La camionnette au garage : quand les boulangers livrent en triporteur ! Commerce de proximit\u00e9 par excellence, les boulangeries et\u00a0patisseries ont tout \u00e0 gagner \u00e0 jouer la carte du triporteur pour leur livraison. De nombreuses enseignes \u00e0 Paris, Lyon Troyes, Toulouse ont d\u00e9j\u00e0 franchi le cap, pour le plus grand plaisir de leurs clients !Pourquoi les boulangeries livrent en triporteur &#8230; <\/p>\n<div><a href=\"https:\/\/www.yokler.com\/accueil-fr\/solution-boulangeries-fr\/\" class=\"more-link\">Read More<\/a><\/div>\n","protected":false},"author":239,"featured_media":0,"parent":0,"menu_order":0,"comment_status":"closed","ping_status":"closed","template":"template-blank-4.php","meta":{"_acf_changed":false,"footnotes":""},"class_list":["post-8955","page","type-page","status-publish","hentry","no-post-thumbnail"],"acf":[],"yoast_head":"<!-- This site is optimized with the Yoast SEO plugin v27.1.1 - https:\/\/yoast.com\/product\/yoast-seo-wordpress\/ -->\n<title>Livraison de pain en triporteur : Des boulangeries le font avec Yokler !<\/title>\n<meta name=\"description\" content=\"Un triporteur Yokler remplace astucieusement la traditionnelle camionnette d&#039;une boulangerie. Nos cargobikes cumulent toutes les avantages du v\u00e9lo !\" \/>\n<meta name=\"robots\" content=\"index, follow, max-snippet:-1, max-image-preview:large, max-video-preview:-1\" \/>\n<link rel=\"canonical\" href=\"https:\/\/www.yokler.com\/accueil-fr\/solution-boulangeries-fr\/\" \/>\n<meta property=\"og:locale\" content=\"fr_FR\" \/>\n<meta property=\"og:type\" content=\"article\" \/>\n<meta property=\"og:title\" content=\"Livraison de pain en triporteur : Des boulangeries le font avec Yokler !\" \/>\n<meta property=\"og:description\" content=\"Un triporteur Yokler remplace astucieusement la traditionnelle camionnette d&#039;une boulangerie. Nos cargobikes cumulent toutes les avantages du v\u00e9lo !\" \/>\n<meta property=\"og:url\" content=\"https:\/\/www.yokler.com\/accueil-fr\/solution-boulangeries-fr\/\" \/>\n<meta property=\"og:site_name\" content=\"Triporteur professionnel \u00e0 assistance \u00e9lectrique, par Yokler !\" \/>\n<meta property=\"article:modified_time\" content=\"2024-02-21T12:06:09+00:00\" \/>\n<meta name=\"twitter:card\" content=\"summary_large_image\" \/>\n<meta name=\"twitter:label1\" content=\"Dur\u00e9e de lecture estim\u00e9e\" \/>\n\t<meta name=\"twitter:data1\" content=\"5 minutes\" \/>\n<script type=\"application\/ld+json\" class=\"yoast-schema-graph\">{\"@context\":\"https:\/\/schema.org\",\"@graph\":[{\"@type\":\"WebPage\",\"@id\":\"https:\/\/www.yokler.com\/accueil-fr\/solution-boulangeries-fr\/\",\"url\":\"https:\/\/www.yokler.com\/accueil-fr\/solution-boulangeries-fr\/\",\"name\":\"Livraison de pain en triporteur : Des boulangeries le font avec Yokler !\",\"isPartOf\":{\"@id\":\"https:\/\/www.yokler.com\/accueil-fr\/de\/#website\"},\"datePublished\":\"2021-10-25T16:48:12+00:00\",\"dateModified\":\"2024-02-21T12:06:09+00:00\",\"description\":\"Un triporteur Yokler remplace astucieusement la traditionnelle camionnette d'une boulangerie. Nos cargobikes cumulent toutes les avantages du v\u00e9lo !\",\"breadcrumb\":{\"@id\":\"https:\/\/www.yokler.com\/accueil-fr\/solution-boulangeries-fr\/#breadcrumb\"},\"inLanguage\":\"fr-FR\",\"potentialAction\":[{\"@type\":\"ReadAction\",\"target\":[\"https:\/\/www.yokler.com\/accueil-fr\/solution-boulangeries-fr\/\"]}]},{\"@type\":\"BreadcrumbList\",\"@id\":\"https:\/\/www.yokler.com\/accueil-fr\/solution-boulangeries-fr\/#breadcrumb\",\"itemListElement\":[{\"@type\":\"ListItem\",\"position\":1,\"name\":\"Accueil\",\"item\":\"https:\/\/www.yokler.com\/accueil-fr\/\"},{\"@type\":\"ListItem\",\"position\":2,\"name\":\"Solution boulangeries &#8211; fr\"}]},{\"@type\":\"WebSite\",\"@id\":\"https:\/\/www.yokler.com\/accueil-fr\/de\/#website\",\"url\":\"https:\/\/www.yokler.com\/accueil-fr\/de\/\",\"name\":\"Triporteur professionnel \u00e0 assistance \u00e9lectrique, par Yokler !\",\"description\":\"Triporteur \u00e9lectrique professionnel made in France\",\"publisher\":{\"@id\":\"https:\/\/www.yokler.com\/accueil-fr\/de\/#organization\"},\"potentialAction\":[{\"@type\":\"SearchAction\",\"target\":{\"@type\":\"EntryPoint\",\"urlTemplate\":\"https:\/\/www.yokler.com\/accueil-fr\/de\/?s={search_term_string}\"},\"query-input\":{\"@type\":\"PropertyValueSpecification\",\"valueRequired\":true,\"valueName\":\"search_term_string\"}}],\"inLanguage\":\"fr-FR\"},{\"@type\":\"Organization\",\"@id\":\"https:\/\/www.yokler.com\/accueil-fr\/de\/#organization\",\"name\":\"Yokler\",\"url\":\"https:\/\/www.yokler.com\/accueil-fr\/de\/\",\"logo\":{\"@type\":\"ImageObject\",\"inLanguage\":\"fr-FR\",\"@id\":\"https:\/\/www.yokler.com\/accueil-fr\/de\/#\/schema\/logo\/image\/\",\"url\":\"https:\/\/www.yokler.com\/wp-content\/uploads\/2021\/10\/logo-yokler-triporteur.png\",\"contentUrl\":\"https:\/\/www.yokler.com\/wp-content\/uploads\/2021\/10\/logo-yokler-triporteur.png\",\"width\":671,\"height\":210,\"caption\":\"Yokler\"},\"image\":{\"@id\":\"https:\/\/www.yokler.com\/accueil-fr\/de\/#\/schema\/logo\/image\/\"}}]}<\/script>\n<!-- \/ Yoast SEO plugin. -->","yoast_head_json":{"title":"Livraison de pain en triporteur : Des boulangeries le font avec Yokler !","description":"Un triporteur Yokler remplace astucieusement la traditionnelle camionnette d'une boulangerie. Nos cargobikes cumulent toutes les avantages du v\u00e9lo !","robots":{"index":"index","follow":"follow","max-snippet":"max-snippet:-1","max-image-preview":"max-image-preview:large","max-video-preview":"max-video-preview:-1"},"canonical":"https:\/\/www.yokler.com\/accueil-fr\/solution-boulangeries-fr\/","og_locale":"fr_FR","og_type":"article","og_title":"Livraison de pain en triporteur : Des boulangeries le font avec Yokler !","og_description":"Un triporteur Yokler remplace astucieusement la traditionnelle camionnette d'une boulangerie. Nos cargobikes cumulent toutes les avantages du v\u00e9lo !","og_url":"https:\/\/www.yokler.com\/accueil-fr\/solution-boulangeries-fr\/","og_site_name":"Triporteur professionnel \u00e0 assistance \u00e9lectrique, par Yokler !","article_modified_time":"2024-02-21T12:06:09+00:00","twitter_card":"summary_large_image","twitter_misc":{"Dur\u00e9e de lecture estim\u00e9e":"5 minutes"},"schema":{"@context":"https:\/\/schema.org","@graph":[{"@type":"WebPage","@id":"https:\/\/www.yokler.com\/accueil-fr\/solution-boulangeries-fr\/","url":"https:\/\/www.yokler.com\/accueil-fr\/solution-boulangeries-fr\/","name":"Livraison de pain en triporteur : Des boulangeries le font avec Yokler !","isPartOf":{"@id":"https:\/\/www.yokler.com\/accueil-fr\/de\/#website"},"datePublished":"2021-10-25T16:48:12+00:00","dateModified":"2024-02-21T12:06:09+00:00","description":"Un triporteur Yokler remplace astucieusement la traditionnelle camionnette d'une boulangerie. Nos cargobikes cumulent toutes les avantages du v\u00e9lo !","breadcrumb":{"@id":"https:\/\/www.yokler.com\/accueil-fr\/solution-boulangeries-fr\/#breadcrumb"},"inLanguage":"fr-FR","potentialAction":[{"@type":"ReadAction","target":["https:\/\/www.yokler.com\/accueil-fr\/solution-boulangeries-fr\/"]}]},{"@type":"BreadcrumbList","@id":"https:\/\/www.yokler.com\/accueil-fr\/solution-boulangeries-fr\/#breadcrumb","itemListElement":[{"@type":"ListItem","position":1,"name":"Accueil","item":"https:\/\/www.yokler.com\/accueil-fr\/"},{"@type":"ListItem","position":2,"name":"Solution boulangeries &#8211; fr"}]},{"@type":"WebSite","@id":"https:\/\/www.yokler.com\/accueil-fr\/de\/#website","url":"https:\/\/www.yokler.com\/accueil-fr\/de\/","name":"Triporteur professionnel \u00e0 assistance \u00e9lectrique, par Yokler !","description":"Triporteur \u00e9lectrique professionnel made in France","publisher":{"@id":"https:\/\/www.yokler.com\/accueil-fr\/de\/#organization"},"potentialAction":[{"@type":"SearchAction","target":{"@type":"EntryPoint","urlTemplate":"https:\/\/www.yokler.com\/accueil-fr\/de\/?s={search_term_string}"},"query-input":{"@type":"PropertyValueSpecification","valueRequired":true,"valueName":"search_term_string"}}],"inLanguage":"fr-FR"},{"@type":"Organization","@id":"https:\/\/www.yokler.com\/accueil-fr\/de\/#organization","name":"Yokler","url":"https:\/\/www.yokler.com\/accueil-fr\/de\/","logo":{"@type":"ImageObject","inLanguage":"fr-FR","@id":"https:\/\/www.yokler.com\/accueil-fr\/de\/#\/schema\/logo\/image\/","url":"https:\/\/www.yokler.com\/wp-content\/uploads\/2021\/10\/logo-yokler-triporteur.png","contentUrl":"https:\/\/www.yokler.com\/wp-content\/uploads\/2021\/10\/logo-yokler-triporteur.png","width":671,"height":210,"caption":"Yokler"},"image":{"@id":"https:\/\/www.yokler.com\/accueil-fr\/de\/#\/schema\/logo\/image\/"}}]}},"_links":{"self":[{"href":"https:\/\/www.yokler.com\/accueil-fr\/wp-json\/wp\/v2\/pages\/8955","targetHints":{"allow":["GET"]}}],"collection":[{"href":"https:\/\/www.yokler.com\/accueil-fr\/wp-json\/wp\/v2\/pages"}],"about":[{"href":"https:\/\/www.yokler.com\/accueil-fr\/wp-json\/wp\/v2\/types\/page"}],"author":[{"embeddable":true,"href":"https:\/\/www.yokler.com\/accueil-fr\/wp-json\/wp\/v2\/users\/239"}],"replies":[{"embeddable":true,"href":"https:\/\/www.yokler.com\/accueil-fr\/wp-json\/wp\/v2\/comments?post=8955"}],"version-history":[{"count":21,"href":"https:\/\/www.yokler.com\/accueil-fr\/wp-json\/wp\/v2\/pages\/8955\/revisions"}],"predecessor-version":[{"id":12980,"href":"https:\/\/www.yokler.com\/accueil-fr\/wp-json\/wp\/v2\/pages\/8955\/revisions\/12980"}],"wp:attachment":[{"href":"https:\/\/www.yokler.com\/accueil-fr\/wp-json\/wp\/v2\/media?parent=8955"}],"curies":[{"name":"wp","href":"https:\/\/api.w.org\/{rel}","templated":true}]}}