{"id":746,"date":"2018-03-05T12:02:07","date_gmt":"2018-03-05T11:02:07","guid":{"rendered":"https:\/\/www.yokler.com?page_id=746"},"modified":"2025-09-05T21:18:30","modified_gmt":"2025-09-05T19:18:30","slug":"mentions-legales","status":"publish","type":"page","link":"https:\/\/www.yokler.com\/accueil-fr\/mentions-legales\/","title":{"rendered":"Mentions l\u00e9gales &#8211; fr"},"content":{"rendered":"<div id=\"cs-content\" class=\"cs-content\"><div class=\"x-section e746-e1 mkq-0 mkq-1\"><div class=\"x-container max width e746-e2 mkq-7\"><div class=\"x-column x-sm x-1-1 e746-e3 mkq-9 mkq-a\"><div class=\"x-text x-text-headline e746-e4 mkq-b h-responsive\"><div class=\"x-text-content\"><div class=\"x-text-content-text\"><h1 class=\"x-text-content-text-primary\">Mentions l\u00e9gales<\/h1>\n<\/div><\/div><\/div><\/div><\/div><\/div><div class=\"x-section e746-e5 mkq-0 mkq-2 mkq-3 mkq-4\"><div class=\"x-container max width e746-e6 mkq-7\"><div class=\"x-column x-sm x-1-1 e746-e7 mkq-9\"><div class=\"x-text x-content e746-e8 mkq-c\"><p>Nous vous remercions de votre visite sur le site www.yokler.com. Vous trouverez ci-dessous notre politique en mati\u00e8re de traitement de donn\u00e9es personnelles. Nous vous engageons vivement \u00e0 la lire, en visitant ce site vous acceptez les pratiques que nous d\u00e9taillons et vous adh\u00e9rez aux termes et conditions \u00e9nonc\u00e9es ci-apr\u00e8s.<\/p>\n<p>Le site www.yokler.com est destin\u00e9 \u00e0 l\u2019information personnelle des internautes qui l\u2019utilisent.<\/p>\n\n<h2 class=\"h-responsive\">Informations g\u00e9n\u00e9rales<\/h2>\n<p>Ce site est propri\u00e9t\u00e9 de CYCLOPOLITAIN SAS au capital de 66 930 euros<\/p>\n<p>Si\u00e8ge social :70 avenue de Bohlen 69120 Vaulx en Velin France<\/p>\n<p>Siret : 44844125300060<\/p>\n<p>Directeur de publication du site : G\u00e9rald L\u00e9vy<\/p>\n<p>Ce site a \u00e9t\u00e9 cr\u00e9e par : CYCLOPOLITAIN SAS.<br \/>\nCe site est maintenu par : CYCLOPOLITAIN SAS<br \/>\nCe site est h\u00e9berg\u00e9 par : IONOS<\/p>\n<p>Contact : T\u00e9l : <span>04 83 43 33 17\u00a0<\/span> Copyright : Yokler 2025<\/p>\n<p>Ce site est declare \u00e0 la CNIL et porte le numero d\u2019autorisation suivant : 1034407.<\/p>\n\n<h2 class=\"h-responsive\">Droits de propriete intellectuelle<\/h2>\n<p>Yokler avise les utilisateurs de ce site que de nombreux \u00e9l\u00e9ments de ce site : a) sont prot\u00e9g\u00e9s par la l\u00e9gislation sur le droit d\u2019auteur : ce peut \u00eatre notamment le cas des photographies, des articles, des dessins, des s\u00e9quences anim\u00e9es,\u2026 ; b) et\/ou sont prot\u00e9g\u00e9s par la l\u00e9gislation sur les dessins et mod\u00e8les ; c) sont prot\u00e9g\u00e9s par la l\u00e9gislation sur les marques. Les \u00e9l\u00e9ments ainsi prot\u00e9g\u00e9s sont la propri\u00e9t\u00e9 de Yokler ou de tiers ayant autoris\u00e9 Yokler \u00e0 les exploiter. Ce site utilise des \u00e9l\u00e9ments visuels provenant de documents internes \u00e0 Yokler. A ce titre, toute reproduction, repr\u00e9sentation, utilisation, adaptation, modification, incorporation, traduction, commercialisation, partielles ou int\u00e9grales par quelque proc\u00e9d\u00e9 et sur quelque support que ce soit (papier, num\u00e9rique, \u2026) sont interdites, sans l\u2019autorisation \u00e9crite pr\u00e9alable de Yokler, hormis les exceptions vis\u00e9es \u00e0 l\u2019article L 122.5 du Code de la Propri\u00e9t\u00e9 Intellectuelle, sous peine de constituer un d\u00e9lit de contrefa\u00e7on de droit d\u2019auteur et\/ou de dessins et mod\u00e8les et\/ou de marque, puni de deux ans d\u2019emprisonnement et de 150 000\u20ac d\u2019amende.<\/p>\n\n<h2 class=\"h-responsive\">Cr\u00e9dits photo<\/h2>\n<p>Yokler<\/p>\n\n<h2 class=\"h-responsive\">Droits d\u2019auteur et\/ou droits sur les dessins et mod\u00e8les<\/h2>\n<p>Le pr\u00e9sent site constitue une oeuvre dont Yokler est l\u2019auteur au sens des articles L. 111.1 et suivants du Code de la propri\u00e9te intellectuelle. Les photographies, textes, slogans, dessins, images, sequences anim\u00e9es sonores ou non ainsi que toutes les oeuvres int\u00e9gr\u00e9es dans le site sont la propri\u00e9t\u00e9 de Yokler ou de tiers ayant autoris\u00e9 Yokler \u00e0 les utiliser. Les reproductions, sur un support papier ou informatique, dudit site sont autoris\u00e9es sous r\u00e9serve qu\u2019elles soient strictement r\u00e9serv\u00e9es \u00e0 un usage personnel excluant tout usage \u00e0 des fins publicitaires et\/ou commercial et\/ou d\u2019information et\/ou qu\u2019elles soient conformes aux dispositions de l\u2019article L122-5 du Code de la Propri\u00e9t\u00e9 Intellectuelle.<\/p>\n\n<h2 class=\"h-responsive\">Informations relatives aux produits<\/h2>\n<p>Les informations et illustrations figurant sur les pages de ce site Internet sont bas\u00e9es sur les caract\u00e9ristiques techniques en cours au moment de la mise en ligne ou de la mise \u00e0 jour des diff\u00e9rentes pages du site. Dans le cadre d\u2019une politique d\u2019amelioration constante de ses produits et services, Yokler peut modifier \u00e0 tout moment les caract\u00e9ristiques de son offre. Les produits et\/ou services pr\u00e9sent\u00e9s sur ce site sont ceux distribu\u00e9s en France metropolitaine. Ils peuvent varier d\u2019un pays \u00e0 l\u2019autre ou ne pas \u00eatre disponibles dans tous les pays du monde. En tout \u00e9tat de cause, les informations contenues sur ce site sont des informations \u00e0 caract\u00e8re g\u00e9n\u00e9ral et n\u2019ont pas valeur contractuelle.<\/p>\n\n<h2 class=\"h-responsive\">Protection des donn\u00e9es personnelles<\/h2>\n<p>La consultation du site www.yokler.com est possible sans que vous ayez \u00e0 reveler votre identit\u00e9 ou toute autre information \u00e0 caract\u00e8re personnel vous concernant. La soci\u00e9t\u00e9 Yokler s\u2019engage \u00e0 respecter votre vie priv\u00e9e et \u00e0 prot\u00e9ger les informations que vous lui communiquez. En particulier, les donn\u00e9es personnelles collect\u00e9es sur le site Internet www.yokler.com. Elles sont confidentielles et trait\u00e9es comme telles. Concernant les informations \u00e0 caract\u00e8re nominatif que vous seriez amen\u00e9s \u00e0 nous communiquer, vous b\u00e9n\u00e9ficiez d\u2019un droit d\u2019acc\u00e8s et de rectification conform\u00e9ment \u00e0 la loi fran\u00e7aise Informatique et Libert\u00e9 n\u00b0 78-17 du 6 janvier 1978. Vous pouvez exercer ce droit aupr\u00e8s de Yokler \u2013 2 rue Sainte Marie des Terreaux \u2013 69001 LYON. La collecte de ces informations est n\u00e9cessaire pour r\u00e9epondre \u00e0 vos demandes d\u2019offres commerciales et vous adresser, le cas \u00e9ch\u00e9ant, une lettre d\u2019information \u00e9lectronique. Si vous \u00eates abonn\u00e9s \u00e0 des services d\u2019information par courrier \u00e9lectronique ( \u00ab newsletter \u00bb ) vous pouvez demander \u00e0 ne plus recevoir ces courriers. Nous vous signalons qu\u2019afin de vous proposer des produits et services toujours plus adapt\u00e9s, certaines informations \u00e0 caract\u00e8re non personnel, relatives \u00e0 votre activit\u00e9 sur ce site, seront automatiquement collect\u00e9es. Ces informations sont destin\u00e9es \u00e0 Yokler et pourront \u00e9galement \u00eatre utilis\u00e9es dans le cadre d\u2019op\u00e9rations commerciales ou de marketing ou servir de base \u00e0 des \u00e9tudes et analyses. Ces informations ne seront en aucun cas communiqu\u00e9es \u00e0 des tiers. Seul le personnel de Yokler ou celui des agences qui nous assistent pour la gestion de ces op\u00e9rations ont acc\u00e8s aux donn\u00e9es. Ces agences sont tenues de respecter la confidentialit\u00e9 des informations et de ne les utiliser que pour l\u2019op\u00e9ration bien pr\u00e9cise pour laquelle elles doivent intervenir.<\/p>\n\n<h2 class=\"h-responsive\">S\u00e9curit\u00e9<\/h2>\n<p>Nous prenons toutes les precautions utiles afin de pr\u00e9server l\u2019int\u00e9grit\u00e9 des donn\u00e9es, leur confidentialit\u00e9 et emp\u00eacher toute communication \u00e0 des tiers non autoris\u00e9s.<\/p>\n\n<h2 class=\"h-responsive\">Liens hypertextes<\/h2>\n<p>La mise en place d\u2019un lien hypertexte vers le site www.yokler.com ne n\u00e9cessite pas d\u2019autorisation pr\u00e9alable et \u00e9crite de Yokler. Neanmoins, Yokler doit en \u00eatre inform\u00e9 dans un delai maximum de 10 jours apr\u00e8s la mise en place du lien. En tout \u00e9tat de cause, Yokler n\u2019est en aucun cas tenu responsable du contenu ainsi que des produits ou services propos\u00e9s sur les sites auxquels le site www.yokler.com se trouverait li\u00e9 par des liens hypertextes ou tout autre type de lien.<\/p>\n\n<h2 class=\"h-responsive\">Droit applicable<\/h2>\n<p>Le site Internet www.yokler.com et les pr\u00e9sentes conditions g\u00e9n\u00e9rales sont soumises au droit fran\u00e7ais et sont r\u00e9dig\u00e9s en fran\u00e7ais. Pour tout litige, il est fait attribution exclusive de juridiction aux tribunaux comp\u00e9tents du ressort de Lyon. Yokler se r\u00e9serve le droit de modifier les pr\u00e9sentes mentions \u00e0 tout moment. L\u2019utilisateur s\u2019engage \u00e0 la consulter r\u00e9guli\u00e8rement.<\/p>\n\n<h2 class=\"h-responsive\">Limitation de responsabilit\u00e9<\/h2>\n<p>Vous utilisez le site www.yokler.com sous votre seule et enti\u00e8re responsabilit\u00e9. Yokler ne pourra \u00eatre tenu pour responsable des dommages directs ou indirects, tels que, notamment, pr\u00e9judice mat\u00e9riel, pertes de donn\u00e9es ou de programme, pr\u00e9judice financier, resultant de l\u2019utilisation de ce site ou de sites qui lui sont li\u00e9s.<\/p>\n\n<h2 class=\"h-responsive\">Mise \u00e0 jour<\/h2>\n<p>Yokler se r\u00e9serve le droit de modifier et de mettre \u00e0 jour, sans pr\u00e9avis, les pr\u00e9sentes mentions l\u00e9gales et tous les \u00e9l\u00e9ments, produits pr\u00e9sentes sur le site. L\u2019ensemble de ces modifications s\u2019impose aux internautes qui doivent consulter les pr\u00e9sentes Conditions G\u00e9n\u00e9rales lors de chaque connexion.<\/p>\n\n<h2 class=\"h-responsive\">Donn\u00e9es statistiques de suivi<\/h2>\n<p>Nous utilisons les donn\u00e9es de connexion pour nos statistiques de consultation (type de navigateur, nombre de visiteurs, rubriques visit\u00e9es\u2026) pour l\u2019optimisation de notre site en terme de rubriques et de navigation, mais ces informations ne sont pas transmises \u00e0 des tiers.<\/p>\n\n<h2 class=\"h-responsive\">La reproduction sur support papier<\/h2>\n<p>A l\u2019exception de l\u2019iconographie, la reproduction des pages de ce site sur un support papier est autoris\u00e9e, sous r\u00e9serve du respect des trois conditions suivantes : \u2013 gratuit\u00e9 de la diffusion, \u2013 respect de l\u2019int\u00e9grit\u00e9 des documents reproduits (aucune modification, ni alt\u00e9ration d\u2019aucune sorte) \u2013 citation explicite du site http:\/\/www.yokler.com comme source et mention que les droits de reproduction sont r\u00e9serv\u00e9s et strictement limit\u00e9s.<\/p>\n\n<h2 class=\"h-responsive\">La reproduction sur support \u00e9lectronique<\/h2>\n<p>La reproduction de tout ou partie de ce site sur un support \u00e9lectronique est autoris\u00e9e sous r\u00e9serve de l\u2019ajout de fa\u00e7on claire et lisible de la source (www.yokler.com ) et de la mention \u00ab Droits r\u00e9serv\u00e9s \u00bb. Les informations utilis\u00e9es ne doivent l\u2019\u00eatre qu\u2019\u00e0 des fins personnelles ou associatives, toute utilisation \u00e0 des fins professionnelles est interdite.<\/p><\/div><\/div><\/div><\/div><div class=\"x-section e746-e9 mkq-0 mkq-2 mkq-5\"><div class=\"x-container max width e746-e10 mkq-7 mkq-8\"><div class=\"x-column x-sm x-1-3 e746-e11 mkq-9\"><i  class=\"x-icon x-icon-credit-card-alt\" style=\"text-align: center; color: #f41e43; font-size: 60px;\" data-x-icon-s=\"&#xf09d;\" aria-hidden=\"true\"><\/i><div class=\"x-text x-content e746-e13 mkq-c\"><p><strong>Paiement <br \/>s\u00e9curis\u00e9<\/strong><\/p><p>Vos paiements en ligne sont s\u00e9curis\u00e9s par notre partenaire bancaire.<\/p><\/div><\/div><div class=\"x-column x-sm x-1-3 e746-e14 mkq-9 mkq-a\"><i  class=\"x-icon x-icon-ship\" style=\"text-align: center; color: #f41e43; font-size: 60px;\" data-x-icon-s=\"&#xf21a;\" aria-hidden=\"true\"><\/i><div class=\"x-text x-content e746-e16 mkq-c\"><p><strong>Livraison dans <br \/>le monde entier<\/strong><\/p><p>Nous livrons votre triporteur sur tous les continents.<\/p><\/div><\/div><div class=\"x-column x-sm x-1-3 e746-e17 mkq-9 mkq-a\"><i  class=\"x-icon x-icon-smile-o\" style=\"text-align: center; color: #f41e43; font-size: 60px;\" data-x-icon-s=\"&#xf118;\" aria-hidden=\"true\"><\/i><div class=\"x-text x-content e746-e19 mkq-c\"><p><strong>Garantie constructeur<br \/>\n2\u00a0ans pi\u00e8ces et main d'oeuvre<br \/>\n(<a href=\"https:\/\/www.yokler.com\/garantie-constructeur-triporteur\/\">+ d'infos<\/a>)<\/strong><\/p>\n<p><span>Tous nos triporteurs b\u00e9n\u00e9ficient du label de qualit\u00e9 Made in France.<\/span><\/p><\/div><\/div><\/div><\/div><div class=\"x-section e746-e20 mkq-0 mkq-6\"><div class=\"x-container max width e746-e21 mkq-7\"><div class=\"x-column x-sm x-1-1 e746-e22 mkq-9 mkq-a\"><a class=\"x-anchor x-anchor-button has-graphic e746-e23 mkq-d\" tabindex=\"0\" href=\"https:\/\/www.facebook.com\/YoklerMobility\/\"><div class=\"x-anchor-content\"><span class=\"x-graphic\" aria-hidden=\"true\"><i class=\"x-icon x-graphic-child x-graphic-icon x-graphic-primary\" aria-hidden=\"true\" data-x-icon-b=\"&#xf09a;\"><\/i><\/span><\/div><\/a><a class=\"x-anchor x-anchor-button has-graphic e746-e24 mkq-d\" tabindex=\"0\" href=\"https:\/\/twitter.com\/yoklerMobility\"><div class=\"x-anchor-content\"><span class=\"x-graphic\" aria-hidden=\"true\"><i class=\"x-icon x-graphic-child x-graphic-icon x-graphic-primary\" aria-hidden=\"true\" data-x-icon-b=\"&#xf099;\"><\/i><\/span><\/div><\/a><a class=\"x-anchor x-anchor-button has-graphic e746-e25 mkq-d\" tabindex=\"0\" href=\"https:\/\/fr.linkedin.com\/company\/yokler\"><div class=\"x-anchor-content\"><span class=\"x-graphic\" aria-hidden=\"true\"><i class=\"x-icon x-graphic-child x-graphic-icon x-graphic-primary\" aria-hidden=\"true\" data-x-icon-b=\"&#xf08c;\"><\/i><\/span><\/div><\/a><a class=\"x-anchor x-anchor-button has-graphic e746-e26 mkq-d\" tabindex=\"0\" href=\"https:\/\/www.instagram.com\/yoklermobility\/\"><div class=\"x-anchor-content\"><span class=\"x-graphic\" aria-hidden=\"true\"><i class=\"x-icon x-graphic-child x-graphic-icon x-graphic-primary\" aria-hidden=\"true\" data-x-icon-b=\"&#xf16d;\"><\/i><\/span><\/div><\/a><\/div><\/div><\/div><div class=\"x-section e746-e27 mkq-0 mkq-2 mkq-3\"><div class=\"x-container max width e746-e28 mkq-7\"><div class=\"x-column x-sm x-1-1 e746-e29 mkq-9 mkq-a\"><span class=\"x-image e746-e30 mkq-e\"><img decoding=\"async\" data-src=\"https:\/\/www.yokler.com\/wp-content\/uploads\/2018\/02\/logo-yokler-triporteur.png\" width=\"335\" height=\"105\" alt=\"logo Yokler\" src=\"data:image\/svg+xml;base64,PHN2ZyB3aWR0aD0iMSIgaGVpZ2h0PSIxIiB4bWxucz0iaHR0cDovL3d3dy53My5vcmcvMjAwMC9zdmciPjwvc3ZnPg==\" class=\"lazyload\" style=\"--smush-placeholder-width: 335px; --smush-placeholder-aspect-ratio: 335\/105;\"><\/span><\/div><\/div><\/div><span data-x-element-responsive-text=\"{&quot;selector&quot;:&quot;.h-responsive&quot;,&quot;compression&quot;:&quot;1.0&quot;,&quot;minFontSize&quot;:&quot;20px&quot;,&quot;maxFontSize&quot;:&quot;40px&quot;}\" class=\"e746-e31\"><\/span><\/div>\n","protected":false},"excerpt":{"rendered":"<p>Mentions l\u00e9gales Nous vous remercions de votre visite sur le site www.yokler.com. Vous trouverez ci-dessous notre politique en mati\u00e8re de traitement de donn\u00e9es personnelles. Nous vous engageons vivement \u00e0 la lire, en visitant ce site vous acceptez les pratiques que nous d\u00e9taillons et vous adh\u00e9rez aux termes et conditions \u00e9nonc\u00e9es ci-apr\u00e8s. Le site www.yokler.com est destin\u00e9 \u00e0 l\u2019information personnelle des &#8230; <\/p>\n<div><a href=\"https:\/\/www.yokler.com\/accueil-fr\/mentions-legales\/\" class=\"more-link\">Read More<\/a><\/div>\n","protected":false},"author":1,"featured_media":0,"parent":0,"menu_order":0,"comment_status":"closed","ping_status":"closed","template":"template-blank-4.php","meta":{"_acf_changed":false,"footnotes":""},"class_list":["post-746","page","type-page","status-publish","hentry","no-post-thumbnail"],"acf":[],"yoast_head":"<!-- This site is optimized with the Yoast SEO plugin v27.1.1 - https:\/\/yoast.com\/product\/yoast-seo-wordpress\/ -->\n<title>Yokler, triporteur \u00e9lectrique professionnel : Mention L\u00e9gales<\/title>\n<meta name=\"description\" content=\"Mentions l\u00e9gales relatives \u00e0 l&#039;utilisation du site web Yokler.\" \/>\n<meta name=\"robots\" content=\"index, follow, max-snippet:-1, max-image-preview:large, max-video-preview:-1\" \/>\n<link rel=\"canonical\" href=\"https:\/\/www.yokler.com\/accueil-fr\/mentions-legales\/\" \/>\n<meta property=\"og:locale\" content=\"fr_FR\" \/>\n<meta property=\"og:type\" content=\"article\" \/>\n<meta property=\"og:title\" content=\"Yokler, triporteur \u00e9lectrique professionnel : Mention L\u00e9gales\" \/>\n<meta property=\"og:description\" content=\"Mentions l\u00e9gales relatives \u00e0 l&#039;utilisation du site web Yokler.\" \/>\n<meta property=\"og:url\" content=\"https:\/\/www.yokler.com\/accueil-fr\/mentions-legales\/\" \/>\n<meta property=\"og:site_name\" content=\"Triporteur professionnel \u00e0 assistance \u00e9lectrique, par Yokler !\" \/>\n<meta property=\"article:modified_time\" content=\"2025-09-05T19:18:30+00:00\" \/>\n<meta name=\"twitter:card\" content=\"summary_large_image\" \/>\n<meta name=\"twitter:label1\" content=\"Dur\u00e9e de lecture estim\u00e9e\" \/>\n\t<meta name=\"twitter:data1\" content=\"9 minutes\" \/>\n<script type=\"application\/ld+json\" class=\"yoast-schema-graph\">{\"@context\":\"https:\/\/schema.org\",\"@graph\":[{\"@type\":\"WebPage\",\"@id\":\"https:\/\/www.yokler.com\/accueil-fr\/mentions-legales\/\",\"url\":\"https:\/\/www.yokler.com\/accueil-fr\/mentions-legales\/\",\"name\":\"Yokler, triporteur \u00e9lectrique professionnel : Mention L\u00e9gales\",\"isPartOf\":{\"@id\":\"https:\/\/www.yokler.com\/accueil-fr\/de\/#website\"},\"datePublished\":\"2018-03-05T11:02:07+00:00\",\"dateModified\":\"2025-09-05T19:18:30+00:00\",\"description\":\"Mentions l\u00e9gales relatives \u00e0 l'utilisation du site web Yokler.\",\"breadcrumb\":{\"@id\":\"https:\/\/www.yokler.com\/accueil-fr\/mentions-legales\/#breadcrumb\"},\"inLanguage\":\"fr-FR\",\"potentialAction\":[{\"@type\":\"ReadAction\",\"target\":[\"https:\/\/www.yokler.com\/accueil-fr\/mentions-legales\/\"]}]},{\"@type\":\"BreadcrumbList\",\"@id\":\"https:\/\/www.yokler.com\/accueil-fr\/mentions-legales\/#breadcrumb\",\"itemListElement\":[{\"@type\":\"ListItem\",\"position\":1,\"name\":\"Accueil\",\"item\":\"https:\/\/www.yokler.com\/accueil-fr\/\"},{\"@type\":\"ListItem\",\"position\":2,\"name\":\"Mentions l\u00e9gales &#8211; fr\"}]},{\"@type\":\"WebSite\",\"@id\":\"https:\/\/www.yokler.com\/accueil-fr\/de\/#website\",\"url\":\"https:\/\/www.yokler.com\/accueil-fr\/de\/\",\"name\":\"Triporteur professionnel \u00e0 assistance \u00e9lectrique, par Yokler !\",\"description\":\"Triporteur \u00e9lectrique professionnel made in France\",\"publisher\":{\"@id\":\"https:\/\/www.yokler.com\/accueil-fr\/de\/#organization\"},\"potentialAction\":[{\"@type\":\"SearchAction\",\"target\":{\"@type\":\"EntryPoint\",\"urlTemplate\":\"https:\/\/www.yokler.com\/accueil-fr\/de\/?s={search_term_string}\"},\"query-input\":{\"@type\":\"PropertyValueSpecification\",\"valueRequired\":true,\"valueName\":\"search_term_string\"}}],\"inLanguage\":\"fr-FR\"},{\"@type\":\"Organization\",\"@id\":\"https:\/\/www.yokler.com\/accueil-fr\/de\/#organization\",\"name\":\"Yokler\",\"url\":\"https:\/\/www.yokler.com\/accueil-fr\/de\/\",\"logo\":{\"@type\":\"ImageObject\",\"inLanguage\":\"fr-FR\",\"@id\":\"https:\/\/www.yokler.com\/accueil-fr\/de\/#\/schema\/logo\/image\/\",\"url\":\"https:\/\/www.yokler.com\/wp-content\/uploads\/2021\/10\/logo-yokler-triporteur.png\",\"contentUrl\":\"https:\/\/www.yokler.com\/wp-content\/uploads\/2021\/10\/logo-yokler-triporteur.png\",\"width\":671,\"height\":210,\"caption\":\"Yokler\"},\"image\":{\"@id\":\"https:\/\/www.yokler.com\/accueil-fr\/de\/#\/schema\/logo\/image\/\"}}]}<\/script>\n<!-- \/ Yoast SEO plugin. -->","yoast_head_json":{"title":"Yokler, triporteur \u00e9lectrique professionnel : Mention L\u00e9gales","description":"Mentions l\u00e9gales relatives \u00e0 l'utilisation du site web Yokler.","robots":{"index":"index","follow":"follow","max-snippet":"max-snippet:-1","max-image-preview":"max-image-preview:large","max-video-preview":"max-video-preview:-1"},"canonical":"https:\/\/www.yokler.com\/accueil-fr\/mentions-legales\/","og_locale":"fr_FR","og_type":"article","og_title":"Yokler, triporteur \u00e9lectrique professionnel : Mention L\u00e9gales","og_description":"Mentions l\u00e9gales relatives \u00e0 l'utilisation du site web Yokler.","og_url":"https:\/\/www.yokler.com\/accueil-fr\/mentions-legales\/","og_site_name":"Triporteur professionnel \u00e0 assistance \u00e9lectrique, par Yokler !","article_modified_time":"2025-09-05T19:18:30+00:00","twitter_card":"summary_large_image","twitter_misc":{"Dur\u00e9e de lecture estim\u00e9e":"9 minutes"},"schema":{"@context":"https:\/\/schema.org","@graph":[{"@type":"WebPage","@id":"https:\/\/www.yokler.com\/accueil-fr\/mentions-legales\/","url":"https:\/\/www.yokler.com\/accueil-fr\/mentions-legales\/","name":"Yokler, triporteur \u00e9lectrique professionnel : Mention L\u00e9gales","isPartOf":{"@id":"https:\/\/www.yokler.com\/accueil-fr\/de\/#website"},"datePublished":"2018-03-05T11:02:07+00:00","dateModified":"2025-09-05T19:18:30+00:00","description":"Mentions l\u00e9gales relatives \u00e0 l'utilisation du site web Yokler.","breadcrumb":{"@id":"https:\/\/www.yokler.com\/accueil-fr\/mentions-legales\/#breadcrumb"},"inLanguage":"fr-FR","potentialAction":[{"@type":"ReadAction","target":["https:\/\/www.yokler.com\/accueil-fr\/mentions-legales\/"]}]},{"@type":"BreadcrumbList","@id":"https:\/\/www.yokler.com\/accueil-fr\/mentions-legales\/#breadcrumb","itemListElement":[{"@type":"ListItem","position":1,"name":"Accueil","item":"https:\/\/www.yokler.com\/accueil-fr\/"},{"@type":"ListItem","position":2,"name":"Mentions l\u00e9gales &#8211; fr"}]},{"@type":"WebSite","@id":"https:\/\/www.yokler.com\/accueil-fr\/de\/#website","url":"https:\/\/www.yokler.com\/accueil-fr\/de\/","name":"Triporteur professionnel \u00e0 assistance \u00e9lectrique, par Yokler !","description":"Triporteur \u00e9lectrique professionnel made in France","publisher":{"@id":"https:\/\/www.yokler.com\/accueil-fr\/de\/#organization"},"potentialAction":[{"@type":"SearchAction","target":{"@type":"EntryPoint","urlTemplate":"https:\/\/www.yokler.com\/accueil-fr\/de\/?s={search_term_string}"},"query-input":{"@type":"PropertyValueSpecification","valueRequired":true,"valueName":"search_term_string"}}],"inLanguage":"fr-FR"},{"@type":"Organization","@id":"https:\/\/www.yokler.com\/accueil-fr\/de\/#organization","name":"Yokler","url":"https:\/\/www.yokler.com\/accueil-fr\/de\/","logo":{"@type":"ImageObject","inLanguage":"fr-FR","@id":"https:\/\/www.yokler.com\/accueil-fr\/de\/#\/schema\/logo\/image\/","url":"https:\/\/www.yokler.com\/wp-content\/uploads\/2021\/10\/logo-yokler-triporteur.png","contentUrl":"https:\/\/www.yokler.com\/wp-content\/uploads\/2021\/10\/logo-yokler-triporteur.png","width":671,"height":210,"caption":"Yokler"},"image":{"@id":"https:\/\/www.yokler.com\/accueil-fr\/de\/#\/schema\/logo\/image\/"}}]}},"_links":{"self":[{"href":"https:\/\/www.yokler.com\/accueil-fr\/wp-json\/wp\/v2\/pages\/746","targetHints":{"allow":["GET"]}}],"collection":[{"href":"https:\/\/www.yokler.com\/accueil-fr\/wp-json\/wp\/v2\/pages"}],"about":[{"href":"https:\/\/www.yokler.com\/accueil-fr\/wp-json\/wp\/v2\/types\/page"}],"author":[{"embeddable":true,"href":"https:\/\/www.yokler.com\/accueil-fr\/wp-json\/wp\/v2\/users\/1"}],"replies":[{"embeddable":true,"href":"https:\/\/www.yokler.com\/accueil-fr\/wp-json\/wp\/v2\/comments?post=746"}],"version-history":[{"count":9,"href":"https:\/\/www.yokler.com\/accueil-fr\/wp-json\/wp\/v2\/pages\/746\/revisions"}],"predecessor-version":[{"id":15388,"href":"https:\/\/www.yokler.com\/accueil-fr\/wp-json\/wp\/v2\/pages\/746\/revisions\/15388"}],"wp:attachment":[{"href":"https:\/\/www.yokler.com\/accueil-fr\/wp-json\/wp\/v2\/media?parent=746"}],"curies":[{"name":"wp","href":"https:\/\/api.w.org\/{rel}","templated":true}]}}