{"id":744,"date":"2018-03-05T12:01:52","date_gmt":"2018-03-05T11:01:52","guid":{"rendered":"https:\/\/www.yokler.com?page_id=744"},"modified":"2025-08-23T22:56:24","modified_gmt":"2025-08-23T20:56:24","slug":"fabricant-triporteur-livraison","status":"publish","type":"page","link":"https:\/\/www.yokler.com\/accueil-fr\/fabricant-triporteur-livraison\/","title":{"rendered":"Contact &#8211; fr"},"content":{"rendered":"<div id=\"cs-content\" class=\"cs-content\"><div class=\"x-section e744-e1 mko-0 mko-1\" style=\"border-bottom: solid #a7aeb5 1px;\"><div class=\"x-container max width e744-e2 mko-7\"><div class=\"x-column x-sm x-1-1 e744-e3 mko-9 mko-a\"><div class=\"x-text x-text-headline e744-e4 mko-b h-responsive\"><div class=\"x-text-content\"><div class=\"x-text-content-text\"><h1 class=\"x-text-content-text-primary\">Contactez-nous !<\/h1>\n<\/div><\/div><\/div><\/div><\/div><\/div><div class=\"x-section e744-e5 mko-0 mko-2 mko-3 mko-4\"><div class=\"x-container max width e744-e6 mko-7\"><div class=\"x-column x-sm x-1-2 e744-e7 mko-9\"><div id=\"\" class=\"x-text\" style=\"\" ><p style=\"text-align: center;\"><span>Remplissez ce formulaire et parlez nous de votre projet!<\/span><br \/>\n<span>Notre \u00e9quipe commerciale prendra contact avec vous tr\u00e8s rapidement pour vous conseiller sur les mod\u00e8les et les \u00e9quipements les mieux adapt\u00e9s \u00e0 votre projet.<\/span><\/p>\n<\/div><div class=\"x-text x-content e744-e9 mko-c mko-d\">\n<div class=\"wpcf7 no-js\" id=\"wpcf7-f12306-o1\" lang=\"en-US\" dir=\"ltr\" data-wpcf7-id=\"12306\">\n<div class=\"screen-reader-response\"><p role=\"status\" aria-live=\"polite\" aria-atomic=\"true\"><\/p> <ul><\/ul><\/div>\n<form action=\"\/accueil-fr\/wp-json\/wp\/v2\/pages\/744#wpcf7-f12306-o1\" method=\"post\" class=\"wpcf7-form init\" aria-label=\"Contact form\" novalidate=\"novalidate\" data-status=\"init\">\n<fieldset class=\"hidden-fields-container\"><input type=\"hidden\" name=\"_wpcf7\" value=\"12306\" \/><input type=\"hidden\" name=\"_wpcf7_version\" value=\"6.1.5\" \/><input type=\"hidden\" name=\"_wpcf7_locale\" value=\"en_US\" \/><input type=\"hidden\" name=\"_wpcf7_unit_tag\" value=\"wpcf7-f12306-o1\" \/><input type=\"hidden\" name=\"_wpcf7_container_post\" value=\"0\" \/><input type=\"hidden\" name=\"_wpcf7_posted_data_hash\" value=\"\" \/><input type=\"hidden\" name=\"_wpcf7_recaptcha_response\" value=\"\" \/>\n<\/fieldset>\n<p><label> Vos pr\u00e9nom et nom *<span class=\"wpcf7-form-control-wrap\" data-name=\"nom\"><input size=\"40\" maxlength=\"400\" class=\"wpcf7-form-control wpcf7-text wpcf7-validates-as-required\" aria-required=\"true\" aria-invalid=\"false\" value=\"\" type=\"text\" name=\"nom\" \/><\/span> <\/label>\n<\/p>\n<p><label> Votre entreprise * <span class=\"wpcf7-form-control-wrap\" data-name=\"entreprise\"><input size=\"40\" maxlength=\"400\" class=\"wpcf7-form-control wpcf7-text wpcf7-validates-as-required\" aria-required=\"true\" aria-invalid=\"false\" value=\"\" type=\"text\" name=\"entreprise\" \/><\/span> <\/label>\n<\/p>\n<p><label> Adresse de votre entreprise<br \/>\n<i>(pour que nous puissions \u00e9diter le devis directement avec l'adresse de votre \u00e9tablissement)<\/i><br \/>\n<span class=\"wpcf7-form-control-wrap\" data-name=\"adresse\"><input size=\"40\" maxlength=\"400\" class=\"wpcf7-form-control wpcf7-text\" aria-invalid=\"false\" value=\"\" type=\"text\" name=\"adresse\" \/><\/span> <\/label>\n<\/p>\n<p><label> Votre email * <span class=\"wpcf7-form-control-wrap\" data-name=\"adresse-email\"><input size=\"40\" maxlength=\"400\" class=\"wpcf7-form-control wpcf7-email wpcf7-validates-as-required wpcf7-text wpcf7-validates-as-email\" aria-required=\"true\" aria-invalid=\"false\" value=\"\" type=\"email\" name=\"adresse-email\" \/><\/span> <\/label>\n<\/p>\n<p><label> Votre t\u00e9l\u00e9phone * <span class=\"wpcf7-form-control-wrap\" data-name=\"telephone\"><input size=\"40\" maxlength=\"400\" class=\"wpcf7-form-control wpcf7-text wpcf7-validates-as-required\" aria-required=\"true\" aria-invalid=\"false\" value=\"\" type=\"text\" name=\"telephone\" \/><\/span> <\/label>\n<\/p>\n<p>Quel produit vous int\u00e9resse? *<br \/>\n<span class=\"wpcf7-form-control-wrap\" data-name=\"checkbox-493\"><span class=\"wpcf7-form-control wpcf7-checkbox wpcf7-validates-as-required\"><span class=\"wpcf7-list-item first\"><label><input type=\"checkbox\" name=\"checkbox-493[]\" value=\"Yokler U - coffre 1 m3\" \/><span class=\"wpcf7-list-item-label\">Yokler U - coffre 1 m3<\/span><\/label><\/span><span class=\"wpcf7-list-item\"><label><input type=\"checkbox\" name=\"checkbox-493[]\" value=\"Yokler XL - coffre 1,5 m3\" \/><span class=\"wpcf7-list-item-label\">Yokler XL - coffre 1,5 m3<\/span><\/label><\/span><span class=\"wpcf7-list-item\"><label><input type=\"checkbox\" name=\"checkbox-493[]\" value=\"Yokler XXL - coffre 2 m3\" \/><span class=\"wpcf7-list-item-label\">Yokler XXL - coffre 2 m3<\/span><\/label><\/span><span class=\"wpcf7-list-item\"><label><input type=\"checkbox\" name=\"checkbox-493[]\" value=\"Yokler J - pick-up\" \/><span class=\"wpcf7-list-item-label\">Yokler J - pick-up<\/span><\/label><\/span><span class=\"wpcf7-list-item last\"><label><input type=\"checkbox\" name=\"checkbox-493[]\" value=\"Yokler T - v\u00e9lotaxi\" \/><span class=\"wpcf7-list-item-label\">Yokler T - v\u00e9lotaxi<\/span><\/label><\/span><\/span><\/span>\n<\/p>\n<p><label><br \/>\nParlez-nous de votre projet <span class=\"wpcf7-form-control-wrap\" data-name=\"projet\"><input size=\"40\" maxlength=\"400\" class=\"wpcf7-form-control wpcf7-text\" aria-invalid=\"false\" value=\"\" type=\"text\" name=\"projet\" \/><\/span> <\/label>\n<\/p>\n<p><span class=\"wpcf7-form-control-wrap\" data-name=\"agreement\"><span class=\"wpcf7-form-control wpcf7-checkbox wpcf7-validates-as-required\"><span class=\"wpcf7-list-item first last\"><input type=\"checkbox\" name=\"agreement[]\" value=\"J&#039;accepte de recevoir des informations par mail de la part de Yokler *\" \/><span class=\"wpcf7-list-item-label\">J&#039;accepte de recevoir des informations par mail de la part de Yokler *<\/span><\/span><\/span><\/span>\n<\/p>\n<p>* Champs obligatoire\n<\/p>\n<p><input class=\"wpcf7-form-control wpcf7-submit has-spinner\" type=\"submit\" value=\"Envoyer\" \/>\n<\/p><div class=\"wpcf7-response-output\" aria-hidden=\"true\"><\/div>\n<\/form>\n<\/div>\n<\/div><\/div><div class=\"x-column x-sm x-1-2 e744-e10 mko-9\"><div class=\"x-text x-content e744-e11 mko-c mko-e\"><p><strong>Nos \u00e9quipes techniques et commerciales<\/strong><\/p>\n<p>Tel : 04 83 43 33 17<\/p><\/div><hr class=\"x-line e744-e12 mko-f\"\/><div class=\"x-text x-content e744-e13 mko-c mko-e\"><p><strong>Site de production &agrave; Vaulx en Velin (La Soie)<br \/><\/strong><span style=\"font-family: Arial;\">70 avenue de Bohlen<br \/>69120 Vaulx-en-Velin<\/span><\/p>\n<p><span style=\"font-family: Arial;\"><b>Rencontrons nous &agrave; Paris !<br \/><\/b>Nous organisons toutes les semaines des d&eacute;mos &agrave; Paris sur RDV.<br \/>L'occasion de d&eacute;couvrir nos mod&egrave;les de triporteurs utilitaires et de les essayer.<\/span><\/p>\n<p><span style=\"font-family: Arial;\">Contactez-nous pour prendre RDV !<\/span><\/p><\/div><\/div><\/div><\/div><div class=\"x-section e744-e14 mko-0 mko-2 mko-5\"><div class=\"x-container max width e744-e15 mko-7 mko-8\"><div class=\"x-column x-sm x-1-4 e744-e16 mko-9\"><i  class=\"x-icon x-icon-badge-check\" style=\"text-align: center; color: #f41e43; font-size: 60px;\" data-x-icon-s=\"&#xf336;\" aria-hidden=\"true\"><\/i><div class=\"x-text x-content e744-e18 mko-c mko-e\"><p><b>Made in France<br \/>\n<\/b>Con\u00e7u, fabriqu\u00e9 et assembl\u00e9 en France<br \/>\n<strong><a href=\"https:\/\/www.yokler.com\/accueil-fr\/yokler-constructeur-triporteur\/\">(+ d'infos)<\/a><\/strong><\/p><\/div><\/div><div class=\"x-column x-sm x-1-4 e744-e19 mko-9 mko-a\"><i  class=\"x-icon x-icon-starfighter\" style=\"text-align: center; color: #f41e43; font-size: 60px;\" data-x-icon-s=\"&#xe037;\" aria-hidden=\"true\"><\/i><div class=\"x-text x-content e744-e21 mko-c mko-e\"><p><strong>Une technologie exclusive au service de la cyclo-logistique<br \/>\n(<a href=\"https:\/\/www.yokler.com\/accueil-fr\/technologie\/\">+ d'infos<\/a>)<\/strong><\/p><\/div><\/div><div class=\"x-column x-sm x-1-4 e744-e22 mko-9 mko-a\"><i  class=\"x-icon x-icon-smile-o\" style=\"text-align: center; color: #f41e43; font-size: 60px;\" data-x-icon-s=\"&#xf118;\" aria-hidden=\"true\"><\/i><div class=\"x-text x-content e744-e24 mko-c mko-e\"><p><strong>Garantie constructeur<br \/>\n2\u00a0ans pi\u00e8ces et main d'oeuvre<br \/>\n(<a href=\"https:\/\/www.yokler.com\/accueil-fr\/garantie\/\">+ d'infos<\/a>)<\/strong><\/p><\/div><\/div><div class=\"x-column x-sm x-1-4 e744-e25 mko-9\"><i  class=\"x-icon x-icon-ship\" style=\"text-align: center; color: #f41e43; font-size: 60px;\" data-x-icon-s=\"&#xf21a;\" aria-hidden=\"true\"><\/i><div class=\"x-text x-content e744-e27 mko-c mko-e\"><p><strong>Nous livrons en France, en\u00a0Europe et dans le monde entier !<br \/>\n<\/strong><\/p><\/div><\/div><\/div><\/div><div class=\"x-section e744-e28 mko-0 mko-6\"><div class=\"x-container max width e744-e29 mko-7\"><div class=\"x-column x-sm x-1-1 e744-e30 mko-9 mko-a\"><a class=\"x-anchor x-anchor-button has-graphic e744-e31 mko-g\" tabindex=\"0\" href=\"https:\/\/www.facebook.com\/YoklerMobility\/\"><div class=\"x-anchor-content\"><span class=\"x-graphic\" aria-hidden=\"true\"><i class=\"x-icon x-graphic-child x-graphic-icon x-graphic-primary\" aria-hidden=\"true\" data-x-icon-b=\"&#xf09a;\"><\/i><\/span><\/div><\/a><a class=\"x-anchor x-anchor-button has-graphic e744-e32 mko-g\" tabindex=\"0\" href=\"https:\/\/twitter.com\/yoklerMobility\"><div class=\"x-anchor-content\"><span class=\"x-graphic\" aria-hidden=\"true\"><i class=\"x-icon x-graphic-child x-graphic-icon x-graphic-primary\" aria-hidden=\"true\" data-x-icon-b=\"&#xf099;\"><\/i><\/span><\/div><\/a><a class=\"x-anchor x-anchor-button has-graphic e744-e33 mko-g\" tabindex=\"0\" href=\"https:\/\/fr.linkedin.com\/company\/yokler\"><div class=\"x-anchor-content\"><span class=\"x-graphic\" aria-hidden=\"true\"><i class=\"x-icon x-graphic-child x-graphic-icon x-graphic-primary\" aria-hidden=\"true\" data-x-icon-b=\"&#xf08c;\"><\/i><\/span><\/div><\/a><a class=\"x-anchor x-anchor-button has-graphic e744-e34 mko-g\" tabindex=\"0\" href=\"https:\/\/www.instagram.com\/yoklermobility\/\"><div class=\"x-anchor-content\"><span class=\"x-graphic\" aria-hidden=\"true\"><i class=\"x-icon x-graphic-child x-graphic-icon x-graphic-primary\" aria-hidden=\"true\" data-x-icon-b=\"&#xf16d;\"><\/i><\/span><\/div><\/a><\/div><\/div><\/div><div class=\"x-section e744-e35 mko-0 mko-2 mko-3\"><div class=\"x-container max width e744-e36 mko-7\"><div class=\"x-column x-sm x-1-1 e744-e37 mko-9 mko-a\"><span class=\"x-image e744-e38 mko-h\"><img decoding=\"async\" data-src=\"https:\/\/www.yokler.com\/wp-content\/uploads\/2018\/02\/logo-yokler-triporteur.png\" width=\"335\" height=\"105\" alt=\"logo Yokler\" src=\"data:image\/svg+xml;base64,PHN2ZyB3aWR0aD0iMSIgaGVpZ2h0PSIxIiB4bWxucz0iaHR0cDovL3d3dy53My5vcmcvMjAwMC9zdmciPjwvc3ZnPg==\" class=\"lazyload\" style=\"--smush-placeholder-width: 335px; --smush-placeholder-aspect-ratio: 335\/105;\"><\/span><\/div><\/div><\/div><span data-x-element-responsive-text=\"{&quot;selector&quot;:&quot;.h-responsive&quot;,&quot;compression&quot;:&quot;1.0&quot;,&quot;minFontSize&quot;:&quot;20px&quot;,&quot;maxFontSize&quot;:&quot;40px&quot;}\" class=\"e744-e39\"><\/span><\/div>\n","protected":false},"excerpt":{"rendered":"<p>Contactez-nous ! Remplissez ce formulaire et parlez nous de votre projet! Notre \u00e9quipe commerciale prendra contact avec vous tr\u00e8s rapidement pour vous conseiller sur les mod\u00e8les et les \u00e9quipements les mieux adapt\u00e9s \u00e0 votre projet. Vos pr\u00e9nom et nom * Votre entreprise * Adresse de votre entreprise (pour que nous puissions \u00e9diter le devis directement avec l&rsquo;adresse de votre \u00e9tablissement) &#8230; <\/p>\n<div><a href=\"https:\/\/www.yokler.com\/accueil-fr\/fabricant-triporteur-livraison\/\" class=\"more-link\">Read More<\/a><\/div>\n","protected":false},"author":1,"featured_media":11196,"parent":0,"menu_order":0,"comment_status":"closed","ping_status":"closed","template":"template-blank-4.php","meta":{"_acf_changed":false,"footnotes":""},"class_list":["post-744","page","type-page","status-publish","has-post-thumbnail","hentry"],"acf":[],"yoast_head":"<!-- This site is optimized with the Yoast SEO plugin v27.1.1 - https:\/\/yoast.com\/product\/yoast-seo-wordpress\/ -->\n<title>Yokler : Fabricant fran\u00e7ais de triporteurs et cargobikes professionnels.<\/title>\n<meta name=\"description\" content=\"Contactez-nous pour obtenir des informations ou un devis sur nos gammes de triporteurs utilitaires professionnels Made in France\" \/>\n<meta name=\"robots\" content=\"index, follow, max-snippet:-1, max-image-preview:large, max-video-preview:-1\" \/>\n<link rel=\"canonical\" href=\"https:\/\/www.yokler.com\/accueil-fr\/fabricant-triporteur-livraison\/\" \/>\n<meta property=\"og:locale\" content=\"fr_FR\" \/>\n<meta property=\"og:type\" content=\"article\" \/>\n<meta property=\"og:title\" content=\"Yokler : Fabricant fran\u00e7ais de triporteurs et cargobikes professionnels.\" \/>\n<meta property=\"og:description\" content=\"Contactez-nous pour obtenir des informations ou un devis sur nos gammes de triporteurs utilitaires professionnels Made in France\" \/>\n<meta property=\"og:url\" content=\"https:\/\/www.yokler.com\/accueil-fr\/fabricant-triporteur-livraison\/\" \/>\n<meta property=\"og:site_name\" content=\"Triporteur professionnel \u00e0 assistance \u00e9lectrique, par Yokler !\" \/>\n<meta property=\"article:modified_time\" content=\"2025-08-23T20:56:24+00:00\" \/>\n<meta property=\"og:image\" content=\"https:\/\/www.yokler.com\/wp-content\/uploads\/2022\/12\/Triporteur-cargobike-professionnel-XL-BD.jpg\" \/>\n\t<meta property=\"og:image:width\" content=\"1000\" \/>\n\t<meta property=\"og:image:height\" content=\"1000\" \/>\n\t<meta property=\"og:image:type\" content=\"image\/jpeg\" \/>\n<meta name=\"twitter:card\" content=\"summary_large_image\" \/>\n<meta name=\"twitter:label1\" content=\"Dur\u00e9e de lecture estim\u00e9e\" \/>\n\t<meta name=\"twitter:data1\" content=\"2 minutes\" \/>\n<script type=\"application\/ld+json\" class=\"yoast-schema-graph\">{\"@context\":\"https:\/\/schema.org\",\"@graph\":[{\"@type\":\"WebPage\",\"@id\":\"https:\/\/www.yokler.com\/accueil-fr\/fabricant-triporteur-livraison\/\",\"url\":\"https:\/\/www.yokler.com\/accueil-fr\/fabricant-triporteur-livraison\/\",\"name\":\"Yokler : Fabricant fran\u00e7ais de triporteurs et cargobikes professionnels.\",\"isPartOf\":{\"@id\":\"https:\/\/www.yokler.com\/accueil-fr\/de\/#website\"},\"primaryImageOfPage\":{\"@id\":\"https:\/\/www.yokler.com\/accueil-fr\/fabricant-triporteur-livraison\/#primaryimage\"},\"image\":{\"@id\":\"https:\/\/www.yokler.com\/accueil-fr\/fabricant-triporteur-livraison\/#primaryimage\"},\"thumbnailUrl\":\"https:\/\/www.yokler.com\/wp-content\/uploads\/2022\/12\/Triporteur-cargobike-professionnel-XL-BD.jpg\",\"datePublished\":\"2018-03-05T11:01:52+00:00\",\"dateModified\":\"2025-08-23T20:56:24+00:00\",\"description\":\"Contactez-nous pour obtenir des informations ou un devis sur nos gammes de triporteurs utilitaires professionnels Made in France\",\"breadcrumb\":{\"@id\":\"https:\/\/www.yokler.com\/accueil-fr\/fabricant-triporteur-livraison\/#breadcrumb\"},\"inLanguage\":\"fr-FR\",\"potentialAction\":[{\"@type\":\"ReadAction\",\"target\":[\"https:\/\/www.yokler.com\/accueil-fr\/fabricant-triporteur-livraison\/\"]}]},{\"@type\":\"ImageObject\",\"inLanguage\":\"fr-FR\",\"@id\":\"https:\/\/www.yokler.com\/accueil-fr\/fabricant-triporteur-livraison\/#primaryimage\",\"url\":\"https:\/\/www.yokler.com\/wp-content\/uploads\/2022\/12\/Triporteur-cargobike-professionnel-XL-BD.jpg\",\"contentUrl\":\"https:\/\/www.yokler.com\/wp-content\/uploads\/2022\/12\/Triporteur-cargobike-professionnel-XL-BD.jpg\",\"width\":1000,\"height\":1000,\"caption\":\"Cargobike triporteur professionnel XL pour la livraison\"},{\"@type\":\"BreadcrumbList\",\"@id\":\"https:\/\/www.yokler.com\/accueil-fr\/fabricant-triporteur-livraison\/#breadcrumb\",\"itemListElement\":[{\"@type\":\"ListItem\",\"position\":1,\"name\":\"Accueil\",\"item\":\"https:\/\/www.yokler.com\/accueil-fr\/\"},{\"@type\":\"ListItem\",\"position\":2,\"name\":\"Contact &#8211; fr\"}]},{\"@type\":\"WebSite\",\"@id\":\"https:\/\/www.yokler.com\/accueil-fr\/de\/#website\",\"url\":\"https:\/\/www.yokler.com\/accueil-fr\/de\/\",\"name\":\"Triporteur professionnel \u00e0 assistance \u00e9lectrique, par Yokler !\",\"description\":\"Triporteur \u00e9lectrique professionnel made in France\",\"publisher\":{\"@id\":\"https:\/\/www.yokler.com\/accueil-fr\/de\/#organization\"},\"potentialAction\":[{\"@type\":\"SearchAction\",\"target\":{\"@type\":\"EntryPoint\",\"urlTemplate\":\"https:\/\/www.yokler.com\/accueil-fr\/de\/?s={search_term_string}\"},\"query-input\":{\"@type\":\"PropertyValueSpecification\",\"valueRequired\":true,\"valueName\":\"search_term_string\"}}],\"inLanguage\":\"fr-FR\"},{\"@type\":\"Organization\",\"@id\":\"https:\/\/www.yokler.com\/accueil-fr\/de\/#organization\",\"name\":\"Yokler\",\"url\":\"https:\/\/www.yokler.com\/accueil-fr\/de\/\",\"logo\":{\"@type\":\"ImageObject\",\"inLanguage\":\"fr-FR\",\"@id\":\"https:\/\/www.yokler.com\/accueil-fr\/de\/#\/schema\/logo\/image\/\",\"url\":\"https:\/\/www.yokler.com\/wp-content\/uploads\/2021\/10\/logo-yokler-triporteur.png\",\"contentUrl\":\"https:\/\/www.yokler.com\/wp-content\/uploads\/2021\/10\/logo-yokler-triporteur.png\",\"width\":671,\"height\":210,\"caption\":\"Yokler\"},\"image\":{\"@id\":\"https:\/\/www.yokler.com\/accueil-fr\/de\/#\/schema\/logo\/image\/\"}}]}<\/script>\n<!-- \/ Yoast SEO plugin. -->","yoast_head_json":{"title":"Yokler : Fabricant fran\u00e7ais de triporteurs et cargobikes professionnels.","description":"Contactez-nous pour obtenir des informations ou un devis sur nos gammes de triporteurs utilitaires professionnels Made in France","robots":{"index":"index","follow":"follow","max-snippet":"max-snippet:-1","max-image-preview":"max-image-preview:large","max-video-preview":"max-video-preview:-1"},"canonical":"https:\/\/www.yokler.com\/accueil-fr\/fabricant-triporteur-livraison\/","og_locale":"fr_FR","og_type":"article","og_title":"Yokler : Fabricant fran\u00e7ais de triporteurs et cargobikes professionnels.","og_description":"Contactez-nous pour obtenir des informations ou un devis sur nos gammes de triporteurs utilitaires professionnels Made in France","og_url":"https:\/\/www.yokler.com\/accueil-fr\/fabricant-triporteur-livraison\/","og_site_name":"Triporteur professionnel \u00e0 assistance \u00e9lectrique, par Yokler !","article_modified_time":"2025-08-23T20:56:24+00:00","og_image":[{"width":1000,"height":1000,"url":"https:\/\/www.yokler.com\/wp-content\/uploads\/2022\/12\/Triporteur-cargobike-professionnel-XL-BD.jpg","type":"image\/jpeg"}],"twitter_card":"summary_large_image","twitter_misc":{"Dur\u00e9e de lecture estim\u00e9e":"2 minutes"},"schema":{"@context":"https:\/\/schema.org","@graph":[{"@type":"WebPage","@id":"https:\/\/www.yokler.com\/accueil-fr\/fabricant-triporteur-livraison\/","url":"https:\/\/www.yokler.com\/accueil-fr\/fabricant-triporteur-livraison\/","name":"Yokler : Fabricant fran\u00e7ais de triporteurs et cargobikes professionnels.","isPartOf":{"@id":"https:\/\/www.yokler.com\/accueil-fr\/de\/#website"},"primaryImageOfPage":{"@id":"https:\/\/www.yokler.com\/accueil-fr\/fabricant-triporteur-livraison\/#primaryimage"},"image":{"@id":"https:\/\/www.yokler.com\/accueil-fr\/fabricant-triporteur-livraison\/#primaryimage"},"thumbnailUrl":"https:\/\/www.yokler.com\/wp-content\/uploads\/2022\/12\/Triporteur-cargobike-professionnel-XL-BD.jpg","datePublished":"2018-03-05T11:01:52+00:00","dateModified":"2025-08-23T20:56:24+00:00","description":"Contactez-nous pour obtenir des informations ou un devis sur nos gammes de triporteurs utilitaires professionnels Made in France","breadcrumb":{"@id":"https:\/\/www.yokler.com\/accueil-fr\/fabricant-triporteur-livraison\/#breadcrumb"},"inLanguage":"fr-FR","potentialAction":[{"@type":"ReadAction","target":["https:\/\/www.yokler.com\/accueil-fr\/fabricant-triporteur-livraison\/"]}]},{"@type":"ImageObject","inLanguage":"fr-FR","@id":"https:\/\/www.yokler.com\/accueil-fr\/fabricant-triporteur-livraison\/#primaryimage","url":"https:\/\/www.yokler.com\/wp-content\/uploads\/2022\/12\/Triporteur-cargobike-professionnel-XL-BD.jpg","contentUrl":"https:\/\/www.yokler.com\/wp-content\/uploads\/2022\/12\/Triporteur-cargobike-professionnel-XL-BD.jpg","width":1000,"height":1000,"caption":"Cargobike triporteur professionnel XL pour la livraison"},{"@type":"BreadcrumbList","@id":"https:\/\/www.yokler.com\/accueil-fr\/fabricant-triporteur-livraison\/#breadcrumb","itemListElement":[{"@type":"ListItem","position":1,"name":"Accueil","item":"https:\/\/www.yokler.com\/accueil-fr\/"},{"@type":"ListItem","position":2,"name":"Contact &#8211; fr"}]},{"@type":"WebSite","@id":"https:\/\/www.yokler.com\/accueil-fr\/de\/#website","url":"https:\/\/www.yokler.com\/accueil-fr\/de\/","name":"Triporteur professionnel \u00e0 assistance \u00e9lectrique, par Yokler !","description":"Triporteur \u00e9lectrique professionnel made in France","publisher":{"@id":"https:\/\/www.yokler.com\/accueil-fr\/de\/#organization"},"potentialAction":[{"@type":"SearchAction","target":{"@type":"EntryPoint","urlTemplate":"https:\/\/www.yokler.com\/accueil-fr\/de\/?s={search_term_string}"},"query-input":{"@type":"PropertyValueSpecification","valueRequired":true,"valueName":"search_term_string"}}],"inLanguage":"fr-FR"},{"@type":"Organization","@id":"https:\/\/www.yokler.com\/accueil-fr\/de\/#organization","name":"Yokler","url":"https:\/\/www.yokler.com\/accueil-fr\/de\/","logo":{"@type":"ImageObject","inLanguage":"fr-FR","@id":"https:\/\/www.yokler.com\/accueil-fr\/de\/#\/schema\/logo\/image\/","url":"https:\/\/www.yokler.com\/wp-content\/uploads\/2021\/10\/logo-yokler-triporteur.png","contentUrl":"https:\/\/www.yokler.com\/wp-content\/uploads\/2021\/10\/logo-yokler-triporteur.png","width":671,"height":210,"caption":"Yokler"},"image":{"@id":"https:\/\/www.yokler.com\/accueil-fr\/de\/#\/schema\/logo\/image\/"}}]}},"_links":{"self":[{"href":"https:\/\/www.yokler.com\/accueil-fr\/wp-json\/wp\/v2\/pages\/744","targetHints":{"allow":["GET"]}}],"collection":[{"href":"https:\/\/www.yokler.com\/accueil-fr\/wp-json\/wp\/v2\/pages"}],"about":[{"href":"https:\/\/www.yokler.com\/accueil-fr\/wp-json\/wp\/v2\/types\/page"}],"author":[{"embeddable":true,"href":"https:\/\/www.yokler.com\/accueil-fr\/wp-json\/wp\/v2\/users\/1"}],"replies":[{"embeddable":true,"href":"https:\/\/www.yokler.com\/accueil-fr\/wp-json\/wp\/v2\/comments?post=744"}],"version-history":[{"count":19,"href":"https:\/\/www.yokler.com\/accueil-fr\/wp-json\/wp\/v2\/pages\/744\/revisions"}],"predecessor-version":[{"id":13582,"href":"https:\/\/www.yokler.com\/accueil-fr\/wp-json\/wp\/v2\/pages\/744\/revisions\/13582"}],"wp:featuredmedia":[{"embeddable":true,"href":"https:\/\/www.yokler.com\/accueil-fr\/wp-json\/wp\/v2\/media\/11196"}],"wp:attachment":[{"href":"https:\/\/www.yokler.com\/accueil-fr\/wp-json\/wp\/v2\/media?parent=744"}],"curies":[{"name":"wp","href":"https:\/\/api.w.org\/{rel}","templated":true}]}}