{"id":573,"date":"2018-03-01T11:25:03","date_gmt":"2018-03-01T10:25:03","guid":{"rendered":"https:\/\/www.yokler.com?page_id=573"},"modified":"2020-07-08T14:25:42","modified_gmt":"2020-07-08T12:25:42","slug":"achat-espace-pub-street-marketing","status":"publish","type":"page","link":"https:\/\/www.yokler.com\/accueil-fr\/achat-espace-pub-street-marketing\/","title":{"rendered":"Solutions annonceurs &#8211; fr"},"content":{"rendered":"<div id=\"cs-content\" class=\"cs-content\"><\/div>\n","protected":false},"excerpt":{"rendered":"<p>Achat d&rsquo;espace pub et street marketing mobile Yokler d\u00e9ploie le plus grand r\u00e9seau d&rsquo;affichage \u00e9comobile de France au plus proche du public dans les principaux centres-villes.Ouverture de point de vente, sampling massif ou ultra cibl\u00e9, campagne de notori\u00e9t\u00e9, nos triporteurs \u00e9lectriques vous offrent une accessibilit\u00e9 exceptionnelle en hyper-centre.Contactez-nousMod\u00e8le : Yokler s\u00e9rie X D\u00e9couvrez pourquoi notre r\u00e9seau d&rsquo;affichage \u00e9comobile sur triporteur &#8230; <\/p>\n<div><a href=\"https:\/\/www.yokler.com\/accueil-fr\/achat-espace-pub-street-marketing\/\" class=\"more-link\">Read More<\/a><\/div>\n","protected":false},"author":1,"featured_media":0,"parent":0,"menu_order":0,"comment_status":"closed","ping_status":"closed","template":"template-blank-4.php","meta":{"_acf_changed":false,"footnotes":""},"class_list":["post-573","page","type-page","status-publish","hentry","no-post-thumbnail"],"acf":[],"yoast_head":"<!-- This site is optimized with the Yoast SEO plugin v27.1.1 - https:\/\/yoast.com\/product\/yoast-seo-wordpress\/ -->\n<title>Campagne publicitaire sur triporteur : le street marketing par Yokler<\/title>\n<meta name=\"description\" content=\"D\u00e9marquez-vous avec l&#039;habillage publicitaire sur triporteur. D\u00e9couvrez notre offre de street marketing, nous vous proposons de l&#039;achat d&#039;espace pub pour vos campagnes.\" \/>\n<meta name=\"robots\" content=\"index, follow, max-snippet:-1, max-image-preview:large, max-video-preview:-1\" \/>\n<link rel=\"canonical\" href=\"https:\/\/www.yokler.com\/accueil-fr\/achat-espace-pub-street-marketing\/\" \/>\n<meta property=\"og:locale\" content=\"fr_FR\" \/>\n<meta property=\"og:type\" content=\"article\" \/>\n<meta property=\"og:title\" content=\"Campagne publicitaire sur triporteur : le street marketing par Yokler\" \/>\n<meta property=\"og:description\" content=\"D\u00e9marquez-vous avec l&#039;habillage publicitaire sur triporteur. D\u00e9couvrez notre offre de street marketing, nous vous proposons de l&#039;achat d&#039;espace pub pour vos campagnes.\" \/>\n<meta property=\"og:url\" content=\"https:\/\/www.yokler.com\/accueil-fr\/achat-espace-pub-street-marketing\/\" \/>\n<meta property=\"og:site_name\" content=\"Triporteur professionnel \u00e0 assistance \u00e9lectrique, par Yokler !\" \/>\n<meta property=\"article:modified_time\" content=\"2020-07-08T12:25:42+00:00\" \/>\n<meta property=\"og:image\" content=\"https:\/\/www.yokler.com\/wp-content\/uploads\/2018\/03\/street-marketing.jpg\" \/>\n<meta name=\"twitter:card\" content=\"summary_large_image\" \/>\n<meta name=\"twitter:label1\" content=\"Dur\u00e9e de lecture estim\u00e9e\" \/>\n\t<meta name=\"twitter:data1\" content=\"7 minutes\" \/>\n<script type=\"application\/ld+json\" class=\"yoast-schema-graph\">{\"@context\":\"https:\/\/schema.org\",\"@graph\":[{\"@type\":\"WebPage\",\"@id\":\"https:\/\/www.yokler.com\/accueil-fr\/achat-espace-pub-street-marketing\/\",\"url\":\"https:\/\/www.yokler.com\/accueil-fr\/achat-espace-pub-street-marketing\/\",\"name\":\"Campagne publicitaire sur triporteur : le street marketing par Yokler\",\"isPartOf\":{\"@id\":\"https:\/\/www.yokler.com\/accueil-fr\/de\/#website\"},\"primaryImageOfPage\":{\"@id\":\"https:\/\/www.yokler.com\/accueil-fr\/achat-espace-pub-street-marketing\/#primaryimage\"},\"image\":{\"@id\":\"https:\/\/www.yokler.com\/accueil-fr\/achat-espace-pub-street-marketing\/#primaryimage\"},\"thumbnailUrl\":\"https:\/\/www.yokler.com\/wp-content\/uploads\/2018\/03\/street-marketing.jpg\",\"datePublished\":\"2018-03-01T10:25:03+00:00\",\"dateModified\":\"2020-07-08T12:25:42+00:00\",\"description\":\"D\u00e9marquez-vous avec l'habillage publicitaire sur triporteur. D\u00e9couvrez notre offre de street marketing, nous vous proposons de l'achat d'espace pub pour vos campagnes.\",\"breadcrumb\":{\"@id\":\"https:\/\/www.yokler.com\/accueil-fr\/achat-espace-pub-street-marketing\/#breadcrumb\"},\"inLanguage\":\"fr-FR\",\"potentialAction\":[{\"@type\":\"ReadAction\",\"target\":[\"https:\/\/www.yokler.com\/accueil-fr\/achat-espace-pub-street-marketing\/\"]}]},{\"@type\":\"ImageObject\",\"inLanguage\":\"fr-FR\",\"@id\":\"https:\/\/www.yokler.com\/accueil-fr\/achat-espace-pub-street-marketing\/#primaryimage\",\"url\":\"https:\/\/www.yokler.com\/wp-content\/uploads\/2018\/03\/street-marketing.jpg\",\"contentUrl\":\"https:\/\/www.yokler.com\/wp-content\/uploads\/2018\/03\/street-marketing.jpg\"},{\"@type\":\"BreadcrumbList\",\"@id\":\"https:\/\/www.yokler.com\/accueil-fr\/achat-espace-pub-street-marketing\/#breadcrumb\",\"itemListElement\":[{\"@type\":\"ListItem\",\"position\":1,\"name\":\"Accueil\",\"item\":\"https:\/\/www.yokler.com\/accueil-fr\/\"},{\"@type\":\"ListItem\",\"position\":2,\"name\":\"Solutions annonceurs &#8211; fr\"}]},{\"@type\":\"WebSite\",\"@id\":\"https:\/\/www.yokler.com\/accueil-fr\/de\/#website\",\"url\":\"https:\/\/www.yokler.com\/accueil-fr\/de\/\",\"name\":\"Triporteur professionnel \u00e0 assistance \u00e9lectrique, par Yokler !\",\"description\":\"Triporteur \u00e9lectrique professionnel made in France\",\"publisher\":{\"@id\":\"https:\/\/www.yokler.com\/accueil-fr\/de\/#organization\"},\"potentialAction\":[{\"@type\":\"SearchAction\",\"target\":{\"@type\":\"EntryPoint\",\"urlTemplate\":\"https:\/\/www.yokler.com\/accueil-fr\/de\/?s={search_term_string}\"},\"query-input\":{\"@type\":\"PropertyValueSpecification\",\"valueRequired\":true,\"valueName\":\"search_term_string\"}}],\"inLanguage\":\"fr-FR\"},{\"@type\":\"Organization\",\"@id\":\"https:\/\/www.yokler.com\/accueil-fr\/de\/#organization\",\"name\":\"Yokler\",\"url\":\"https:\/\/www.yokler.com\/accueil-fr\/de\/\",\"logo\":{\"@type\":\"ImageObject\",\"inLanguage\":\"fr-FR\",\"@id\":\"https:\/\/www.yokler.com\/accueil-fr\/de\/#\/schema\/logo\/image\/\",\"url\":\"https:\/\/www.yokler.com\/wp-content\/uploads\/2021\/10\/logo-yokler-triporteur.png\",\"contentUrl\":\"https:\/\/www.yokler.com\/wp-content\/uploads\/2021\/10\/logo-yokler-triporteur.png\",\"width\":671,\"height\":210,\"caption\":\"Yokler\"},\"image\":{\"@id\":\"https:\/\/www.yokler.com\/accueil-fr\/de\/#\/schema\/logo\/image\/\"}}]}<\/script>\n<!-- \/ Yoast SEO plugin. -->","yoast_head_json":{"title":"Campagne publicitaire sur triporteur : le street marketing par Yokler","description":"D\u00e9marquez-vous avec l'habillage publicitaire sur triporteur. D\u00e9couvrez notre offre de street marketing, nous vous proposons de l'achat d'espace pub pour vos campagnes.","robots":{"index":"index","follow":"follow","max-snippet":"max-snippet:-1","max-image-preview":"max-image-preview:large","max-video-preview":"max-video-preview:-1"},"canonical":"https:\/\/www.yokler.com\/accueil-fr\/achat-espace-pub-street-marketing\/","og_locale":"fr_FR","og_type":"article","og_title":"Campagne publicitaire sur triporteur : le street marketing par Yokler","og_description":"D\u00e9marquez-vous avec l'habillage publicitaire sur triporteur. D\u00e9couvrez notre offre de street marketing, nous vous proposons de l'achat d'espace pub pour vos campagnes.","og_url":"https:\/\/www.yokler.com\/accueil-fr\/achat-espace-pub-street-marketing\/","og_site_name":"Triporteur professionnel \u00e0 assistance \u00e9lectrique, par Yokler !","article_modified_time":"2020-07-08T12:25:42+00:00","og_image":[{"url":"https:\/\/www.yokler.com\/wp-content\/uploads\/2018\/03\/street-marketing.jpg","type":"","width":"","height":""}],"twitter_card":"summary_large_image","twitter_misc":{"Dur\u00e9e de lecture estim\u00e9e":"7 minutes"},"schema":{"@context":"https:\/\/schema.org","@graph":[{"@type":"WebPage","@id":"https:\/\/www.yokler.com\/accueil-fr\/achat-espace-pub-street-marketing\/","url":"https:\/\/www.yokler.com\/accueil-fr\/achat-espace-pub-street-marketing\/","name":"Campagne publicitaire sur triporteur : le street marketing par Yokler","isPartOf":{"@id":"https:\/\/www.yokler.com\/accueil-fr\/de\/#website"},"primaryImageOfPage":{"@id":"https:\/\/www.yokler.com\/accueil-fr\/achat-espace-pub-street-marketing\/#primaryimage"},"image":{"@id":"https:\/\/www.yokler.com\/accueil-fr\/achat-espace-pub-street-marketing\/#primaryimage"},"thumbnailUrl":"https:\/\/www.yokler.com\/wp-content\/uploads\/2018\/03\/street-marketing.jpg","datePublished":"2018-03-01T10:25:03+00:00","dateModified":"2020-07-08T12:25:42+00:00","description":"D\u00e9marquez-vous avec l'habillage publicitaire sur triporteur. D\u00e9couvrez notre offre de street marketing, nous vous proposons de l'achat d'espace pub pour vos campagnes.","breadcrumb":{"@id":"https:\/\/www.yokler.com\/accueil-fr\/achat-espace-pub-street-marketing\/#breadcrumb"},"inLanguage":"fr-FR","potentialAction":[{"@type":"ReadAction","target":["https:\/\/www.yokler.com\/accueil-fr\/achat-espace-pub-street-marketing\/"]}]},{"@type":"ImageObject","inLanguage":"fr-FR","@id":"https:\/\/www.yokler.com\/accueil-fr\/achat-espace-pub-street-marketing\/#primaryimage","url":"https:\/\/www.yokler.com\/wp-content\/uploads\/2018\/03\/street-marketing.jpg","contentUrl":"https:\/\/www.yokler.com\/wp-content\/uploads\/2018\/03\/street-marketing.jpg"},{"@type":"BreadcrumbList","@id":"https:\/\/www.yokler.com\/accueil-fr\/achat-espace-pub-street-marketing\/#breadcrumb","itemListElement":[{"@type":"ListItem","position":1,"name":"Accueil","item":"https:\/\/www.yokler.com\/accueil-fr\/"},{"@type":"ListItem","position":2,"name":"Solutions annonceurs &#8211; fr"}]},{"@type":"WebSite","@id":"https:\/\/www.yokler.com\/accueil-fr\/de\/#website","url":"https:\/\/www.yokler.com\/accueil-fr\/de\/","name":"Triporteur professionnel \u00e0 assistance \u00e9lectrique, par Yokler !","description":"Triporteur \u00e9lectrique professionnel made in France","publisher":{"@id":"https:\/\/www.yokler.com\/accueil-fr\/de\/#organization"},"potentialAction":[{"@type":"SearchAction","target":{"@type":"EntryPoint","urlTemplate":"https:\/\/www.yokler.com\/accueil-fr\/de\/?s={search_term_string}"},"query-input":{"@type":"PropertyValueSpecification","valueRequired":true,"valueName":"search_term_string"}}],"inLanguage":"fr-FR"},{"@type":"Organization","@id":"https:\/\/www.yokler.com\/accueil-fr\/de\/#organization","name":"Yokler","url":"https:\/\/www.yokler.com\/accueil-fr\/de\/","logo":{"@type":"ImageObject","inLanguage":"fr-FR","@id":"https:\/\/www.yokler.com\/accueil-fr\/de\/#\/schema\/logo\/image\/","url":"https:\/\/www.yokler.com\/wp-content\/uploads\/2021\/10\/logo-yokler-triporteur.png","contentUrl":"https:\/\/www.yokler.com\/wp-content\/uploads\/2021\/10\/logo-yokler-triporteur.png","width":671,"height":210,"caption":"Yokler"},"image":{"@id":"https:\/\/www.yokler.com\/accueil-fr\/de\/#\/schema\/logo\/image\/"}}]}},"_links":{"self":[{"href":"https:\/\/www.yokler.com\/accueil-fr\/wp-json\/wp\/v2\/pages\/573","targetHints":{"allow":["GET"]}}],"collection":[{"href":"https:\/\/www.yokler.com\/accueil-fr\/wp-json\/wp\/v2\/pages"}],"about":[{"href":"https:\/\/www.yokler.com\/accueil-fr\/wp-json\/wp\/v2\/types\/page"}],"author":[{"embeddable":true,"href":"https:\/\/www.yokler.com\/accueil-fr\/wp-json\/wp\/v2\/users\/1"}],"replies":[{"embeddable":true,"href":"https:\/\/www.yokler.com\/accueil-fr\/wp-json\/wp\/v2\/comments?post=573"}],"version-history":[{"count":17,"href":"https:\/\/www.yokler.com\/accueil-fr\/wp-json\/wp\/v2\/pages\/573\/revisions"}],"predecessor-version":[{"id":6979,"href":"https:\/\/www.yokler.com\/accueil-fr\/wp-json\/wp\/v2\/pages\/573\/revisions\/6979"}],"wp:attachment":[{"href":"https:\/\/www.yokler.com\/accueil-fr\/wp-json\/wp\/v2\/media?parent=573"}],"curies":[{"name":"wp","href":"https:\/\/api.w.org\/{rel}","templated":true}]}}