{"id":556,"date":"2018-03-01T10:10:14","date_gmt":"2018-03-01T09:10:14","guid":{"rendered":"https:\/\/www.yokler.com?page_id=556"},"modified":"2023-10-08T12:41:07","modified_gmt":"2023-10-08T10:41:07","slug":"presse","status":"publish","type":"page","link":"https:\/\/www.yokler.com\/accueil-fr\/presse\/","title":{"rendered":"Presse &#8211; fr"},"content":{"rendered":"<div id=\"cs-content\" class=\"cs-content\"><\/div>\n","protected":false},"excerpt":{"rendered":"<p>Ils parlent de nous(ou de nos clients)dans la presse Les v\u00e9los cargos livrent les commer\u00e7ants de Toulon (27\/09\/2023)NOP : la solution \u00e9colo pour le dernier km (05\/10\/2022)Les Menus Services livre les repas \u00e0 domicile en triporteurs \u00e9lectriques (05\/05\/2022)Cyclologistique : Cogepart prend une position majoritaire dans Vlove (14\/01\/2022)Entreprendre : les (belles) opportunit\u00e9s qu&rsquo;offre le secteur de l&rsquo;industrie (05\/01\/2022)Mara\u00eechage : L&rsquo;\u00eelot de &#8230; <\/p>\n<div><a href=\"https:\/\/www.yokler.com\/accueil-fr\/presse\/\" class=\"more-link\">Read More<\/a><\/div>\n","protected":false},"author":1,"featured_media":0,"parent":0,"menu_order":0,"comment_status":"closed","ping_status":"closed","template":"template-blank-4.php","meta":{"_acf_changed":false,"footnotes":""},"class_list":["post-556","page","type-page","status-publish","hentry","no-post-thumbnail"],"acf":[],"yoast_head":"<!-- This site is optimized with the Yoast SEO plugin v27.1.1 - https:\/\/yoast.com\/product\/yoast-seo-wordpress\/ -->\n<title>Yokler, triporteur \u00e9lectrique professionnel : Presse<\/title>\n<meta name=\"description\" content=\"TF1, les \u00c9chos, t\u00e9l\u00e9 matin ils parlent tous de nous et c&#039;est pour la bonne raison. D\u00e9couvrez notre offre de triporteur \u00e9lectrique made in France disponible en vente ou \u00e0 la location.\" \/>\n<meta name=\"robots\" content=\"index, follow, max-snippet:-1, max-image-preview:large, max-video-preview:-1\" \/>\n<link rel=\"canonical\" href=\"https:\/\/www.yokler.com\/accueil-fr\/presse\/\" \/>\n<meta property=\"og:locale\" content=\"fr_FR\" \/>\n<meta property=\"og:type\" content=\"article\" \/>\n<meta property=\"og:title\" content=\"Yokler, triporteur \u00e9lectrique professionnel : Presse\" \/>\n<meta property=\"og:description\" content=\"TF1, les \u00c9chos, t\u00e9l\u00e9 matin ils parlent tous de nous et c&#039;est pour la bonne raison. D\u00e9couvrez notre offre de triporteur \u00e9lectrique made in France disponible en vente ou \u00e0 la location.\" \/>\n<meta property=\"og:url\" content=\"https:\/\/www.yokler.com\/accueil-fr\/presse\/\" \/>\n<meta property=\"og:site_name\" content=\"Triporteur professionnel \u00e0 assistance \u00e9lectrique, par Yokler !\" \/>\n<meta property=\"article:modified_time\" content=\"2023-10-08T10:41:07+00:00\" \/>\n<meta property=\"og:image\" content=\"https:\/\/www.yokler.com\/wp-content\/uploads\/2023\/10\/France3.jpg\" \/>\n<meta name=\"twitter:card\" content=\"summary_large_image\" \/>\n<meta name=\"twitter:label1\" content=\"Dur\u00e9e de lecture estim\u00e9e\" \/>\n\t<meta name=\"twitter:data1\" content=\"7 minutes\" \/>\n<script type=\"application\/ld+json\" class=\"yoast-schema-graph\">{\"@context\":\"https:\/\/schema.org\",\"@graph\":[{\"@type\":\"WebPage\",\"@id\":\"https:\/\/www.yokler.com\/accueil-fr\/presse\/\",\"url\":\"https:\/\/www.yokler.com\/accueil-fr\/presse\/\",\"name\":\"Yokler, triporteur \u00e9lectrique professionnel : Presse\",\"isPartOf\":{\"@id\":\"https:\/\/www.yokler.com\/accueil-fr\/de\/#website\"},\"primaryImageOfPage\":{\"@id\":\"https:\/\/www.yokler.com\/accueil-fr\/presse\/#primaryimage\"},\"image\":{\"@id\":\"https:\/\/www.yokler.com\/accueil-fr\/presse\/#primaryimage\"},\"thumbnailUrl\":\"https:\/\/www.yokler.com\/wp-content\/uploads\/2023\/10\/France3.jpg\",\"datePublished\":\"2018-03-01T09:10:14+00:00\",\"dateModified\":\"2023-10-08T10:41:07+00:00\",\"description\":\"TF1, les \u00c9chos, t\u00e9l\u00e9 matin ils parlent tous de nous et c'est pour la bonne raison. D\u00e9couvrez notre offre de triporteur \u00e9lectrique made in France disponible en vente ou \u00e0 la location.\",\"breadcrumb\":{\"@id\":\"https:\/\/www.yokler.com\/accueil-fr\/presse\/#breadcrumb\"},\"inLanguage\":\"fr-FR\",\"potentialAction\":[{\"@type\":\"ReadAction\",\"target\":[\"https:\/\/www.yokler.com\/accueil-fr\/presse\/\"]}]},{\"@type\":\"ImageObject\",\"inLanguage\":\"fr-FR\",\"@id\":\"https:\/\/www.yokler.com\/accueil-fr\/presse\/#primaryimage\",\"url\":\"https:\/\/www.yokler.com\/wp-content\/uploads\/2023\/10\/France3.jpg\",\"contentUrl\":\"https:\/\/www.yokler.com\/wp-content\/uploads\/2023\/10\/France3.jpg\"},{\"@type\":\"BreadcrumbList\",\"@id\":\"https:\/\/www.yokler.com\/accueil-fr\/presse\/#breadcrumb\",\"itemListElement\":[{\"@type\":\"ListItem\",\"position\":1,\"name\":\"Accueil\",\"item\":\"https:\/\/www.yokler.com\/accueil-fr\/\"},{\"@type\":\"ListItem\",\"position\":2,\"name\":\"Presse &#8211; fr\"}]},{\"@type\":\"WebSite\",\"@id\":\"https:\/\/www.yokler.com\/accueil-fr\/de\/#website\",\"url\":\"https:\/\/www.yokler.com\/accueil-fr\/de\/\",\"name\":\"Triporteur professionnel \u00e0 assistance \u00e9lectrique, par Yokler !\",\"description\":\"Triporteur \u00e9lectrique professionnel made in France\",\"publisher\":{\"@id\":\"https:\/\/www.yokler.com\/accueil-fr\/de\/#organization\"},\"potentialAction\":[{\"@type\":\"SearchAction\",\"target\":{\"@type\":\"EntryPoint\",\"urlTemplate\":\"https:\/\/www.yokler.com\/accueil-fr\/de\/?s={search_term_string}\"},\"query-input\":{\"@type\":\"PropertyValueSpecification\",\"valueRequired\":true,\"valueName\":\"search_term_string\"}}],\"inLanguage\":\"fr-FR\"},{\"@type\":\"Organization\",\"@id\":\"https:\/\/www.yokler.com\/accueil-fr\/de\/#organization\",\"name\":\"Yokler\",\"url\":\"https:\/\/www.yokler.com\/accueil-fr\/de\/\",\"logo\":{\"@type\":\"ImageObject\",\"inLanguage\":\"fr-FR\",\"@id\":\"https:\/\/www.yokler.com\/accueil-fr\/de\/#\/schema\/logo\/image\/\",\"url\":\"https:\/\/www.yokler.com\/wp-content\/uploads\/2021\/10\/logo-yokler-triporteur.png\",\"contentUrl\":\"https:\/\/www.yokler.com\/wp-content\/uploads\/2021\/10\/logo-yokler-triporteur.png\",\"width\":671,\"height\":210,\"caption\":\"Yokler\"},\"image\":{\"@id\":\"https:\/\/www.yokler.com\/accueil-fr\/de\/#\/schema\/logo\/image\/\"}}]}<\/script>\n<!-- \/ Yoast SEO plugin. -->","yoast_head_json":{"title":"Yokler, triporteur \u00e9lectrique professionnel : Presse","description":"TF1, les \u00c9chos, t\u00e9l\u00e9 matin ils parlent tous de nous et c'est pour la bonne raison. D\u00e9couvrez notre offre de triporteur \u00e9lectrique made in France disponible en vente ou \u00e0 la location.","robots":{"index":"index","follow":"follow","max-snippet":"max-snippet:-1","max-image-preview":"max-image-preview:large","max-video-preview":"max-video-preview:-1"},"canonical":"https:\/\/www.yokler.com\/accueil-fr\/presse\/","og_locale":"fr_FR","og_type":"article","og_title":"Yokler, triporteur \u00e9lectrique professionnel : Presse","og_description":"TF1, les \u00c9chos, t\u00e9l\u00e9 matin ils parlent tous de nous et c'est pour la bonne raison. D\u00e9couvrez notre offre de triporteur \u00e9lectrique made in France disponible en vente ou \u00e0 la location.","og_url":"https:\/\/www.yokler.com\/accueil-fr\/presse\/","og_site_name":"Triporteur professionnel \u00e0 assistance \u00e9lectrique, par Yokler !","article_modified_time":"2023-10-08T10:41:07+00:00","og_image":[{"url":"https:\/\/www.yokler.com\/wp-content\/uploads\/2023\/10\/France3.jpg","type":"","width":"","height":""}],"twitter_card":"summary_large_image","twitter_misc":{"Dur\u00e9e de lecture estim\u00e9e":"7 minutes"},"schema":{"@context":"https:\/\/schema.org","@graph":[{"@type":"WebPage","@id":"https:\/\/www.yokler.com\/accueil-fr\/presse\/","url":"https:\/\/www.yokler.com\/accueil-fr\/presse\/","name":"Yokler, triporteur \u00e9lectrique professionnel : Presse","isPartOf":{"@id":"https:\/\/www.yokler.com\/accueil-fr\/de\/#website"},"primaryImageOfPage":{"@id":"https:\/\/www.yokler.com\/accueil-fr\/presse\/#primaryimage"},"image":{"@id":"https:\/\/www.yokler.com\/accueil-fr\/presse\/#primaryimage"},"thumbnailUrl":"https:\/\/www.yokler.com\/wp-content\/uploads\/2023\/10\/France3.jpg","datePublished":"2018-03-01T09:10:14+00:00","dateModified":"2023-10-08T10:41:07+00:00","description":"TF1, les \u00c9chos, t\u00e9l\u00e9 matin ils parlent tous de nous et c'est pour la bonne raison. D\u00e9couvrez notre offre de triporteur \u00e9lectrique made in France disponible en vente ou \u00e0 la location.","breadcrumb":{"@id":"https:\/\/www.yokler.com\/accueil-fr\/presse\/#breadcrumb"},"inLanguage":"fr-FR","potentialAction":[{"@type":"ReadAction","target":["https:\/\/www.yokler.com\/accueil-fr\/presse\/"]}]},{"@type":"ImageObject","inLanguage":"fr-FR","@id":"https:\/\/www.yokler.com\/accueil-fr\/presse\/#primaryimage","url":"https:\/\/www.yokler.com\/wp-content\/uploads\/2023\/10\/France3.jpg","contentUrl":"https:\/\/www.yokler.com\/wp-content\/uploads\/2023\/10\/France3.jpg"},{"@type":"BreadcrumbList","@id":"https:\/\/www.yokler.com\/accueil-fr\/presse\/#breadcrumb","itemListElement":[{"@type":"ListItem","position":1,"name":"Accueil","item":"https:\/\/www.yokler.com\/accueil-fr\/"},{"@type":"ListItem","position":2,"name":"Presse &#8211; fr"}]},{"@type":"WebSite","@id":"https:\/\/www.yokler.com\/accueil-fr\/de\/#website","url":"https:\/\/www.yokler.com\/accueil-fr\/de\/","name":"Triporteur professionnel \u00e0 assistance \u00e9lectrique, par Yokler !","description":"Triporteur \u00e9lectrique professionnel made in France","publisher":{"@id":"https:\/\/www.yokler.com\/accueil-fr\/de\/#organization"},"potentialAction":[{"@type":"SearchAction","target":{"@type":"EntryPoint","urlTemplate":"https:\/\/www.yokler.com\/accueil-fr\/de\/?s={search_term_string}"},"query-input":{"@type":"PropertyValueSpecification","valueRequired":true,"valueName":"search_term_string"}}],"inLanguage":"fr-FR"},{"@type":"Organization","@id":"https:\/\/www.yokler.com\/accueil-fr\/de\/#organization","name":"Yokler","url":"https:\/\/www.yokler.com\/accueil-fr\/de\/","logo":{"@type":"ImageObject","inLanguage":"fr-FR","@id":"https:\/\/www.yokler.com\/accueil-fr\/de\/#\/schema\/logo\/image\/","url":"https:\/\/www.yokler.com\/wp-content\/uploads\/2021\/10\/logo-yokler-triporteur.png","contentUrl":"https:\/\/www.yokler.com\/wp-content\/uploads\/2021\/10\/logo-yokler-triporteur.png","width":671,"height":210,"caption":"Yokler"},"image":{"@id":"https:\/\/www.yokler.com\/accueil-fr\/de\/#\/schema\/logo\/image\/"}}]}},"_links":{"self":[{"href":"https:\/\/www.yokler.com\/accueil-fr\/wp-json\/wp\/v2\/pages\/556","targetHints":{"allow":["GET"]}}],"collection":[{"href":"https:\/\/www.yokler.com\/accueil-fr\/wp-json\/wp\/v2\/pages"}],"about":[{"href":"https:\/\/www.yokler.com\/accueil-fr\/wp-json\/wp\/v2\/types\/page"}],"author":[{"embeddable":true,"href":"https:\/\/www.yokler.com\/accueil-fr\/wp-json\/wp\/v2\/users\/1"}],"replies":[{"embeddable":true,"href":"https:\/\/www.yokler.com\/accueil-fr\/wp-json\/wp\/v2\/comments?post=556"}],"version-history":[{"count":62,"href":"https:\/\/www.yokler.com\/accueil-fr\/wp-json\/wp\/v2\/pages\/556\/revisions"}],"predecessor-version":[{"id":12114,"href":"https:\/\/www.yokler.com\/accueil-fr\/wp-json\/wp\/v2\/pages\/556\/revisions\/12114"}],"wp:attachment":[{"href":"https:\/\/www.yokler.com\/accueil-fr\/wp-json\/wp\/v2\/media?parent=556"}],"curies":[{"name":"wp","href":"https:\/\/api.w.org\/{rel}","templated":true}]}}