{"id":365,"date":"2018-02-26T15:03:29","date_gmt":"2018-02-26T14:03:29","guid":{"rendered":"https:\/\/www.yokler.com?page_id=365"},"modified":"2025-01-20T08:28:55","modified_gmt":"2025-01-20T07:28:55","slug":"eshop","status":"publish","type":"page","link":"https:\/\/www.yokler.com\/accueil-fr\/eshop\/","title":{"rendered":"E-shop &#8211; fr"},"content":{"rendered":"<div id=\"cs-content\" class=\"cs-content\"><div class=\"x-section e365-e1 ma5-0 ma5-1\" style=\"border-bottom: solid #a7aeb5 1px;\"><div class=\"x-container max width e365-e2 ma5-7 ma5-8\"><div class=\"x-column x-sm x-1-1 e365-e3 ma5-b ma5-c ma5-d\"><div class=\"x-text x-text-headline e365-e4 ma5-h h-responsive\"><div class=\"x-text-content\"><div class=\"x-text-content-text\"><h1 class=\"x-text-content-text-primary\">E-shop Yokler - Pi\u00e8ces d\u00e9tach\u00e9es<\/h1>\n<\/div><\/div><\/div><hr class=\"x-line e365-e5 ma5-i\"\/><div class=\"x-text x-content e365-e6 ma5-j ma5-k ma5-l\"><span style=\"color: #333333;\">Commandez vos pi\u00e8ces d\u00e9tach\u00e9es sur notre eshop.<\/span><\/div><hr class=\"x-line e365-e7 ma5-i\"\/><a  class=\"x-btn x-btn-global\"  href=\"https:\/\/yoklermobility.odoo.com\/shop\"     data-options=\"thumbnail: ''\">Acc\u00e9dez \u00e0 l'e-shop<\/a><hr class=\"x-line e365-e9 ma5-i\"\/><div class=\"x-text x-content e365-e10 ma5-j ma5-k ma5-l\"><p><em><span style=\"color: #ff0000;\"><strong>Information \u00e0 nos clients:<\/strong><\/span><br \/>\nPour un traitement rapide de votre commande, pensez \u00e0 ne remplir votre numero de TVA intracommunautaire <span style=\"text-decoration: underline;\">que si votre entreprise est hors de France.<\/span><\/em><\/p><\/div><\/div><\/div><\/div><div class=\"x-section e365-e11 ma5-0 ma5-1\" style=\"border-bottom: solid #a7aeb5 1px;\"><div class=\"x-container max width e365-e12 ma5-7 ma5-8\"><div class=\"x-column x-sm x-1-1 e365-e13 ma5-b ma5-c ma5-d\"><span class=\"x-image e365-e14 ma5-o\"><img decoding=\"async\" data-src=\"https:\/\/www.yokler.com\/wp-content\/uploads\/2019\/02\/Ecran.png\" width=\"448\" height=\"275\" alt=\"Image\" src=\"data:image\/svg+xml;base64,PHN2ZyB3aWR0aD0iMSIgaGVpZ2h0PSIxIiB4bWxucz0iaHR0cDovL3d3dy53My5vcmcvMjAwMC9zdmciPjwvc3ZnPg==\" class=\"lazyload\" style=\"--smush-placeholder-width: 448px; --smush-placeholder-aspect-ratio: 448\/275;\"><\/span><\/div><\/div><\/div><div class=\"x-section e365-e15 ma5-0 ma5-2 ma5-3 ma5-4\" style=\"display:none;\"><div class=\"x-container max width e365-e16 ma5-7 ma5-8\"><div class=\"x-column x-sm x-1-4 e365-e17 ma5-b ma5-d ma5-e ma5-f\" style=\"margin-top:20px;margin-bottom:20px;\"><div class=\"x-text x-content e365-e18 ma5-k ma5-m ma5-n\">Remplacer les plaquettes de frein avant d'un triporteur \u00e9lectrique Yokler<\/div><span class=\"x-image e365-e19 ma5-o\"><img decoding=\"async\" data-src=\"https:\/\/www.yokler.com\/wp-content\/uploads\/2018\/02\/changer-plaquette.jpg\" width=\"300\" height=\"300\" alt=\"Remplacer les plaquettes de frein avant d&#039;un triporteur \u00e9lectrique Yokler\" src=\"data:image\/svg+xml;base64,PHN2ZyB3aWR0aD0iMSIgaGVpZ2h0PSIxIiB4bWxucz0iaHR0cDovL3d3dy53My5vcmcvMjAwMC9zdmciPjwvc3ZnPg==\" class=\"lazyload\" style=\"--smush-placeholder-width: 300px; --smush-placeholder-aspect-ratio: 300\/300;\"><\/span><\/div><div class=\"x-column x-sm x-1-4 e365-e20 ma5-b ma5-d ma5-e ma5-f\" style=\"margin-top:20px;margin-bottom:20px;\"><div class=\"x-text x-content e365-e21 ma5-k ma5-m ma5-n\">Remplacer les plaquettes de frein arri\u00e8re d'un triporteur \u00e9lectrique Yokler<\/div><span class=\"x-image e365-e22 ma5-o\"><img decoding=\"async\" data-src=\"https:\/\/www.yokler.com\/wp-content\/uploads\/2018\/02\/changer-plaquette.jpg\" width=\"300\" height=\"300\" alt=\"Remplacer les plaquettes de frein arri\u00e8re d&#039;un triporteur \u00e9lectrique Yokler\" src=\"data:image\/svg+xml;base64,PHN2ZyB3aWR0aD0iMSIgaGVpZ2h0PSIxIiB4bWxucz0iaHR0cDovL3d3dy53My5vcmcvMjAwMC9zdmciPjwvc3ZnPg==\" class=\"lazyload\" style=\"--smush-placeholder-width: 300px; --smush-placeholder-aspect-ratio: 300\/300;\"><\/span><\/div><div class=\"x-column x-sm x-1-4 e365-e23 ma5-b ma5-d ma5-e ma5-g\" style=\"margin-top:20px;margin-bottom:20px;\"><div class=\"x-text x-content e365-e24 ma5-k ma5-m ma5-n\">Changer la chambre \u00e0 air sur la roue avant d'un triporteur \u00e9lectrique Yokler<\/div><span class=\"x-image e365-e25 ma5-o\"><img decoding=\"async\" data-src=\"https:\/\/www.yokler.com\/wp-content\/uploads\/2018\/02\/changer-chambre-air.jpg\" width=\"300\" height=\"300\" alt=\"Changer la chambre \u00e0 air sur la roue avant d&#039;un triporteur \u00e9lectrique Yokler\" src=\"data:image\/svg+xml;base64,PHN2ZyB3aWR0aD0iMSIgaGVpZ2h0PSIxIiB4bWxucz0iaHR0cDovL3d3dy53My5vcmcvMjAwMC9zdmciPjwvc3ZnPg==\" class=\"lazyload\" style=\"--smush-placeholder-width: 300px; --smush-placeholder-aspect-ratio: 300\/300;\"><\/span><\/div><div class=\"x-column x-sm x-1-4 e365-e26 ma5-b ma5-d ma5-e ma5-g\" style=\"margin-top:20px;margin-bottom:20px;\"><div class=\"x-text x-content e365-e27 ma5-k ma5-m ma5-n\">Changer la chambre \u00e0 air sur la roue arri\u00e8re d'un triporteur \u00e9lectrique Yokler<\/div><span class=\"x-image e365-e28 ma5-o\"><img decoding=\"async\" data-src=\"https:\/\/www.yokler.com\/wp-content\/uploads\/2018\/02\/changer-chambre-air.jpg\" width=\"300\" height=\"300\" alt=\"Changer la chambre \u00e0 air sur la roue arri\u00e8re d&#039;un triporteur \u00e9lectrique Yokler\" src=\"data:image\/svg+xml;base64,PHN2ZyB3aWR0aD0iMSIgaGVpZ2h0PSIxIiB4bWxucz0iaHR0cDovL3d3dy53My5vcmcvMjAwMC9zdmciPjwvc3ZnPg==\" class=\"lazyload\" style=\"--smush-placeholder-width: 300px; --smush-placeholder-aspect-ratio: 300\/300;\"><\/span><\/div><\/div><div class=\"x-container max width e365-e29 ma5-8 ma5-9\"><div class=\"x-column x-sm x-1-4 e365-e30 ma5-b ma5-d ma5-e ma5-g\" style=\"margin-top:20px;margin-bottom:20px;\"><div class=\"x-text x-content e365-e31 ma5-k ma5-m ma5-n\">Remplacer la chaine avant d'un triporteur \u00e9lectrique Yokler<\/div><span class=\"x-image e365-e32 ma5-o\"><img decoding=\"async\" data-src=\"https:\/\/www.yokler.com\/wp-content\/uploads\/2018\/02\/changer-chaine.jpg\" width=\"300\" height=\"300\" alt=\"Remplacer la chaine avant d&#039;un triporteur \u00e9lectrique Yokler\" src=\"data:image\/svg+xml;base64,PHN2ZyB3aWR0aD0iMSIgaGVpZ2h0PSIxIiB4bWxucz0iaHR0cDovL3d3dy53My5vcmcvMjAwMC9zdmciPjwvc3ZnPg==\" class=\"lazyload\" style=\"--smush-placeholder-width: 300px; --smush-placeholder-aspect-ratio: 300\/300;\"><\/span><\/div><div class=\"x-column x-sm x-1-4 e365-e33 ma5-b ma5-d ma5-e ma5-g\" style=\"margin-top:20px;margin-bottom:20px;\"><div class=\"x-text x-content e365-e34 ma5-k ma5-m ma5-n\">Remplacer la chaine arri\u00e8re d'un triporteur \u00e9lectrique Yokler<\/div><span class=\"x-image e365-e35 ma5-o\"><img decoding=\"async\" data-src=\"https:\/\/www.yokler.com\/wp-content\/uploads\/2018\/02\/changer-chaine.jpg\" width=\"300\" height=\"300\" alt=\"Remplacer la chaine arri\u00e8re d&#039;un triporteur \u00e9lectrique Yokler\" src=\"data:image\/svg+xml;base64,PHN2ZyB3aWR0aD0iMSIgaGVpZ2h0PSIxIiB4bWxucz0iaHR0cDovL3d3dy53My5vcmcvMjAwMC9zdmciPjwvc3ZnPg==\" class=\"lazyload\" style=\"--smush-placeholder-width: 300px; --smush-placeholder-aspect-ratio: 300\/300;\"><\/span><\/div><div class=\"x-column x-sm x-1-4 e365-e36 ma5-b ma5-d ma5-e ma5-g\" style=\"margin-top:20px;margin-bottom:20px;\"><div class=\"x-text x-content e365-e37 ma5-k ma5-m ma5-n\">Remplacer la bo\u00eete de vitesse d'un triporteur \u00e9lectrique Yokler<\/div><span class=\"x-image e365-e38 ma5-o\"><img decoding=\"async\" data-src=\"https:\/\/www.yokler.com\/wp-content\/uploads\/2018\/02\/nuvinci.jpg\" width=\"300\" height=\"300\" alt=\"Remplacer la bo\u00eete de vitesse d&#039;un triporteur \u00e9lectrique Yokler\" src=\"data:image\/svg+xml;base64,PHN2ZyB3aWR0aD0iMSIgaGVpZ2h0PSIxIiB4bWxucz0iaHR0cDovL3d3dy53My5vcmcvMjAwMC9zdmciPjwvc3ZnPg==\" class=\"lazyload\" style=\"--smush-placeholder-width: 300px; --smush-placeholder-aspect-ratio: 300\/300;\"><\/span><\/div><div class=\"x-column x-sm x-1-4 e365-e39 ma5-b ma5-d ma5-e ma5-g\" style=\"margin-top:20px;margin-bottom:20px;\"><div class=\"x-text x-content e365-e40 ma5-k ma5-m ma5-n\">R\u00e9gler la hauteur de selle d'un triporteur \u00e9lectrique Yokler<\/div><span class=\"x-image e365-e41 ma5-o\"><img decoding=\"async\" data-src=\"https:\/\/www.yokler.com\/wp-content\/uploads\/2018\/02\/reglage-selle.jpg\" width=\"300\" height=\"300\" alt=\"R\u00e9gler la hauteur de selle d&#039;un triporteur \u00e9lectrique Yokler\" src=\"data:image\/svg+xml;base64,PHN2ZyB3aWR0aD0iMSIgaGVpZ2h0PSIxIiB4bWxucz0iaHR0cDovL3d3dy53My5vcmcvMjAwMC9zdmciPjwvc3ZnPg==\" class=\"lazyload\" style=\"--smush-placeholder-width: 300px; --smush-placeholder-aspect-ratio: 300\/300;\"><\/span><\/div><\/div><div class=\"x-container max width e365-e42 ma5-8 ma5-9\" style=\"display:none;\"><div class=\"x-column x-sm x-1-4 e365-e43 ma5-b ma5-d ma5-e ma5-g\" style=\"margin-top:20px;margin-bottom:20px;\"><div class=\"x-text x-content e365-e44 ma5-k ma5-m ma5-n\">D\u00e9monter la carrosserie publicitaire d'un v\u00e9lotaxi \u00e9lectrique Yokler<\/div><span class=\"x-image e365-e45 ma5-o\"><img decoding=\"async\" data-src=\"https:\/\/www.yokler.com\/wp-content\/uploads\/2018\/02\/demonter-carrosserie.jpg\" width=\"300\" height=\"300\" alt=\"D\u00e9monter la carrosserie publicitaire d&#039;un v\u00e9lotaxi \u00e9lectrique Yokler\" src=\"data:image\/svg+xml;base64,PHN2ZyB3aWR0aD0iMSIgaGVpZ2h0PSIxIiB4bWxucz0iaHR0cDovL3d3dy53My5vcmcvMjAwMC9zdmciPjwvc3ZnPg==\" class=\"lazyload\" style=\"--smush-placeholder-width: 300px; --smush-placeholder-aspect-ratio: 300\/300;\"><\/span><\/div><div class=\"x-column x-sm x-1-4 e365-e46 ma5-b ma5-c ma5-d\">&nbsp;<\/div><div class=\"x-column x-sm x-1-4 e365-e47 ma5-b ma5-c ma5-d\">&nbsp;<\/div><div class=\"x-column x-sm x-1-4 e365-e48 ma5-b ma5-c ma5-d\">&nbsp;<\/div><\/div><\/div><div class=\"x-section e365-e49 ma5-0 ma5-2 ma5-3\"><div class=\"x-container max width e365-e50 ma5-7 ma5-8 ma5-a\"><div class=\"x-column x-sm x-1-1 e365-e51 ma5-b ma5-c\"><a  class=\"x-btn x-btn-global\"  href=\"https:\/\/www.yokler.com\/\"     data-options=\"thumbnail: ''\">Retour accueil <\/a><\/div><\/div><\/div><div class=\"x-section e365-e53 ma5-0 ma5-2 ma5-5\"><div class=\"x-container max width e365-e54 ma5-7 ma5-8 ma5-a\"><div class=\"x-column x-sm x-1-3 e365-e55 ma5-b ma5-c\"><i  class=\"x-icon x-icon-credit-card-alt\" style=\"text-align: center; color: #f41e43; font-size: 60px;\" data-x-icon-s=\"&#xf09d;\" aria-hidden=\"true\"><\/i><div class=\"x-text x-content e365-e57 ma5-j ma5-k ma5-n\"><p><strong>Paiement <br \/>s\u00e9curis\u00e9<\/strong><\/p><p>Vos paiements en ligne sont s\u00e9curis\u00e9s par notre partenaire bancaire.<\/p><\/div><\/div><div class=\"x-column x-sm x-1-3 e365-e58 ma5-b ma5-c ma5-d\"><i  class=\"x-icon x-icon-ship\" style=\"text-align: center; color: #f41e43; font-size: 60px;\" data-x-icon-s=\"&#xf21a;\" aria-hidden=\"true\"><\/i><div class=\"x-text x-content e365-e60 ma5-j ma5-k ma5-n\"><p><strong>Livraison dans <br \/>le monde entier<\/strong><\/p><p>Nous livrons votre triporteur sur tous les continents.<\/p><\/div><\/div><div class=\"x-column x-sm x-1-3 e365-e61 ma5-b ma5-c ma5-d\"><i  class=\"x-icon x-icon-smile-o\" style=\"text-align: center; color: #f41e43; font-size: 60px;\" data-x-icon-s=\"&#xf118;\" aria-hidden=\"true\"><\/i><div class=\"x-text x-content e365-e63 ma5-j ma5-k ma5-n\"><p><strong>Garantie constructeur<br \/>\n2\u00a0ans pi\u00e8ces et main d'oeuvre<br \/>\n(<a href=\"https:\/\/www.yokler.com\/garantie-constructeur-triporteur\/\">+ d'infos<\/a>)<\/strong><\/p>\n<p><span>Tous nos triporteurs b\u00e9n\u00e9ficient du label de qualit\u00e9 Made in France.<\/span><\/p><\/div><\/div><\/div><\/div><div class=\"x-section e365-e64 ma5-0 ma5-6\"><div class=\"x-container max width e365-e65 ma5-7 ma5-8\"><div class=\"x-column x-sm x-1-1 e365-e66 ma5-b ma5-c ma5-d\"><a class=\"x-anchor x-anchor-button has-graphic e365-e67 ma5-q\" tabindex=\"0\" href=\"https:\/\/www.facebook.com\/YoklerMobility\/\"><div class=\"x-anchor-content\"><span class=\"x-graphic\" aria-hidden=\"true\"><i class=\"x-icon x-graphic-child x-graphic-icon x-graphic-primary\" aria-hidden=\"true\" data-x-icon-b=\"&#xf09a;\"><\/i><\/span><\/div><\/a><a class=\"x-anchor x-anchor-button has-graphic e365-e68 ma5-q\" tabindex=\"0\" href=\"https:\/\/twitter.com\/yoklerMobility\"><div class=\"x-anchor-content\"><span class=\"x-graphic\" aria-hidden=\"true\"><i class=\"x-icon x-graphic-child x-graphic-icon x-graphic-primary\" aria-hidden=\"true\" data-x-icon-b=\"&#xf099;\"><\/i><\/span><\/div><\/a><a class=\"x-anchor x-anchor-button has-graphic e365-e69 ma5-q\" tabindex=\"0\" href=\"https:\/\/fr.linkedin.com\/company\/yokler\"><div class=\"x-anchor-content\"><span class=\"x-graphic\" aria-hidden=\"true\"><i class=\"x-icon x-graphic-child x-graphic-icon x-graphic-primary\" aria-hidden=\"true\" data-x-icon-b=\"&#xf08c;\"><\/i><\/span><\/div><\/a><a class=\"x-anchor x-anchor-button has-graphic e365-e70 ma5-q\" tabindex=\"0\" href=\"https:\/\/www.instagram.com\/yoklermobility\/\"><div class=\"x-anchor-content\"><span class=\"x-graphic\" aria-hidden=\"true\"><i class=\"x-icon x-graphic-child x-graphic-icon x-graphic-primary\" aria-hidden=\"true\" data-x-icon-b=\"&#xf16d;\"><\/i><\/span><\/div><\/a><\/div><\/div><\/div><div class=\"x-section e365-e71 ma5-0 ma5-2 ma5-3\"><div class=\"x-container max width e365-e72 ma5-7 ma5-8\"><div class=\"x-column x-sm x-1-1 e365-e73 ma5-b ma5-c ma5-d\"><span class=\"x-image e365-e74 ma5-o ma5-p\"><img decoding=\"async\" data-src=\"https:\/\/www.yokler.com\/wp-content\/uploads\/2018\/02\/logo-yokler-triporteur.png\" width=\"335\" height=\"105\" alt=\"logo Yokler\" src=\"data:image\/svg+xml;base64,PHN2ZyB3aWR0aD0iMSIgaGVpZ2h0PSIxIiB4bWxucz0iaHR0cDovL3d3dy53My5vcmcvMjAwMC9zdmciPjwvc3ZnPg==\" class=\"lazyload\" style=\"--smush-placeholder-width: 335px; --smush-placeholder-aspect-ratio: 335\/105;\"><\/span><\/div><\/div><\/div><span data-x-element-responsive-text=\"{&quot;selector&quot;:&quot;.h-responsive&quot;,&quot;compression&quot;:&quot;1.0&quot;,&quot;minFontSize&quot;:&quot;20px&quot;,&quot;maxFontSize&quot;:&quot;40px&quot;}\" class=\"e365-e75\"><\/span><\/div>\n","protected":false},"excerpt":{"rendered":"<p>E-shop Yokler &#8211; Pi\u00e8ces d\u00e9tach\u00e9es Commandez vos pi\u00e8ces d\u00e9tach\u00e9es sur notre eshop.Acc\u00e9dez \u00e0 l&rsquo;e-shopInformation \u00e0 nos clients: Pour un traitement rapide de votre commande, pensez \u00e0 ne remplir votre numero de TVA intracommunautaire que si votre entreprise est hors de France.Remplacer les plaquettes de frein avant d&rsquo;un triporteur \u00e9lectrique YoklerRemplacer les plaquettes de frein arri\u00e8re d&rsquo;un triporteur \u00e9lectrique YoklerChanger la &#8230; <\/p>\n<div><a href=\"https:\/\/www.yokler.com\/accueil-fr\/eshop\/\" class=\"more-link\">Read More<\/a><\/div>\n","protected":false},"author":1,"featured_media":0,"parent":0,"menu_order":0,"comment_status":"closed","ping_status":"closed","template":"template-blank-4.php","meta":{"_acf_changed":false,"footnotes":""},"class_list":["post-365","page","type-page","status-publish","hentry","no-post-thumbnail"],"acf":[],"yoast_head":"<!-- This site is optimized with the Yoast SEO plugin v27.1.1 - https:\/\/yoast.com\/product\/yoast-seo-wordpress\/ -->\n<title>Pi\u00e8ces d\u00e9tach\u00e9es pour triporteur : Commande en ligne | Yokler<\/title>\n<meta name=\"description\" content=\"Commandez vos pi\u00e8ces d\u00e9tach\u00e9es pour triporteur \u00e9lectrique Yokler sur notre e-shop. Livraison rapide en 48h partout en France et en Europe\" \/>\n<meta name=\"robots\" content=\"index, follow, max-snippet:-1, max-image-preview:large, max-video-preview:-1\" \/>\n<link rel=\"canonical\" href=\"https:\/\/www.yokler.com\/accueil-fr\/eshop\/\" \/>\n<meta property=\"og:locale\" content=\"fr_FR\" \/>\n<meta property=\"og:type\" content=\"article\" \/>\n<meta property=\"og:title\" content=\"Pi\u00e8ces d\u00e9tach\u00e9es pour triporteur : Commande en ligne | Yokler\" \/>\n<meta property=\"og:description\" content=\"Commandez vos pi\u00e8ces d\u00e9tach\u00e9es pour triporteur \u00e9lectrique Yokler sur notre e-shop. Livraison rapide en 48h partout en France et en Europe\" \/>\n<meta property=\"og:url\" content=\"https:\/\/www.yokler.com\/accueil-fr\/eshop\/\" \/>\n<meta property=\"og:site_name\" content=\"Triporteur professionnel \u00e0 assistance \u00e9lectrique, par Yokler !\" \/>\n<meta property=\"article:modified_time\" content=\"2025-01-20T07:28:55+00:00\" \/>\n<meta name=\"twitter:card\" content=\"summary_large_image\" \/>\n<meta name=\"twitter:label1\" content=\"Dur\u00e9e de lecture estim\u00e9e\" \/>\n\t<meta name=\"twitter:data1\" content=\"4 minutes\" \/>\n<script type=\"application\/ld+json\" class=\"yoast-schema-graph\">{\"@context\":\"https:\/\/schema.org\",\"@graph\":[{\"@type\":\"WebPage\",\"@id\":\"https:\/\/www.yokler.com\/accueil-fr\/eshop\/\",\"url\":\"https:\/\/www.yokler.com\/accueil-fr\/eshop\/\",\"name\":\"Pi\u00e8ces d\u00e9tach\u00e9es pour triporteur : Commande en ligne | Yokler\",\"isPartOf\":{\"@id\":\"https:\/\/www.yokler.com\/accueil-fr\/de\/#website\"},\"datePublished\":\"2018-02-26T14:03:29+00:00\",\"dateModified\":\"2025-01-20T07:28:55+00:00\",\"description\":\"Commandez vos pi\u00e8ces d\u00e9tach\u00e9es pour triporteur \u00e9lectrique Yokler sur notre e-shop. Livraison rapide en 48h partout en France et en Europe\",\"breadcrumb\":{\"@id\":\"https:\/\/www.yokler.com\/accueil-fr\/eshop\/#breadcrumb\"},\"inLanguage\":\"fr-FR\",\"potentialAction\":[{\"@type\":\"ReadAction\",\"target\":[\"https:\/\/www.yokler.com\/accueil-fr\/eshop\/\"]}]},{\"@type\":\"BreadcrumbList\",\"@id\":\"https:\/\/www.yokler.com\/accueil-fr\/eshop\/#breadcrumb\",\"itemListElement\":[{\"@type\":\"ListItem\",\"position\":1,\"name\":\"Accueil\",\"item\":\"https:\/\/www.yokler.com\/accueil-fr\/\"},{\"@type\":\"ListItem\",\"position\":2,\"name\":\"E-shop &#8211; fr\"}]},{\"@type\":\"WebSite\",\"@id\":\"https:\/\/www.yokler.com\/accueil-fr\/de\/#website\",\"url\":\"https:\/\/www.yokler.com\/accueil-fr\/de\/\",\"name\":\"Triporteur professionnel \u00e0 assistance \u00e9lectrique, par Yokler !\",\"description\":\"Triporteur \u00e9lectrique professionnel made in France\",\"publisher\":{\"@id\":\"https:\/\/www.yokler.com\/accueil-fr\/de\/#organization\"},\"potentialAction\":[{\"@type\":\"SearchAction\",\"target\":{\"@type\":\"EntryPoint\",\"urlTemplate\":\"https:\/\/www.yokler.com\/accueil-fr\/de\/?s={search_term_string}\"},\"query-input\":{\"@type\":\"PropertyValueSpecification\",\"valueRequired\":true,\"valueName\":\"search_term_string\"}}],\"inLanguage\":\"fr-FR\"},{\"@type\":\"Organization\",\"@id\":\"https:\/\/www.yokler.com\/accueil-fr\/de\/#organization\",\"name\":\"Yokler\",\"url\":\"https:\/\/www.yokler.com\/accueil-fr\/de\/\",\"logo\":{\"@type\":\"ImageObject\",\"inLanguage\":\"fr-FR\",\"@id\":\"https:\/\/www.yokler.com\/accueil-fr\/de\/#\/schema\/logo\/image\/\",\"url\":\"https:\/\/www.yokler.com\/wp-content\/uploads\/2021\/10\/logo-yokler-triporteur.png\",\"contentUrl\":\"https:\/\/www.yokler.com\/wp-content\/uploads\/2021\/10\/logo-yokler-triporteur.png\",\"width\":671,\"height\":210,\"caption\":\"Yokler\"},\"image\":{\"@id\":\"https:\/\/www.yokler.com\/accueil-fr\/de\/#\/schema\/logo\/image\/\"}}]}<\/script>\n<!-- \/ Yoast SEO plugin. -->","yoast_head_json":{"title":"Pi\u00e8ces d\u00e9tach\u00e9es pour triporteur : Commande en ligne | Yokler","description":"Commandez vos pi\u00e8ces d\u00e9tach\u00e9es pour triporteur \u00e9lectrique Yokler sur notre e-shop. Livraison rapide en 48h partout en France et en Europe","robots":{"index":"index","follow":"follow","max-snippet":"max-snippet:-1","max-image-preview":"max-image-preview:large","max-video-preview":"max-video-preview:-1"},"canonical":"https:\/\/www.yokler.com\/accueil-fr\/eshop\/","og_locale":"fr_FR","og_type":"article","og_title":"Pi\u00e8ces d\u00e9tach\u00e9es pour triporteur : Commande en ligne | Yokler","og_description":"Commandez vos pi\u00e8ces d\u00e9tach\u00e9es pour triporteur \u00e9lectrique Yokler sur notre e-shop. Livraison rapide en 48h partout en France et en Europe","og_url":"https:\/\/www.yokler.com\/accueil-fr\/eshop\/","og_site_name":"Triporteur professionnel \u00e0 assistance \u00e9lectrique, par Yokler !","article_modified_time":"2025-01-20T07:28:55+00:00","twitter_card":"summary_large_image","twitter_misc":{"Dur\u00e9e de lecture estim\u00e9e":"4 minutes"},"schema":{"@context":"https:\/\/schema.org","@graph":[{"@type":"WebPage","@id":"https:\/\/www.yokler.com\/accueil-fr\/eshop\/","url":"https:\/\/www.yokler.com\/accueil-fr\/eshop\/","name":"Pi\u00e8ces d\u00e9tach\u00e9es pour triporteur : Commande en ligne | Yokler","isPartOf":{"@id":"https:\/\/www.yokler.com\/accueil-fr\/de\/#website"},"datePublished":"2018-02-26T14:03:29+00:00","dateModified":"2025-01-20T07:28:55+00:00","description":"Commandez vos pi\u00e8ces d\u00e9tach\u00e9es pour triporteur \u00e9lectrique Yokler sur notre e-shop. Livraison rapide en 48h partout en France et en Europe","breadcrumb":{"@id":"https:\/\/www.yokler.com\/accueil-fr\/eshop\/#breadcrumb"},"inLanguage":"fr-FR","potentialAction":[{"@type":"ReadAction","target":["https:\/\/www.yokler.com\/accueil-fr\/eshop\/"]}]},{"@type":"BreadcrumbList","@id":"https:\/\/www.yokler.com\/accueil-fr\/eshop\/#breadcrumb","itemListElement":[{"@type":"ListItem","position":1,"name":"Accueil","item":"https:\/\/www.yokler.com\/accueil-fr\/"},{"@type":"ListItem","position":2,"name":"E-shop &#8211; fr"}]},{"@type":"WebSite","@id":"https:\/\/www.yokler.com\/accueil-fr\/de\/#website","url":"https:\/\/www.yokler.com\/accueil-fr\/de\/","name":"Triporteur professionnel \u00e0 assistance \u00e9lectrique, par Yokler !","description":"Triporteur \u00e9lectrique professionnel made in France","publisher":{"@id":"https:\/\/www.yokler.com\/accueil-fr\/de\/#organization"},"potentialAction":[{"@type":"SearchAction","target":{"@type":"EntryPoint","urlTemplate":"https:\/\/www.yokler.com\/accueil-fr\/de\/?s={search_term_string}"},"query-input":{"@type":"PropertyValueSpecification","valueRequired":true,"valueName":"search_term_string"}}],"inLanguage":"fr-FR"},{"@type":"Organization","@id":"https:\/\/www.yokler.com\/accueil-fr\/de\/#organization","name":"Yokler","url":"https:\/\/www.yokler.com\/accueil-fr\/de\/","logo":{"@type":"ImageObject","inLanguage":"fr-FR","@id":"https:\/\/www.yokler.com\/accueil-fr\/de\/#\/schema\/logo\/image\/","url":"https:\/\/www.yokler.com\/wp-content\/uploads\/2021\/10\/logo-yokler-triporteur.png","contentUrl":"https:\/\/www.yokler.com\/wp-content\/uploads\/2021\/10\/logo-yokler-triporteur.png","width":671,"height":210,"caption":"Yokler"},"image":{"@id":"https:\/\/www.yokler.com\/accueil-fr\/de\/#\/schema\/logo\/image\/"}}]}},"_links":{"self":[{"href":"https:\/\/www.yokler.com\/accueil-fr\/wp-json\/wp\/v2\/pages\/365","targetHints":{"allow":["GET"]}}],"collection":[{"href":"https:\/\/www.yokler.com\/accueil-fr\/wp-json\/wp\/v2\/pages"}],"about":[{"href":"https:\/\/www.yokler.com\/accueil-fr\/wp-json\/wp\/v2\/types\/page"}],"author":[{"embeddable":true,"href":"https:\/\/www.yokler.com\/accueil-fr\/wp-json\/wp\/v2\/users\/1"}],"replies":[{"embeddable":true,"href":"https:\/\/www.yokler.com\/accueil-fr\/wp-json\/wp\/v2\/comments?post=365"}],"version-history":[{"count":40,"href":"https:\/\/www.yokler.com\/accueil-fr\/wp-json\/wp\/v2\/pages\/365\/revisions"}],"predecessor-version":[{"id":13818,"href":"https:\/\/www.yokler.com\/accueil-fr\/wp-json\/wp\/v2\/pages\/365\/revisions\/13818"}],"wp:attachment":[{"href":"https:\/\/www.yokler.com\/accueil-fr\/wp-json\/wp\/v2\/media?parent=365"}],"curies":[{"name":"wp","href":"https:\/\/api.w.org\/{rel}","templated":true}]}}