{"id":340,"date":"2018-02-26T12:24:28","date_gmt":"2018-02-26T11:24:28","guid":{"rendered":"https:\/\/www.yokler.com?page_id=340"},"modified":"2025-09-05T21:44:11","modified_gmt":"2025-09-05T19:44:11","slug":"garantie","status":"publish","type":"page","link":"https:\/\/www.yokler.com\/accueil-fr\/garantie\/","title":{"rendered":"Garantie &#8211; fr"},"content":{"rendered":"<div id=\"cs-content\" class=\"cs-content\"><div class=\"x-section e340-e1 m9g-0 m9g-1\" style=\"border-bottom: solid #a7aeb5 1px;\"><div class=\"x-container max width e340-e2 m9g-6\"><div class=\"x-column x-sm x-1-1 e340-e3 m9g-8 m9g-9\"><div class=\"x-text x-text-headline e340-e4 m9g-a h-responsive\"><div class=\"x-text-content\"><div class=\"x-text-content-text\"><h1 class=\"x-text-content-text-primary\">Garantie constructeur Yokler et service apr\u00e8s-vente<\/h1>\n<\/div><\/div><\/div><div class=\"x-text x-content e340-e5 m9g-b m9g-c\"><p style=\"text-align: left;\"><em>(Mise \u00e0 jour 01\/01\/2025)<\/em><\/p>\n<p style=\"text-align: left;\"><strong>Conditions de la garantie constructeur Yokler<\/strong><\/p>\n<p style=\"text-align: left;\"><span>Tous les triporteurs \u00e0 assistance \u00e9lectrique Yokler ont \u00e9t\u00e9 assembl\u00e9s avec le plus grand soin par nos \u00e9quipes techniques \u00e0 notre atelier de Vaulx-en-Velin La Soie (69).<\/span><\/p>\n<p style=\"text-align: left;\"><span>Ils font l'objet de plusieurs centaines de points de contr\u00f4le tout au long de leur processus de production.<\/span><\/p>\n<p style=\"text-align: left;\"><span>Les batteries Yokler sont assembl\u00e9es en France par notre partenaire technique dans une usine norm\u00e9e ISO9001.<\/span><\/p>\n<p style=\"text-align: left;\"><span>Les produits Yokler b\u00e9n\u00e9ficient d\u2019une garantie constructeur pi\u00e8ces et main d\u2019\u0153uvre visant \u00e0 prot\u00e9ger l\u2019utilisateur contre tout d\u00e9faut de fabrication.<\/span><\/p>\n<p style=\"text-align: left;\"><span>Sa dur\u00e9e est de 2 ans ou 20 000km (la plus courte des valeurs) pour les mat\u00e9riels neufs.<\/span><\/p>\n<p style=\"text-align: left;\"><span>Sa dur\u00e9e est de 1 an ou 5 000 km (la plus courte des valeurs) pour les mat\u00e9riels re-conditionn\u00e9s.<\/span><\/p>\n<p style=\"text-align: left;\"><span>La p\u00e9riode de garantie s'entend \u00e0 compter de la date de livraison du mat\u00e9riel.<\/span><\/p>\n<p style=\"text-align: left;\"><span>La garantie constructeur est limit\u00e9e au produit objet du contrat de vente, et exclut toute perte d\u2019exploitation.<\/span><\/p>\n<p style=\"text-align: left;\"><span>Elle couvre toutes les pi\u00e8ces de structure que sont le cadre, la fourche, les roues, le moteur et la batterie.<\/span><\/p>\n<p style=\"text-align: left;\"><span>Sont exclues toutes les pi\u00e8ces d\u2019usure comme les pneumatiques, chambres \u00e0 air, c\u00e2bles, chaines, engrenages internes, pignons, boite de vitesse, rayons, fusibles ou plaquettes de frein, ainsi que les dommages r\u00e9sultant de chocs, d\u2019accidents ou de vandalisme.<\/span><\/p>\n<p style=\"text-align: left;\"><span>Son exercice est conditionn\u00e9 \u00e0 :<\/span><\/p>\n\n<ul>\n \t<li style=\"text-align: left;\"><span><span><span>L\u2019absence de transformation du produit qu\u2019elle soit m\u00e9canique, \u00e9lectrique, \u00e9lectronique ou au niveau de la carrosserie;<\/span><\/span><\/span><\/li>\n \t<li style=\"text-align: left;\"><span><span><span>Au strict respect des consignes d\u2019utilisation, des charges et pentes maximales;<\/span><\/span><\/span><\/li>\n \t<li style=\"text-align: left;\"><span><span><span>A l'ex\u00e9cution des actions de maintenance pr\u00e9ventive et curatives;<\/span><\/span><\/span><\/li>\n \t<li style=\"text-align: left;\"><span><span><span>A la tenue d'un carnet de maintenance pr\u00e9ventive et curative \u00e0 jour;<\/span><\/span><\/span><\/li>\n \t<li style=\"text-align: left;\"><span>A la formation rigoureuse des pilotes \u00e0 la conduite.<\/span><\/li>\n<\/ul>\n<p style=\"text-align: left;\"><span>Les batteries font l'objet de conditions de garantie compl\u00e9mentaires.<\/span><\/p>\n<p style=\"text-align: left;\"><span>Sont notamment exclus :<\/span><\/p>\n<p style=\"text-align: left;\"><span>Le remplacement des fusibles;<\/span><\/p>\n<p style=\"text-align: left;\"><span>Les dommages r\u00e9sultant de chocs notamment lorsque la batterie montre des traces d\u2019impact pouvant entrainer le descellement d'une ou plusieurs cellules;<\/span><\/p>\n<p style=\"text-align: left;\"><span>Les dommages r\u00e9sultant de l\u2019oxydation ou de l'humidit\u00e9;<\/span><\/p>\n<p style=\"text-align: left;\"><span>Les dommages survenant sur les cosses de branchement ou d\u00e9branchement;<\/span><\/p>\n<p style=\"text-align: left;\"><span>L'usure normale des cellules dont la capacit\u00e9 peut se r\u00e9duire de 5 \u00e0 15% par an ou tous les 300 cycles de charge (la plus courte des valeurs).<\/span><\/p>\n<p style=\"text-align: left;\"><span>La portion main d'oeuvre de la garantie constructeur s'exerce uniquement dans le cas o\u00f9 le Client est en mesure de retourner son mat\u00e9riel \u00e0 l'usine Yokler o\u00f9 chez son distributeur local le cas \u00e9ch\u00e9ant.<\/span><\/p>\n<p style=\"text-align: left;\"><span>Dans les autres cas, Yokler pourra prendre en charge la main d'oeuvre dans la limite d'un forfait de 4h au taux horaire de 65\u20acHT sur production de facture par le Client.<\/span><\/p>\n<p style=\"text-align: left;\"><span>Les frais de livraison des pi\u00e8ces garanties sont \u00e0 la charge du client dans le cas o\u00f9 ce dernier souhaite qu'elles soient livr\u00e9es \u00e0 son adresse. <\/span><\/p>\n<p style=\"text-align: left;\"><span>Dans le cadre d'une prise en charge par la garantie constructeur pour un mat\u00e9riel au del\u00e0 d'un an d'anciennet\u00e9 ou 2500km parcourus (la plus courte des valeurs), Yokler se r\u00e9serve le droit d'appliquer une v\u00e9tust\u00e9 au prorata du temps restant de la garantie constructeur pour un remplacement des composants \u00e0 neuf ou de nouvelle g\u00e9n\u00e9ration.<\/span><\/p>\n<p style=\"text-align: left;\"><b>Comment contacter le SAV ?<br \/>\n<\/b><br \/>\nPour contacter le service apr\u00e8s-vente, le client doit en premier lieu signaler sa panne en remplissant le formulaire ci-apr\u00e8s :<\/p>\n<p>\n<div class=\"wpcf7 no-js\" id=\"wpcf7-f7678-o1\" lang=\"fr-FR\" dir=\"ltr\" data-wpcf7-id=\"7678\">\n<div class=\"screen-reader-response\"><p role=\"status\" aria-live=\"polite\" aria-atomic=\"true\"><\/p> <ul><\/ul><\/div>\n<form action=\"\/accueil-fr\/wp-json\/wp\/v2\/pages\/340#wpcf7-f7678-o1\" method=\"post\" class=\"wpcf7-form init\" aria-label=\"Formulaire de contact\" novalidate=\"novalidate\" data-status=\"init\">\n<fieldset class=\"hidden-fields-container\"><input type=\"hidden\" name=\"_wpcf7\" value=\"7678\" \/><input type=\"hidden\" name=\"_wpcf7_version\" value=\"6.1.5\" \/><input type=\"hidden\" name=\"_wpcf7_locale\" value=\"fr_FR\" \/><input type=\"hidden\" name=\"_wpcf7_unit_tag\" value=\"wpcf7-f7678-o1\" \/><input type=\"hidden\" name=\"_wpcf7_container_post\" value=\"0\" \/><input type=\"hidden\" name=\"_wpcf7_posted_data_hash\" value=\"\" \/><input type=\"hidden\" name=\"_wpcf7_recaptcha_response\" value=\"\" \/>\n<\/fieldset>\n<p><label> Vos pr\u00e9nom et nom *<span class=\"wpcf7-form-control-wrap\" data-name=\"nom\"><input size=\"40\" maxlength=\"400\" class=\"wpcf7-form-control wpcf7-text wpcf7-validates-as-required\" aria-required=\"true\" aria-invalid=\"false\" value=\"\" type=\"text\" name=\"nom\" \/><\/span> <\/label>\n<\/p>\n<p><label> Votre entreprise *<span class=\"wpcf7-form-control-wrap\" data-name=\"entreprise\"><input size=\"40\" maxlength=\"400\" class=\"wpcf7-form-control wpcf7-text wpcf7-validates-as-required\" aria-required=\"true\" aria-invalid=\"false\" value=\"\" type=\"text\" name=\"entreprise\" \/><\/span> <\/label>\n<\/p>\n<p><label> Votre n\u00b0 de s\u00e9rie *<span class=\"wpcf7-form-control-wrap\" data-name=\"numeroserie\"><input size=\"40\" maxlength=\"400\" class=\"wpcf7-form-control wpcf7-text wpcf7-validates-as-required\" aria-required=\"true\" aria-invalid=\"false\" value=\"\" type=\"text\" name=\"numeroserie\" \/><\/span> <\/label>\n<\/p>\n<p><label> D\u00e9crivez le probl\u00e8me que vous rencontrez *<span class=\"wpcf7-form-control-wrap\" data-name=\"probleme\"><input size=\"40\" maxlength=\"400\" class=\"wpcf7-form-control wpcf7-text wpcf7-validates-as-required\" aria-required=\"true\" aria-invalid=\"false\" value=\"\" type=\"text\" name=\"probleme\" \/><\/span> <\/label>\n<\/p>\n<p><label> Votre email * <span class=\"wpcf7-form-control-wrap\" data-name=\"adresse-email\"><input size=\"40\" maxlength=\"400\" class=\"wpcf7-form-control wpcf7-email wpcf7-validates-as-required wpcf7-text wpcf7-validates-as-email\" aria-required=\"true\" aria-invalid=\"false\" value=\"\" type=\"email\" name=\"adresse-email\" \/><\/span> <\/label>\n<\/p>\n<p><label> Votre num\u00e9ro de t\u00e9l\u00e9phone * <span class=\"wpcf7-form-control-wrap\" data-name=\"telephone\"><input size=\"40\" maxlength=\"400\" class=\"wpcf7-form-control wpcf7-tel wpcf7-validates-as-required wpcf7-text wpcf7-validates-as-tel\" aria-required=\"true\" aria-invalid=\"false\" value=\"\" type=\"tel\" name=\"telephone\" \/><\/span> <\/label>\n<\/p>\n<p><input class=\"wpcf7-form-control wpcf7-submit has-spinner\" type=\"submit\" value=\"Envoyer\" \/>\n<\/p><div class=\"wpcf7-response-output\" aria-hidden=\"true\"><\/div>\n<\/form>\n<\/div>\n<\/p>\n<p style=\"text-align: left;\">ou par mail sur l'adresse <a href=\"mailto:sav@yokler.com\">sav@yokler.com<\/a>\u00a0en pr\u00e9cisant son num\u00e9ro de s\u00e9rie unique et ses coordonn\u00e9es.<\/p>\n<p style=\"text-align: justify;\">Dans le cadre d'une panne prise en charge par la garantie constructeur, le client pourra au choix :<\/p>\n<p style=\"text-align: justify;\">\u2022\u00a0\u00a0\u00a0 Prendre RDV dans l\u2019un des ateliers Yokler et rapporter son mat\u00e9riel pour une prise en charge incluant le remplacement ou la r\u00e9paration des pi\u00e8ces d\u00e9fectueuses et la main d\u2019\u0153uvre.<\/p>\n<p style=\"text-align: justify;\">\u2022\u00a0\u00a0\u00a0 S\u2019adresser \u00e0 tout autre garage ou atelier de son choix, proche de chez lui. Dans ce cas, Yokler participera \u00e0 la prise en charge de la main d\u2019\u0153uvre dans la limite de 4h au tarif horaire de 65\u20ac ht sur production de facture.<\/p>\n<p>Les frais de retour des pi\u00e8ces d\u00e9fectueuses \u00e0 l\u2019atelier Yokler, ainsi que ceux d\u2019exp\u00e9dition \u00e0 l\u2019adresse du client ou de l\u2019atelier tiers, seront \u00e0 la charge exclusive du client.<\/p><\/div><\/div><\/div><\/div><div class=\"x-section e340-e6 m9g-0 m9g-2 m9g-3\"><div class=\"x-container max width e340-e7 m9g-6 m9g-7\"><div class=\"x-column x-sm x-1-3 e340-e8 m9g-8\"><i  class=\"x-icon x-icon-credit-card-alt\" style=\"text-align: center; color: #f41e43; font-size: 60px;\" data-x-icon-s=\"&#xf09d;\" aria-hidden=\"true\"><\/i><div class=\"x-text x-content e340-e10 m9g-c m9g-d\"><p><strong>Paiement <br \/>s\u00e9curis\u00e9<\/strong><\/p><p>Vos paiements en ligne sont s\u00e9curis\u00e9s par notre partenaire bancaire.<\/p><\/div><\/div><div class=\"x-column x-sm x-1-3 e340-e11 m9g-8 m9g-9\"><i  class=\"x-icon x-icon-ship\" style=\"text-align: center; color: #f41e43; font-size: 60px;\" data-x-icon-s=\"&#xf21a;\" aria-hidden=\"true\"><\/i><div class=\"x-text x-content e340-e13 m9g-c m9g-d\"><p><strong>Livraison dans <br \/>le monde entier<\/strong><\/p><p>Nous livrons votre triporteur sur tous les continents.<\/p><\/div><\/div><div class=\"x-column x-sm x-1-3 e340-e14 m9g-8 m9g-9\"><i  class=\"x-icon x-icon-smile-o\" style=\"text-align: center; color: #f41e43; font-size: 60px;\" data-x-icon-s=\"&#xf118;\" aria-hidden=\"true\"><\/i><div class=\"x-text x-content e340-e16 m9g-c m9g-d\"><p><strong>Garantie <br \/>2 ans pi&egrave;ces et main d'oeuvre<\/strong><\/p>\n<p>Tous nos triporteurs b&eacute;n&eacute;ficient de la garantie Made in France.<\/p><\/div><\/div><\/div><\/div><div class=\"x-section e340-e17 m9g-0 m9g-4\"><div class=\"x-container max width e340-e18 m9g-6\"><div class=\"x-column x-sm x-1-1 e340-e19 m9g-8 m9g-9\"><a class=\"x-anchor x-anchor-button has-graphic e340-e20 m9g-e\" tabindex=\"0\" href=\"https:\/\/www.facebook.com\/YoklerMobility\/\"><div class=\"x-anchor-content\"><span class=\"x-graphic\" aria-hidden=\"true\"><i class=\"x-icon x-graphic-child x-graphic-icon x-graphic-primary\" aria-hidden=\"true\" data-x-icon-b=\"&#xf09a;\"><\/i><\/span><\/div><\/a><a class=\"x-anchor x-anchor-button has-graphic e340-e21 m9g-e\" tabindex=\"0\" href=\"https:\/\/twitter.com\/yoklerMobility\"><div class=\"x-anchor-content\"><span class=\"x-graphic\" aria-hidden=\"true\"><i class=\"x-icon x-graphic-child x-graphic-icon x-graphic-primary\" aria-hidden=\"true\" data-x-icon-b=\"&#xf099;\"><\/i><\/span><\/div><\/a><a class=\"x-anchor x-anchor-button has-graphic e340-e22 m9g-e\" tabindex=\"0\" href=\"https:\/\/fr.linkedin.com\/company\/yokler\"><div class=\"x-anchor-content\"><span class=\"x-graphic\" aria-hidden=\"true\"><i class=\"x-icon x-graphic-child x-graphic-icon x-graphic-primary\" aria-hidden=\"true\" data-x-icon-b=\"&#xf08c;\"><\/i><\/span><\/div><\/a><a class=\"x-anchor x-anchor-button has-graphic e340-e23 m9g-e\" tabindex=\"0\" href=\"https:\/\/www.instagram.com\/yoklermobility\/\"><div class=\"x-anchor-content\"><span class=\"x-graphic\" aria-hidden=\"true\"><i class=\"x-icon x-graphic-child x-graphic-icon x-graphic-primary\" aria-hidden=\"true\" data-x-icon-b=\"&#xf16d;\"><\/i><\/span><\/div><\/a><\/div><\/div><\/div><div class=\"x-section e340-e24 m9g-0 m9g-2 m9g-5\"><div class=\"x-container max width e340-e25 m9g-6\"><div class=\"x-column x-sm x-1-1 e340-e26 m9g-8 m9g-9\"><span class=\"x-image e340-e27 m9g-f\"><img decoding=\"async\" data-src=\"https:\/\/www.yokler.com\/wp-content\/uploads\/2018\/02\/logo-yokler-triporteur.png\" width=\"335\" height=\"105\" alt=\"logo Yokler\" src=\"data:image\/svg+xml;base64,PHN2ZyB3aWR0aD0iMSIgaGVpZ2h0PSIxIiB4bWxucz0iaHR0cDovL3d3dy53My5vcmcvMjAwMC9zdmciPjwvc3ZnPg==\" class=\"lazyload\" style=\"--smush-placeholder-width: 335px; --smush-placeholder-aspect-ratio: 335\/105;\"><\/span><\/div><\/div><\/div><span data-x-element-responsive-text=\"{&quot;selector&quot;:&quot;.h-responsive&quot;,&quot;compression&quot;:&quot;1.0&quot;,&quot;minFontSize&quot;:&quot;20px&quot;,&quot;maxFontSize&quot;:&quot;40px&quot;}\" class=\"e340-e28\"><\/span><\/div>\n","protected":false},"excerpt":{"rendered":"<p>Garantie constructeur Yokler et service apr\u00e8s-vente (Mise \u00e0 jour 01\/01\/2025) Conditions de la garantie constructeur Yokler Tous les triporteurs \u00e0 assistance \u00e9lectrique Yokler ont \u00e9t\u00e9 assembl\u00e9s avec le plus grand soin par nos \u00e9quipes techniques \u00e0 notre atelier de Vaulx-en-Velin La Soie (69). Ils font l&rsquo;objet de plusieurs centaines de points de contr\u00f4le tout au long de leur processus de &#8230; <\/p>\n<div><a href=\"https:\/\/www.yokler.com\/accueil-fr\/garantie\/\" class=\"more-link\">Read More<\/a><\/div>\n","protected":false},"author":1,"featured_media":5583,"parent":0,"menu_order":0,"comment_status":"closed","ping_status":"closed","template":"template-blank-4.php","meta":{"_acf_changed":false,"footnotes":""},"class_list":["post-340","page","type-page","status-publish","has-post-thumbnail","hentry"],"acf":[],"yoast_head":"<!-- This site is optimized with the Yoast SEO plugin v27.1.1 - https:\/\/yoast.com\/product\/yoast-seo-wordpress\/ -->\n<title>Garantie constructeur triporteur Yokler : La qualit\u00e9 Made in France<\/title>\n<meta name=\"description\" content=\"B\u00e9n\u00e9ficiez de 2 ans de garantie constructeur pi\u00e8ces et main d&#039;oeuvre pour l&#039;achat d&#039;un triporteur professionnel Yokler neuf.\" \/>\n<meta name=\"robots\" content=\"index, follow, max-snippet:-1, max-image-preview:large, max-video-preview:-1\" \/>\n<link rel=\"canonical\" href=\"https:\/\/www.yokler.com\/accueil-fr\/garantie\/\" \/>\n<meta property=\"og:locale\" content=\"fr_FR\" \/>\n<meta property=\"og:type\" content=\"article\" \/>\n<meta property=\"og:title\" content=\"Garantie constructeur triporteur Yokler : La qualit\u00e9 Made in France\" \/>\n<meta property=\"og:description\" content=\"B\u00e9n\u00e9ficiez de 2 ans de garantie constructeur pi\u00e8ces et main d&#039;oeuvre pour l&#039;achat d&#039;un triporteur professionnel Yokler neuf.\" \/>\n<meta property=\"og:url\" content=\"https:\/\/www.yokler.com\/accueil-fr\/garantie\/\" \/>\n<meta property=\"og:site_name\" content=\"Triporteur professionnel \u00e0 assistance \u00e9lectrique, par Yokler !\" \/>\n<meta property=\"article:modified_time\" content=\"2025-09-05T19:44:11+00:00\" \/>\n<meta property=\"og:image\" content=\"https:\/\/www.yokler.com\/wp-content\/uploads\/2020\/03\/triporteur-yokler-u-express-main-1-1.jpg\" \/>\n\t<meta property=\"og:image:width\" content=\"1000\" \/>\n\t<meta property=\"og:image:height\" content=\"797\" \/>\n\t<meta property=\"og:image:type\" content=\"image\/jpeg\" \/>\n<meta name=\"twitter:card\" content=\"summary_large_image\" \/>\n<meta name=\"twitter:label1\" content=\"Dur\u00e9e de lecture estim\u00e9e\" \/>\n\t<meta name=\"twitter:data1\" content=\"5 minutes\" \/>\n<script type=\"application\/ld+json\" class=\"yoast-schema-graph\">{\"@context\":\"https:\/\/schema.org\",\"@graph\":[{\"@type\":\"WebPage\",\"@id\":\"https:\/\/www.yokler.com\/accueil-fr\/garantie\/\",\"url\":\"https:\/\/www.yokler.com\/accueil-fr\/garantie\/\",\"name\":\"Garantie constructeur triporteur Yokler : La qualit\u00e9 Made in France\",\"isPartOf\":{\"@id\":\"https:\/\/www.yokler.com\/accueil-fr\/de\/#website\"},\"primaryImageOfPage\":{\"@id\":\"https:\/\/www.yokler.com\/accueil-fr\/garantie\/#primaryimage\"},\"image\":{\"@id\":\"https:\/\/www.yokler.com\/accueil-fr\/garantie\/#primaryimage\"},\"thumbnailUrl\":\"https:\/\/www.yokler.com\/wp-content\/uploads\/2020\/03\/triporteur-yokler-u-express-main-1-1.jpg\",\"datePublished\":\"2018-02-26T11:24:28+00:00\",\"dateModified\":\"2025-09-05T19:44:11+00:00\",\"description\":\"B\u00e9n\u00e9ficiez de 2 ans de garantie constructeur pi\u00e8ces et main d'oeuvre pour l'achat d'un triporteur professionnel Yokler neuf.\",\"breadcrumb\":{\"@id\":\"https:\/\/www.yokler.com\/accueil-fr\/garantie\/#breadcrumb\"},\"inLanguage\":\"fr-FR\",\"potentialAction\":[{\"@type\":\"ReadAction\",\"target\":[\"https:\/\/www.yokler.com\/accueil-fr\/garantie\/\"]}]},{\"@type\":\"ImageObject\",\"inLanguage\":\"fr-FR\",\"@id\":\"https:\/\/www.yokler.com\/accueil-fr\/garantie\/#primaryimage\",\"url\":\"https:\/\/www.yokler.com\/wp-content\/uploads\/2020\/03\/triporteur-yokler-u-express-main-1-1.jpg\",\"contentUrl\":\"https:\/\/www.yokler.com\/wp-content\/uploads\/2020\/03\/triporteur-yokler-u-express-main-1-1.jpg\",\"width\":1000,\"height\":797},{\"@type\":\"BreadcrumbList\",\"@id\":\"https:\/\/www.yokler.com\/accueil-fr\/garantie\/#breadcrumb\",\"itemListElement\":[{\"@type\":\"ListItem\",\"position\":1,\"name\":\"Accueil\",\"item\":\"https:\/\/www.yokler.com\/accueil-fr\/\"},{\"@type\":\"ListItem\",\"position\":2,\"name\":\"Garantie &#8211; fr\"}]},{\"@type\":\"WebSite\",\"@id\":\"https:\/\/www.yokler.com\/accueil-fr\/de\/#website\",\"url\":\"https:\/\/www.yokler.com\/accueil-fr\/de\/\",\"name\":\"Triporteur professionnel \u00e0 assistance \u00e9lectrique, par Yokler !\",\"description\":\"Triporteur \u00e9lectrique professionnel made in France\",\"publisher\":{\"@id\":\"https:\/\/www.yokler.com\/accueil-fr\/de\/#organization\"},\"potentialAction\":[{\"@type\":\"SearchAction\",\"target\":{\"@type\":\"EntryPoint\",\"urlTemplate\":\"https:\/\/www.yokler.com\/accueil-fr\/de\/?s={search_term_string}\"},\"query-input\":{\"@type\":\"PropertyValueSpecification\",\"valueRequired\":true,\"valueName\":\"search_term_string\"}}],\"inLanguage\":\"fr-FR\"},{\"@type\":\"Organization\",\"@id\":\"https:\/\/www.yokler.com\/accueil-fr\/de\/#organization\",\"name\":\"Yokler\",\"url\":\"https:\/\/www.yokler.com\/accueil-fr\/de\/\",\"logo\":{\"@type\":\"ImageObject\",\"inLanguage\":\"fr-FR\",\"@id\":\"https:\/\/www.yokler.com\/accueil-fr\/de\/#\/schema\/logo\/image\/\",\"url\":\"https:\/\/www.yokler.com\/wp-content\/uploads\/2021\/10\/logo-yokler-triporteur.png\",\"contentUrl\":\"https:\/\/www.yokler.com\/wp-content\/uploads\/2021\/10\/logo-yokler-triporteur.png\",\"width\":671,\"height\":210,\"caption\":\"Yokler\"},\"image\":{\"@id\":\"https:\/\/www.yokler.com\/accueil-fr\/de\/#\/schema\/logo\/image\/\"}}]}<\/script>\n<!-- \/ Yoast SEO plugin. -->","yoast_head_json":{"title":"Garantie constructeur triporteur Yokler : La qualit\u00e9 Made in France","description":"B\u00e9n\u00e9ficiez de 2 ans de garantie constructeur pi\u00e8ces et main d'oeuvre pour l'achat d'un triporteur professionnel Yokler neuf.","robots":{"index":"index","follow":"follow","max-snippet":"max-snippet:-1","max-image-preview":"max-image-preview:large","max-video-preview":"max-video-preview:-1"},"canonical":"https:\/\/www.yokler.com\/accueil-fr\/garantie\/","og_locale":"fr_FR","og_type":"article","og_title":"Garantie constructeur triporteur Yokler : La qualit\u00e9 Made in France","og_description":"B\u00e9n\u00e9ficiez de 2 ans de garantie constructeur pi\u00e8ces et main d'oeuvre pour l'achat d'un triporteur professionnel Yokler neuf.","og_url":"https:\/\/www.yokler.com\/accueil-fr\/garantie\/","og_site_name":"Triporteur professionnel \u00e0 assistance \u00e9lectrique, par Yokler !","article_modified_time":"2025-09-05T19:44:11+00:00","og_image":[{"width":1000,"height":797,"url":"https:\/\/www.yokler.com\/wp-content\/uploads\/2020\/03\/triporteur-yokler-u-express-main-1-1.jpg","type":"image\/jpeg"}],"twitter_card":"summary_large_image","twitter_misc":{"Dur\u00e9e de lecture estim\u00e9e":"5 minutes"},"schema":{"@context":"https:\/\/schema.org","@graph":[{"@type":"WebPage","@id":"https:\/\/www.yokler.com\/accueil-fr\/garantie\/","url":"https:\/\/www.yokler.com\/accueil-fr\/garantie\/","name":"Garantie constructeur triporteur Yokler : La qualit\u00e9 Made in France","isPartOf":{"@id":"https:\/\/www.yokler.com\/accueil-fr\/de\/#website"},"primaryImageOfPage":{"@id":"https:\/\/www.yokler.com\/accueil-fr\/garantie\/#primaryimage"},"image":{"@id":"https:\/\/www.yokler.com\/accueil-fr\/garantie\/#primaryimage"},"thumbnailUrl":"https:\/\/www.yokler.com\/wp-content\/uploads\/2020\/03\/triporteur-yokler-u-express-main-1-1.jpg","datePublished":"2018-02-26T11:24:28+00:00","dateModified":"2025-09-05T19:44:11+00:00","description":"B\u00e9n\u00e9ficiez de 2 ans de garantie constructeur pi\u00e8ces et main d'oeuvre pour l'achat d'un triporteur professionnel Yokler neuf.","breadcrumb":{"@id":"https:\/\/www.yokler.com\/accueil-fr\/garantie\/#breadcrumb"},"inLanguage":"fr-FR","potentialAction":[{"@type":"ReadAction","target":["https:\/\/www.yokler.com\/accueil-fr\/garantie\/"]}]},{"@type":"ImageObject","inLanguage":"fr-FR","@id":"https:\/\/www.yokler.com\/accueil-fr\/garantie\/#primaryimage","url":"https:\/\/www.yokler.com\/wp-content\/uploads\/2020\/03\/triporteur-yokler-u-express-main-1-1.jpg","contentUrl":"https:\/\/www.yokler.com\/wp-content\/uploads\/2020\/03\/triporteur-yokler-u-express-main-1-1.jpg","width":1000,"height":797},{"@type":"BreadcrumbList","@id":"https:\/\/www.yokler.com\/accueil-fr\/garantie\/#breadcrumb","itemListElement":[{"@type":"ListItem","position":1,"name":"Accueil","item":"https:\/\/www.yokler.com\/accueil-fr\/"},{"@type":"ListItem","position":2,"name":"Garantie &#8211; fr"}]},{"@type":"WebSite","@id":"https:\/\/www.yokler.com\/accueil-fr\/de\/#website","url":"https:\/\/www.yokler.com\/accueil-fr\/de\/","name":"Triporteur professionnel \u00e0 assistance \u00e9lectrique, par Yokler !","description":"Triporteur \u00e9lectrique professionnel made in France","publisher":{"@id":"https:\/\/www.yokler.com\/accueil-fr\/de\/#organization"},"potentialAction":[{"@type":"SearchAction","target":{"@type":"EntryPoint","urlTemplate":"https:\/\/www.yokler.com\/accueil-fr\/de\/?s={search_term_string}"},"query-input":{"@type":"PropertyValueSpecification","valueRequired":true,"valueName":"search_term_string"}}],"inLanguage":"fr-FR"},{"@type":"Organization","@id":"https:\/\/www.yokler.com\/accueil-fr\/de\/#organization","name":"Yokler","url":"https:\/\/www.yokler.com\/accueil-fr\/de\/","logo":{"@type":"ImageObject","inLanguage":"fr-FR","@id":"https:\/\/www.yokler.com\/accueil-fr\/de\/#\/schema\/logo\/image\/","url":"https:\/\/www.yokler.com\/wp-content\/uploads\/2021\/10\/logo-yokler-triporteur.png","contentUrl":"https:\/\/www.yokler.com\/wp-content\/uploads\/2021\/10\/logo-yokler-triporteur.png","width":671,"height":210,"caption":"Yokler"},"image":{"@id":"https:\/\/www.yokler.com\/accueil-fr\/de\/#\/schema\/logo\/image\/"}}]}},"_links":{"self":[{"href":"https:\/\/www.yokler.com\/accueil-fr\/wp-json\/wp\/v2\/pages\/340","targetHints":{"allow":["GET"]}}],"collection":[{"href":"https:\/\/www.yokler.com\/accueil-fr\/wp-json\/wp\/v2\/pages"}],"about":[{"href":"https:\/\/www.yokler.com\/accueil-fr\/wp-json\/wp\/v2\/types\/page"}],"author":[{"embeddable":true,"href":"https:\/\/www.yokler.com\/accueil-fr\/wp-json\/wp\/v2\/users\/1"}],"replies":[{"embeddable":true,"href":"https:\/\/www.yokler.com\/accueil-fr\/wp-json\/wp\/v2\/comments?post=340"}],"version-history":[{"count":58,"href":"https:\/\/www.yokler.com\/accueil-fr\/wp-json\/wp\/v2\/pages\/340\/revisions"}],"predecessor-version":[{"id":15392,"href":"https:\/\/www.yokler.com\/accueil-fr\/wp-json\/wp\/v2\/pages\/340\/revisions\/15392"}],"wp:featuredmedia":[{"embeddable":true,"href":"https:\/\/www.yokler.com\/accueil-fr\/wp-json\/wp\/v2\/media\/5583"}],"wp:attachment":[{"href":"https:\/\/www.yokler.com\/accueil-fr\/wp-json\/wp\/v2\/media?parent=340"}],"curies":[{"name":"wp","href":"https:\/\/api.w.org\/{rel}","templated":true}]}}