{"id":7587,"date":"2020-05-29T11:49:26","date_gmt":"2020-05-29T09:49:26","guid":{"rendered":"https:\/\/www.yokler.com\/accueil-fr\/yokler-maintenance-fr\/"},"modified":"2022-02-18T15:41:24","modified_gmt":"2022-02-18T14:41:24","slug":"yokler-maintenance-fr","status":"publish","type":"page","link":"https:\/\/www.yokler.com\/accueil-fr\/en\/yokler-maintenance-fr\/","title":{"rendered":"Yokler Maintenance &#8211; fr"},"content":{"rendered":"","protected":true},"excerpt":{"rendered":"","protected":true},"author":1,"featured_media":5734,"parent":0,"menu_order":0,"comment_status":"closed","ping_status":"closed","template":"template-blank-4.php","meta":{"_acf_changed":false,"footnotes":""},"class_list":["post-7587","page","type-page","status-publish","post-password-required","hentry","has-post-thumbnail"],"acf":[],"yoast_head":"<!-- This site is optimized with the Yoast SEO plugin v27.1.1 - https:\/\/yoast.com\/product\/yoast-seo-wordpress\/ -->\n<title>Easy maintenance for your Yokler cargo bikes : manuals, videos et tuturials<\/title>\n<meta name=\"description\" content=\"Find all the information relating to the driving, training and maintenance of your Yokler cargo bike, as well as many video tutorials\" \/>\n<meta name=\"robots\" content=\"index, follow, max-snippet:-1, max-image-preview:large, max-video-preview:-1\" \/>\n<link rel=\"canonical\" href=\"https:\/\/www.yokler.com\/accueil-fr\/en\/yokler-maintenance-fr\/\" \/>\n<meta property=\"og:locale\" content=\"en_US\" \/>\n<meta property=\"og:type\" content=\"article\" \/>\n<meta property=\"og:title\" content=\"Easy maintenance for your Yokler cargo bikes : manuals, videos et tuturials\" \/>\n<meta property=\"og:description\" content=\"Find all the information relating to the driving, training and maintenance of your Yokler cargo bike, as well as many video tutorials\" \/>\n<meta property=\"og:url\" content=\"https:\/\/www.yokler.com\/accueil-fr\/yokler-maintenance-fr\/\" \/>\n<meta property=\"og:site_name\" content=\"Triporteur professionnel \u00e0 assistance \u00e9lectrique, par Yokler !\" \/>\n<meta property=\"article:modified_time\" content=\"2022-02-18T14:41:24+00:00\" \/>\n<meta name=\"twitter:card\" content=\"summary_large_image\" \/>\n<meta name=\"twitter:label1\" content=\"Est. reading time\" \/>\n\t<meta name=\"twitter:data1\" content=\"9 minutes\" \/>\n<script type=\"application\/ld+json\" class=\"yoast-schema-graph\">{\"@context\":\"https:\/\/schema.org\",\"@graph\":[{\"@type\":\"WebPage\",\"@id\":\"https:\/\/www.yokler.com\/accueil-fr\/yokler-maintenance-fr\/\",\"url\":\"https:\/\/www.yokler.com\/accueil-fr\/yokler-maintenance-fr\/\",\"name\":\"Easy maintenance for your Yokler cargo bikes : manuals, videos et tuturials\",\"isPartOf\":{\"@id\":\"https:\/\/www.yokler.com\/accueil-fr\/de\/#website\"},\"datePublished\":\"2020-05-29T09:49:26+00:00\",\"dateModified\":\"2022-02-18T14:41:24+00:00\",\"breadcrumb\":{\"@id\":\"https:\/\/www.yokler.com\/accueil-fr\/yokler-maintenance-fr\/#breadcrumb\"},\"inLanguage\":\"en-US\"},{\"@type\":\"WebSite\",\"@id\":\"https:\/\/www.yokler.com\/accueil-fr\/de\/#website\",\"url\":\"https:\/\/www.yokler.com\/accueil-fr\/de\/\",\"name\":\"Triporteur professionnel \u00e0 assistance \u00e9lectrique, par Yokler !\",\"description\":\"Triporteur \u00e9lectrique professionnel made in France\",\"publisher\":{\"@id\":\"https:\/\/www.yokler.com\/accueil-fr\/de\/#organization\"},\"potentialAction\":[{\"@type\":\"SearchAction\",\"target\":{\"@type\":\"EntryPoint\",\"urlTemplate\":\"https:\/\/www.yokler.com\/accueil-fr\/de\/?s={search_term_string}\"},\"query-input\":{\"@type\":\"PropertyValueSpecification\",\"valueRequired\":true,\"valueName\":\"search_term_string\"}}],\"inLanguage\":\"en-US\"},{\"@type\":\"Organization\",\"@id\":\"https:\/\/www.yokler.com\/accueil-fr\/de\/#organization\",\"name\":\"Yokler\",\"url\":\"https:\/\/www.yokler.com\/accueil-fr\/de\/\",\"logo\":{\"@type\":\"ImageObject\",\"inLanguage\":\"en-US\",\"@id\":\"https:\/\/www.yokler.com\/accueil-fr\/de\/#\/schema\/logo\/image\/\",\"url\":\"https:\/\/www.yokler.com\/wp-content\/uploads\/2021\/10\/logo-yokler-triporteur.png\",\"contentUrl\":\"https:\/\/www.yokler.com\/wp-content\/uploads\/2021\/10\/logo-yokler-triporteur.png\",\"width\":671,\"height\":210,\"caption\":\"Yokler\"},\"image\":{\"@id\":\"https:\/\/www.yokler.com\/accueil-fr\/de\/#\/schema\/logo\/image\/\"}}]}<\/script>\n<!-- \/ Yoast SEO plugin. -->","yoast_head_json":{"title":"Easy maintenance for your Yokler cargo bikes : manuals, videos et tuturials","description":"Find all the information relating to the driving, training and maintenance of your Yokler cargo bike, as well as many video tutorials","robots":{"index":"index","follow":"follow","max-snippet":"max-snippet:-1","max-image-preview":"max-image-preview:large","max-video-preview":"max-video-preview:-1"},"canonical":"https:\/\/www.yokler.com\/accueil-fr\/en\/yokler-maintenance-fr\/","og_locale":"en_US","og_type":"article","og_title":"Easy maintenance for your Yokler cargo bikes : manuals, videos et tuturials","og_description":"Find all the information relating to the driving, training and maintenance of your Yokler cargo bike, as well as many video tutorials","og_url":"https:\/\/www.yokler.com\/accueil-fr\/yokler-maintenance-fr\/","og_site_name":"Triporteur professionnel \u00e0 assistance \u00e9lectrique, par Yokler !","article_modified_time":"2022-02-18T14:41:24+00:00","twitter_card":"summary_large_image","twitter_misc":{"Est. reading time":"9 minutes"},"schema":{"@context":"https:\/\/schema.org","@graph":[{"@type":"WebPage","@id":"https:\/\/www.yokler.com\/accueil-fr\/yokler-maintenance-fr\/","url":"https:\/\/www.yokler.com\/accueil-fr\/yokler-maintenance-fr\/","name":"Easy maintenance for your Yokler cargo bikes : manuals, videos et tuturials","isPartOf":{"@id":"https:\/\/www.yokler.com\/accueil-fr\/de\/#website"},"datePublished":"2020-05-29T09:49:26+00:00","dateModified":"2022-02-18T14:41:24+00:00","breadcrumb":{"@id":"https:\/\/www.yokler.com\/accueil-fr\/yokler-maintenance-fr\/#breadcrumb"},"inLanguage":"en-US"},{"@type":"WebSite","@id":"https:\/\/www.yokler.com\/accueil-fr\/de\/#website","url":"https:\/\/www.yokler.com\/accueil-fr\/de\/","name":"Triporteur professionnel \u00e0 assistance \u00e9lectrique, par Yokler !","description":"Triporteur \u00e9lectrique professionnel made in France","publisher":{"@id":"https:\/\/www.yokler.com\/accueil-fr\/de\/#organization"},"potentialAction":[{"@type":"SearchAction","target":{"@type":"EntryPoint","urlTemplate":"https:\/\/www.yokler.com\/accueil-fr\/de\/?s={search_term_string}"},"query-input":{"@type":"PropertyValueSpecification","valueRequired":true,"valueName":"search_term_string"}}],"inLanguage":"en-US"},{"@type":"Organization","@id":"https:\/\/www.yokler.com\/accueil-fr\/de\/#organization","name":"Yokler","url":"https:\/\/www.yokler.com\/accueil-fr\/de\/","logo":{"@type":"ImageObject","inLanguage":"en-US","@id":"https:\/\/www.yokler.com\/accueil-fr\/de\/#\/schema\/logo\/image\/","url":"https:\/\/www.yokler.com\/wp-content\/uploads\/2021\/10\/logo-yokler-triporteur.png","contentUrl":"https:\/\/www.yokler.com\/wp-content\/uploads\/2021\/10\/logo-yokler-triporteur.png","width":671,"height":210,"caption":"Yokler"},"image":{"@id":"https:\/\/www.yokler.com\/accueil-fr\/de\/#\/schema\/logo\/image\/"}}]}},"_links":{"self":[{"href":"https:\/\/www.yokler.com\/accueil-fr\/en\/wp-json\/wp\/v2\/pages\/7587\/"}],"collection":[{"href":"https:\/\/www.yokler.com\/accueil-fr\/en\/wp-json\/wp\/v2\/pages\/"}],"about":[{"href":"https:\/\/www.yokler.com\/accueil-fr\/en\/wp-json\/wp\/v2\/types\/page\/"}],"author":[{"embeddable":true,"href":"https:\/\/www.yokler.com\/accueil-fr\/en\/wp-json\/wp\/v2\/users\/1\/"}],"replies":[{"embeddable":true,"href":"https:\/\/www.yokler.com\/accueil-fr\/en\/wp-json\/wp\/v2\/comments\/?post=7587"}],"version-history":[{"count":21,"href":"https:\/\/www.yokler.com\/accueil-fr\/en\/wp-json\/wp\/v2\/pages\/7587\/revisions\/"}],"predecessor-version":[{"id":10028,"href":"https:\/\/www.yokler.com\/accueil-fr\/en\/wp-json\/wp\/v2\/pages\/7587\/revisions\/10028\/"}],"wp:featuredmedia":[{"embeddable":true,"href":"https:\/\/www.yokler.com\/accueil-fr\/en\/wp-json\/wp\/v2\/media\/5734\/"}],"wp:attachment":[{"href":"https:\/\/www.yokler.com\/accueil-fr\/en\/wp-json\/wp\/v2\/media\/?parent=7587"}],"curies":[{"name":"wp","href":"https:\/\/api.w.org\/{rel}","templated":true}]}}