{"id":6779,"date":"2020-05-29T14:39:36","date_gmt":"2020-05-29T12:39:36","guid":{"rendered":"https:\/\/www.yokler.com\/?page_id=6779"},"modified":"2020-05-29T14:45:15","modified_gmt":"2020-05-29T12:45:15","slug":"solutions-nursing-home-seniors","status":"publish","type":"page","link":"https:\/\/www.yokler.com\/accueil-fr\/en\/solutions-nursing-home-seniors\/","title":{"rendered":"Solutions EHPAD Seniors \u2013 en (Arthur)"},"content":{"rendered":"<div id=\"cs-content\" class=\"cs-content\"><\/div>\n","protected":false},"excerpt":{"rendered":"<p>The bicycle taxi: a wind of freedom for seniors and people with reduced mobility A tool to recreate social ties and promote mobility Mobility of seniors: a major challenge for aging Thanks to the Yokler X, you may offer: More autonomy: Thanks to bicycle taxis, seniors are able to move freely without depending on their loved ones.\u00a0 More freedom to &#8230; <\/p>\n<div><a href=\"https:\/\/www.yokler.com\/accueil-fr\/en\/solutions-nursing-home-seniors\/\" class=\"more-link\">Read More<\/a><\/div>\n","protected":false},"author":229,"featured_media":0,"parent":0,"menu_order":0,"comment_status":"closed","ping_status":"closed","template":"template-blank-4.php","meta":{"_acf_changed":false,"footnotes":""},"class_list":["post-6779","page","type-page","status-publish","hentry","no-post-thumbnail"],"acf":[],"yoast_head":"<!-- This site is optimized with the Yoast SEO plugin v27.1.1 - https:\/\/yoast.com\/product\/yoast-seo-wordpress\/ -->\n<title>Nursing homes, Associations, Communities : transporting seniors - Yokler<\/title>\n<meta name=\"description\" content=\"Discover our electric bicycle-taxi scooter for the elderly and PRM. Our Made in France scooters are designed to break the isolation of seniors.\" \/>\n<meta name=\"robots\" content=\"index, follow, max-snippet:-1, max-image-preview:large, max-video-preview:-1\" \/>\n<link rel=\"canonical\" href=\"https:\/\/www.yokler.com\/accueil-fr\/en\/solutions-nursing-home-seniors\/\" \/>\n<meta property=\"og:locale\" content=\"en_US\" \/>\n<meta property=\"og:type\" content=\"article\" \/>\n<meta property=\"og:title\" content=\"Nursing homes, Associations, Communities : transporting seniors - Yokler\" \/>\n<meta property=\"og:description\" content=\"Discover our electric bicycle-taxi scooter for the elderly and PRM. Our Made in France scooters are designed to break the isolation of seniors.\" \/>\n<meta property=\"og:url\" content=\"https:\/\/www.yokler.com\/accueil-fr\/en\/solutions-nursing-home-seniors\/\" \/>\n<meta property=\"og:site_name\" content=\"Triporteur professionnel \u00e0 assistance \u00e9lectrique, par Yokler !\" \/>\n<meta property=\"article:modified_time\" content=\"2020-05-29T12:45:15+00:00\" \/>\n<meta property=\"og:image\" content=\"https:\/\/www.yokler.com\/wp-content\/uploads\/2020\/05\/1-2.png\" \/>\n<meta name=\"twitter:card\" content=\"summary_large_image\" \/>\n<meta name=\"twitter:label1\" content=\"Est. reading time\" \/>\n\t<meta name=\"twitter:data1\" content=\"10 minutes\" \/>\n<script type=\"application\/ld+json\" class=\"yoast-schema-graph\">{\"@context\":\"https:\/\/schema.org\",\"@graph\":[{\"@type\":\"WebPage\",\"@id\":\"https:\/\/www.yokler.com\/accueil-fr\/en\/solutions-nursing-home-seniors\/\",\"url\":\"https:\/\/www.yokler.com\/accueil-fr\/en\/solutions-nursing-home-seniors\/\",\"name\":\"Nursing homes, Associations, Communities : transporting seniors - Yokler\",\"isPartOf\":{\"@id\":\"https:\/\/www.yokler.com\/accueil-fr\/de\/#website\"},\"primaryImageOfPage\":{\"@id\":\"https:\/\/www.yokler.com\/accueil-fr\/en\/solutions-nursing-home-seniors\/#primaryimage\"},\"image\":{\"@id\":\"https:\/\/www.yokler.com\/accueil-fr\/en\/solutions-nursing-home-seniors\/#primaryimage\"},\"thumbnailUrl\":\"https:\/\/www.yokler.com\/wp-content\/uploads\/2020\/05\/1-2.png\",\"datePublished\":\"2020-05-29T12:39:36+00:00\",\"dateModified\":\"2020-05-29T12:45:15+00:00\",\"description\":\"Discover our electric bicycle-taxi scooter for the elderly and PRM. Our Made in France scooters are designed to break the isolation of seniors.\",\"breadcrumb\":{\"@id\":\"https:\/\/www.yokler.com\/accueil-fr\/en\/solutions-nursing-home-seniors\/#breadcrumb\"},\"inLanguage\":\"en-US\",\"potentialAction\":[{\"@type\":\"ReadAction\",\"target\":[\"https:\/\/www.yokler.com\/accueil-fr\/en\/solutions-nursing-home-seniors\/\"]}]},{\"@type\":\"ImageObject\",\"inLanguage\":\"en-US\",\"@id\":\"https:\/\/www.yokler.com\/accueil-fr\/en\/solutions-nursing-home-seniors\/#primaryimage\",\"url\":\"https:\/\/www.yokler.com\/wp-content\/uploads\/2020\/05\/1-2.png\",\"contentUrl\":\"https:\/\/www.yokler.com\/wp-content\/uploads\/2020\/05\/1-2.png\"},{\"@type\":\"BreadcrumbList\",\"@id\":\"https:\/\/www.yokler.com\/accueil-fr\/en\/solutions-nursing-home-seniors\/#breadcrumb\",\"itemListElement\":[{\"@type\":\"ListItem\",\"position\":1,\"name\":\"Accueil\",\"item\":\"https:\/\/www.yokler.com\/accueil-fr\/en\/accueil-fr\/\"},{\"@type\":\"ListItem\",\"position\":2,\"name\":\"Solutions EHPAD Seniors \u2013 en (Arthur)\"}]},{\"@type\":\"WebSite\",\"@id\":\"https:\/\/www.yokler.com\/accueil-fr\/de\/#website\",\"url\":\"https:\/\/www.yokler.com\/accueil-fr\/de\/\",\"name\":\"Triporteur professionnel \u00e0 assistance \u00e9lectrique, par Yokler !\",\"description\":\"Triporteur \u00e9lectrique professionnel made in France\",\"publisher\":{\"@id\":\"https:\/\/www.yokler.com\/accueil-fr\/de\/#organization\"},\"potentialAction\":[{\"@type\":\"SearchAction\",\"target\":{\"@type\":\"EntryPoint\",\"urlTemplate\":\"https:\/\/www.yokler.com\/accueil-fr\/de\/?s={search_term_string}\"},\"query-input\":{\"@type\":\"PropertyValueSpecification\",\"valueRequired\":true,\"valueName\":\"search_term_string\"}}],\"inLanguage\":\"en-US\"},{\"@type\":\"Organization\",\"@id\":\"https:\/\/www.yokler.com\/accueil-fr\/de\/#organization\",\"name\":\"Yokler\",\"url\":\"https:\/\/www.yokler.com\/accueil-fr\/de\/\",\"logo\":{\"@type\":\"ImageObject\",\"inLanguage\":\"en-US\",\"@id\":\"https:\/\/www.yokler.com\/accueil-fr\/de\/#\/schema\/logo\/image\/\",\"url\":\"https:\/\/www.yokler.com\/wp-content\/uploads\/2021\/10\/logo-yokler-triporteur.png\",\"contentUrl\":\"https:\/\/www.yokler.com\/wp-content\/uploads\/2021\/10\/logo-yokler-triporteur.png\",\"width\":671,\"height\":210,\"caption\":\"Yokler\"},\"image\":{\"@id\":\"https:\/\/www.yokler.com\/accueil-fr\/de\/#\/schema\/logo\/image\/\"}}]}<\/script>\n<!-- \/ Yoast SEO plugin. -->","yoast_head_json":{"title":"Nursing homes, Associations, Communities : transporting seniors - Yokler","description":"Discover our electric bicycle-taxi scooter for the elderly and PRM. Our Made in France scooters are designed to break the isolation of seniors.","robots":{"index":"index","follow":"follow","max-snippet":"max-snippet:-1","max-image-preview":"max-image-preview:large","max-video-preview":"max-video-preview:-1"},"canonical":"https:\/\/www.yokler.com\/accueil-fr\/en\/solutions-nursing-home-seniors\/","og_locale":"en_US","og_type":"article","og_title":"Nursing homes, Associations, Communities : transporting seniors - Yokler","og_description":"Discover our electric bicycle-taxi scooter for the elderly and PRM. Our Made in France scooters are designed to break the isolation of seniors.","og_url":"https:\/\/www.yokler.com\/accueil-fr\/en\/solutions-nursing-home-seniors\/","og_site_name":"Triporteur professionnel \u00e0 assistance \u00e9lectrique, par Yokler !","article_modified_time":"2020-05-29T12:45:15+00:00","og_image":[{"url":"https:\/\/www.yokler.com\/wp-content\/uploads\/2020\/05\/1-2.png","type":"","width":"","height":""}],"twitter_card":"summary_large_image","twitter_misc":{"Est. reading time":"10 minutes"},"schema":{"@context":"https:\/\/schema.org","@graph":[{"@type":"WebPage","@id":"https:\/\/www.yokler.com\/accueil-fr\/en\/solutions-nursing-home-seniors\/","url":"https:\/\/www.yokler.com\/accueil-fr\/en\/solutions-nursing-home-seniors\/","name":"Nursing homes, Associations, Communities : transporting seniors - Yokler","isPartOf":{"@id":"https:\/\/www.yokler.com\/accueil-fr\/de\/#website"},"primaryImageOfPage":{"@id":"https:\/\/www.yokler.com\/accueil-fr\/en\/solutions-nursing-home-seniors\/#primaryimage"},"image":{"@id":"https:\/\/www.yokler.com\/accueil-fr\/en\/solutions-nursing-home-seniors\/#primaryimage"},"thumbnailUrl":"https:\/\/www.yokler.com\/wp-content\/uploads\/2020\/05\/1-2.png","datePublished":"2020-05-29T12:39:36+00:00","dateModified":"2020-05-29T12:45:15+00:00","description":"Discover our electric bicycle-taxi scooter for the elderly and PRM. Our Made in France scooters are designed to break the isolation of seniors.","breadcrumb":{"@id":"https:\/\/www.yokler.com\/accueil-fr\/en\/solutions-nursing-home-seniors\/#breadcrumb"},"inLanguage":"en-US","potentialAction":[{"@type":"ReadAction","target":["https:\/\/www.yokler.com\/accueil-fr\/en\/solutions-nursing-home-seniors\/"]}]},{"@type":"ImageObject","inLanguage":"en-US","@id":"https:\/\/www.yokler.com\/accueil-fr\/en\/solutions-nursing-home-seniors\/#primaryimage","url":"https:\/\/www.yokler.com\/wp-content\/uploads\/2020\/05\/1-2.png","contentUrl":"https:\/\/www.yokler.com\/wp-content\/uploads\/2020\/05\/1-2.png"},{"@type":"BreadcrumbList","@id":"https:\/\/www.yokler.com\/accueil-fr\/en\/solutions-nursing-home-seniors\/#breadcrumb","itemListElement":[{"@type":"ListItem","position":1,"name":"Accueil","item":"https:\/\/www.yokler.com\/accueil-fr\/en\/accueil-fr\/"},{"@type":"ListItem","position":2,"name":"Solutions EHPAD Seniors \u2013 en (Arthur)"}]},{"@type":"WebSite","@id":"https:\/\/www.yokler.com\/accueil-fr\/de\/#website","url":"https:\/\/www.yokler.com\/accueil-fr\/de\/","name":"Triporteur professionnel \u00e0 assistance \u00e9lectrique, par Yokler !","description":"Triporteur \u00e9lectrique professionnel made in France","publisher":{"@id":"https:\/\/www.yokler.com\/accueil-fr\/de\/#organization"},"potentialAction":[{"@type":"SearchAction","target":{"@type":"EntryPoint","urlTemplate":"https:\/\/www.yokler.com\/accueil-fr\/de\/?s={search_term_string}"},"query-input":{"@type":"PropertyValueSpecification","valueRequired":true,"valueName":"search_term_string"}}],"inLanguage":"en-US"},{"@type":"Organization","@id":"https:\/\/www.yokler.com\/accueil-fr\/de\/#organization","name":"Yokler","url":"https:\/\/www.yokler.com\/accueil-fr\/de\/","logo":{"@type":"ImageObject","inLanguage":"en-US","@id":"https:\/\/www.yokler.com\/accueil-fr\/de\/#\/schema\/logo\/image\/","url":"https:\/\/www.yokler.com\/wp-content\/uploads\/2021\/10\/logo-yokler-triporteur.png","contentUrl":"https:\/\/www.yokler.com\/wp-content\/uploads\/2021\/10\/logo-yokler-triporteur.png","width":671,"height":210,"caption":"Yokler"},"image":{"@id":"https:\/\/www.yokler.com\/accueil-fr\/de\/#\/schema\/logo\/image\/"}}]}},"_links":{"self":[{"href":"https:\/\/www.yokler.com\/accueil-fr\/en\/wp-json\/wp\/v2\/pages\/6779\/"}],"collection":[{"href":"https:\/\/www.yokler.com\/accueil-fr\/en\/wp-json\/wp\/v2\/pages\/"}],"about":[{"href":"https:\/\/www.yokler.com\/accueil-fr\/en\/wp-json\/wp\/v2\/types\/page\/"}],"author":[{"embeddable":true,"href":"https:\/\/www.yokler.com\/accueil-fr\/en\/wp-json\/wp\/v2\/users\/229\/"}],"replies":[{"embeddable":true,"href":"https:\/\/www.yokler.com\/accueil-fr\/en\/wp-json\/wp\/v2\/comments\/?post=6779"}],"version-history":[{"count":12,"href":"https:\/\/www.yokler.com\/accueil-fr\/en\/wp-json\/wp\/v2\/pages\/6779\/revisions\/"}],"predecessor-version":[{"id":6829,"href":"https:\/\/www.yokler.com\/accueil-fr\/en\/wp-json\/wp\/v2\/pages\/6779\/revisions\/6829\/"}],"wp:attachment":[{"href":"https:\/\/www.yokler.com\/accueil-fr\/en\/wp-json\/wp\/v2\/media\/?parent=6779"}],"curies":[{"name":"wp","href":"https:\/\/api.w.org\/{rel}","templated":true}]}}