{"id":1639,"date":"2018-04-16T16:04:46","date_gmt":"2018-04-16T14:04:46","guid":{"rendered":"https:\/\/www.yokler.com\/?page_id=1639"},"modified":"2025-01-20T08:29:18","modified_gmt":"2025-01-20T07:29:18","slug":"e-shop-en","status":"publish","type":"page","link":"https:\/\/www.yokler.com\/accueil-fr\/en\/e-shop-en\/","title":{"rendered":"E-shop &#8211; en"},"content":{"rendered":"<div id=\"cs-content\" class=\"cs-content\"><div class=\"x-section e1639-e1 m19j-0 m19j-1\"><div class=\"x-container max width e1639-e2 m19j-8 m19j-9\"><div class=\"x-column x-sm x-1-1 e1639-e3 m19j-c m19j-d\"><div class=\"x-text x-content e1639-e4 m19j-i m19j-j m19j-k\"><\/div><\/div><\/div><\/div><div class=\"x-section e1639-e5 m19j-0 m19j-2\" style=\"border-bottom: solid #a7aeb5 1px;\"><div class=\"x-container max width e1639-e6 m19j-8 m19j-9\"><div class=\"x-column x-sm x-1-1 e1639-e7 m19j-c m19j-d m19j-e\"><div class=\"x-text x-text-headline e1639-e8 m19j-n h-responsive\"><div class=\"x-text-content\"><div class=\"x-text-content-text\"><h1 class=\"x-text-content-text-primary\">Yokler e-shop<\/h1>\n<\/div><\/div><\/div><div class=\"x-text x-content e1639-e9 m19j-i m19j-j m19j-l\"><p>Buy online your spare parts and be delivered within 72h<\/p><\/div><hr class=\"x-line e1639-e10 m19j-o\"\/><div class=\"x-text x-content e1639-e11 m19j-i m19j-j m19j-k\"><span style=\"text-decoration: underline;\"><strong><a style=\"font-family: -webkit-standard; text-align: start;\" href=\"https:\/\/yoklermobility.odoo.com\/shop\" target=\"_blank\" rel=\"noopener\">Click here to access the e-shop<\/a><\/strong><\/span><\/div><\/div><\/div><\/div><div class=\"x-section e1639-e12 m19j-0 m19j-2\" style=\"border-bottom: solid #a7aeb5 1px;\"><div class=\"x-container max width e1639-e13 m19j-8 m19j-9\"><div class=\"x-column x-sm x-1-1 e1639-e14 m19j-c m19j-d m19j-e\"><span class=\"x-image e1639-e15 m19j-p\"><img decoding=\"async\" data-src=\"https:\/\/www.yokler.com\/wp-content\/uploads\/2019\/02\/Ecran.png\" width=\"448\" height=\"275\" alt=\"Image\" src=\"data:image\/svg+xml;base64,PHN2ZyB3aWR0aD0iMSIgaGVpZ2h0PSIxIiB4bWxucz0iaHR0cDovL3d3dy53My5vcmcvMjAwMC9zdmciPjwvc3ZnPg==\" class=\"lazyload\" style=\"--smush-placeholder-width: 448px; --smush-placeholder-aspect-ratio: 448\/275;\"><\/span><\/div><\/div><\/div><div class=\"x-section e1639-e16 m19j-0 m19j-3 m19j-4 m19j-5\" style=\"display:none;\"><div class=\"x-container max width e1639-e17 m19j-8 m19j-9\"><div class=\"x-column x-sm x-1-4 e1639-e18 m19j-c m19j-e m19j-f m19j-g\" style=\"margin-top:20px;margin-bottom:20px;\"><div class=\"x-text x-content e1639-e19 m19j-j m19j-l m19j-m\">Replacing the front brake pads on a Yokler pedicab\n<\/div><span class=\"x-image e1639-e20 m19j-p\"><img decoding=\"async\" data-src=\"https:\/\/www.yokler.com\/wp-content\/uploads\/2018\/02\/changer-plaquette.jpg\" width=\"300\" height=\"300\" alt=\"Remplacer les plaquettes de frein avant d&#039;un triporteur \u00e9lectrique Yokler\" src=\"data:image\/svg+xml;base64,PHN2ZyB3aWR0aD0iMSIgaGVpZ2h0PSIxIiB4bWxucz0iaHR0cDovL3d3dy53My5vcmcvMjAwMC9zdmciPjwvc3ZnPg==\" class=\"lazyload\" style=\"--smush-placeholder-width: 300px; --smush-placeholder-aspect-ratio: 300\/300;\"><\/span><\/div><div class=\"x-column x-sm x-1-4 e1639-e21 m19j-c m19j-e m19j-f m19j-g\" style=\"margin-top:20px;margin-bottom:20px;\"><div class=\"x-text x-content e1639-e22 m19j-j m19j-l m19j-m\">Replacing the rear brake pads on a Yokler electric rickshaw<\/div><span class=\"x-image e1639-e23 m19j-p\"><img decoding=\"async\" data-src=\"https:\/\/www.yokler.com\/wp-content\/uploads\/2018\/02\/changer-plaquette.jpg\" width=\"300\" height=\"300\" alt=\"Remplacer les plaquettes de frein arri\u00e8re d&#039;un triporteur \u00e9lectrique Yokler\" src=\"data:image\/svg+xml;base64,PHN2ZyB3aWR0aD0iMSIgaGVpZ2h0PSIxIiB4bWxucz0iaHR0cDovL3d3dy53My5vcmcvMjAwMC9zdmciPjwvc3ZnPg==\" class=\"lazyload\" style=\"--smush-placeholder-width: 300px; --smush-placeholder-aspect-ratio: 300\/300;\"><\/span><\/div><div class=\"x-column x-sm x-1-4 e1639-e24 m19j-c m19j-e m19j-f m19j-h\" style=\"margin-top:20px;margin-bottom:20px;\"><div class=\"x-text x-content e1639-e25 m19j-j m19j-l m19j-m\">Changing the internal tube on the front wheel of a Yokler electric tricycle\n<\/div><span class=\"x-image e1639-e26 m19j-p\"><img decoding=\"async\" data-src=\"https:\/\/www.yokler.com\/wp-content\/uploads\/2018\/02\/changer-chambre-air.jpg\" width=\"300\" height=\"300\" alt=\"Changer la chambre \u00e0 air sur la roue avant d&#039;un triporteur \u00e9lectrique Yokler\" src=\"data:image\/svg+xml;base64,PHN2ZyB3aWR0aD0iMSIgaGVpZ2h0PSIxIiB4bWxucz0iaHR0cDovL3d3dy53My5vcmcvMjAwMC9zdmciPjwvc3ZnPg==\" class=\"lazyload\" style=\"--smush-placeholder-width: 300px; --smush-placeholder-aspect-ratio: 300\/300;\"><\/span><\/div><div class=\"x-column x-sm x-1-4 e1639-e27 m19j-c m19j-e m19j-f m19j-h\" style=\"margin-top:20px;margin-bottom:20px;\"><div class=\"x-text x-content e1639-e28 m19j-j m19j-l m19j-m\">Changing the internal tube on the rear wheel of a Yokler electric pedicab\n<\/div><span class=\"x-image e1639-e29 m19j-p\"><img decoding=\"async\" data-src=\"https:\/\/www.yokler.com\/wp-content\/uploads\/2018\/02\/changer-chambre-air.jpg\" width=\"300\" height=\"300\" alt=\"Changer la chambre \u00e0 air sur la roue arri\u00e8re d&#039;un triporteur \u00e9lectrique Yokler\" src=\"data:image\/svg+xml;base64,PHN2ZyB3aWR0aD0iMSIgaGVpZ2h0PSIxIiB4bWxucz0iaHR0cDovL3d3dy53My5vcmcvMjAwMC9zdmciPjwvc3ZnPg==\" class=\"lazyload\" style=\"--smush-placeholder-width: 300px; --smush-placeholder-aspect-ratio: 300\/300;\"><\/span><\/div><\/div><div class=\"x-container max width e1639-e30 m19j-9 m19j-a\"><div class=\"x-column x-sm x-1-4 e1639-e31 m19j-c m19j-e m19j-f m19j-h\" style=\"margin-top:20px;margin-bottom:20px;\"><div class=\"x-text x-content e1639-e32 m19j-j m19j-l m19j-m\">Replacing the front chain on a Yokler electric rickshaw<\/div><span class=\"x-image e1639-e33 m19j-p\"><img decoding=\"async\" data-src=\"https:\/\/www.yokler.com\/wp-content\/uploads\/2018\/02\/changer-chaine.jpg\" width=\"300\" height=\"300\" alt=\"Remplacer la chaine avant d&#039;un triporteur \u00e9lectrique Yokler\" src=\"data:image\/svg+xml;base64,PHN2ZyB3aWR0aD0iMSIgaGVpZ2h0PSIxIiB4bWxucz0iaHR0cDovL3d3dy53My5vcmcvMjAwMC9zdmciPjwvc3ZnPg==\" class=\"lazyload\" style=\"--smush-placeholder-width: 300px; --smush-placeholder-aspect-ratio: 300\/300;\"><\/span><\/div><div class=\"x-column x-sm x-1-4 e1639-e34 m19j-c m19j-e m19j-f m19j-h\" style=\"margin-top:20px;margin-bottom:20px;\"><div class=\"x-text x-content e1639-e35 m19j-j m19j-l m19j-m\">Replacing the rear chain on a Yokler electric tricycle\n<\/div><span class=\"x-image e1639-e36 m19j-p\"><img decoding=\"async\" data-src=\"https:\/\/www.yokler.com\/wp-content\/uploads\/2018\/02\/changer-chaine.jpg\" width=\"300\" height=\"300\" alt=\"Remplacer la chaine arri\u00e8re d&#039;un triporteur \u00e9lectrique Yokler\" src=\"data:image\/svg+xml;base64,PHN2ZyB3aWR0aD0iMSIgaGVpZ2h0PSIxIiB4bWxucz0iaHR0cDovL3d3dy53My5vcmcvMjAwMC9zdmciPjwvc3ZnPg==\" class=\"lazyload\" style=\"--smush-placeholder-width: 300px; --smush-placeholder-aspect-ratio: 300\/300;\"><\/span><\/div><div class=\"x-column x-sm x-1-4 e1639-e37 m19j-c m19j-e m19j-f m19j-h\" style=\"margin-top:20px;margin-bottom:20px;\"><div class=\"x-text x-content e1639-e38 m19j-j m19j-l m19j-m\">Replacing the speed box on a Yokler electric pedicab\n<\/div><span class=\"x-image e1639-e39 m19j-p\"><img decoding=\"async\" data-src=\"https:\/\/www.yokler.com\/wp-content\/uploads\/2018\/02\/nuvinci.jpg\" width=\"300\" height=\"300\" alt=\"Remplacer la bo\u00eete de vitesse d&#039;un triporteur \u00e9lectrique Yokler\" src=\"data:image\/svg+xml;base64,PHN2ZyB3aWR0aD0iMSIgaGVpZ2h0PSIxIiB4bWxucz0iaHR0cDovL3d3dy53My5vcmcvMjAwMC9zdmciPjwvc3ZnPg==\" class=\"lazyload\" style=\"--smush-placeholder-width: 300px; --smush-placeholder-aspect-ratio: 300\/300;\"><\/span><\/div><div class=\"x-column x-sm x-1-4 e1639-e40 m19j-c m19j-e m19j-f m19j-h\" style=\"margin-top:20px;margin-bottom:20px;\"><div class=\"x-text x-content e1639-e41 m19j-j m19j-l m19j-m\">Adjusting the saddle height on a Yokler electric rickshaw\n<\/div><span class=\"x-image e1639-e42 m19j-p\"><img decoding=\"async\" data-src=\"https:\/\/www.yokler.com\/wp-content\/uploads\/2018\/02\/reglage-selle.jpg\" width=\"300\" height=\"300\" alt=\"R\u00e9gler la hauteur de selle d&#039;un triporteur \u00e9lectrique Yokler\" src=\"data:image\/svg+xml;base64,PHN2ZyB3aWR0aD0iMSIgaGVpZ2h0PSIxIiB4bWxucz0iaHR0cDovL3d3dy53My5vcmcvMjAwMC9zdmciPjwvc3ZnPg==\" class=\"lazyload\" style=\"--smush-placeholder-width: 300px; --smush-placeholder-aspect-ratio: 300\/300;\"><\/span><\/div><\/div><div class=\"x-container max width e1639-e43 m19j-9 m19j-a\" style=\"display:none;\"><div class=\"x-column x-sm x-1-4 e1639-e44 m19j-c m19j-e m19j-f m19j-h\" style=\"margin-top:20px;margin-bottom:20px;\"><div class=\"x-text x-content e1639-e45 m19j-j m19j-l m19j-m\">Removing the advertising framework from a Yokler electric taxi bike\n<\/div><span class=\"x-image e1639-e46 m19j-p\"><img decoding=\"async\" data-src=\"https:\/\/www.yokler.com\/wp-content\/uploads\/2018\/02\/demonter-carrosserie.jpg\" width=\"300\" height=\"300\" alt=\"D\u00e9monter la carrosserie publicitaire d&#039;un v\u00e9lotaxi \u00e9lectrique Yokler\" src=\"data:image\/svg+xml;base64,PHN2ZyB3aWR0aD0iMSIgaGVpZ2h0PSIxIiB4bWxucz0iaHR0cDovL3d3dy53My5vcmcvMjAwMC9zdmciPjwvc3ZnPg==\" class=\"lazyload\" style=\"--smush-placeholder-width: 300px; --smush-placeholder-aspect-ratio: 300\/300;\"><\/span><\/div><div class=\"x-column x-sm x-1-4 e1639-e47 m19j-c m19j-d m19j-e\">&nbsp;<\/div><div class=\"x-column x-sm x-1-4 e1639-e48 m19j-c m19j-d m19j-e\">&nbsp;<\/div><div class=\"x-column x-sm x-1-4 e1639-e49 m19j-c m19j-d m19j-e\">&nbsp;<\/div><\/div><\/div><div class=\"x-section e1639-e50 m19j-0 m19j-3 m19j-6\"><div class=\"x-container max width e1639-e51 m19j-8 m19j-9 m19j-b\"><div class=\"x-column x-sm x-1-3 e1639-e52 m19j-c m19j-d\"><i  class=\"x-icon x-icon-credit-card-alt\" style=\"text-align: center; color: #f41e43; font-size: 60px;\" data-x-icon-s=\"&#xf09d;\" aria-hidden=\"true\"><\/i><div class=\"x-text x-content e1639-e54 m19j-i m19j-j m19j-l\"><p><strong>Secure <br \/>payment<\/strong><\/p><p>Your online payments are secured by our banking partner.\n<\/p><\/div><\/div><div class=\"x-column x-sm x-1-3 e1639-e55 m19j-c m19j-d m19j-e\"><i  class=\"x-icon x-icon-ship\" style=\"text-align: center; color: #f41e43; font-size: 60px;\" data-x-icon-s=\"&#xf21a;\" aria-hidden=\"true\"><\/i><div class=\"x-text x-content e1639-e57 m19j-i m19j-j m19j-l\"><p><strong>Delivery across\n<br \/>the whole world<\/strong><\/p><p>We can deliver your pedicab\/cargo bike to any continent. <\/p><\/div><\/div><div class=\"x-column x-sm x-1-3 e1639-e58 m19j-c m19j-d m19j-e\"><i  class=\"x-icon x-icon-smile-o\" style=\"text-align: center; color: #f41e43; font-size: 60px;\" data-x-icon-s=\"&#xf118;\" aria-hidden=\"true\"><\/i><div class=\"x-text x-content e1639-e60 m19j-i m19j-j m19j-l\"><p><strong>2 years<br \/>\nmanufacturer's warranty<br \/>\n(<a href=\"https:\/\/www.yokler.com\/en\/guarantee-manufacturer-pedicab-cargo-bike\/\">more info<\/a>)<\/strong><\/p>\n<p><span>Our pedicabs and cargo bikes benefit from the Made in France label of quality.<\/span><\/p><\/div><\/div><\/div><\/div><div class=\"x-section e1639-e61 m19j-0 m19j-7\"><div class=\"x-container max width e1639-e62 m19j-8 m19j-9\"><div class=\"x-column x-sm x-1-1 e1639-e63 m19j-c m19j-d m19j-e\"><a class=\"x-anchor x-anchor-button has-graphic e1639-e64 m19j-r\" tabindex=\"0\" href=\"https:\/\/www.facebook.com\/YoklerMobility\/\"><div class=\"x-anchor-content\"><span class=\"x-graphic\" aria-hidden=\"true\"><i class=\"x-icon x-graphic-child x-graphic-icon x-graphic-primary\" aria-hidden=\"true\" data-x-icon-b=\"&#xf09a;\"><\/i><\/span><\/div><\/a><a class=\"x-anchor x-anchor-button has-graphic e1639-e65 m19j-r\" tabindex=\"0\" href=\"https:\/\/twitter.com\/yoklerMobility\"><div class=\"x-anchor-content\"><span class=\"x-graphic\" aria-hidden=\"true\"><i class=\"x-icon x-graphic-child x-graphic-icon x-graphic-primary\" aria-hidden=\"true\" data-x-icon-b=\"&#xf099;\"><\/i><\/span><\/div><\/a><a class=\"x-anchor x-anchor-button has-graphic e1639-e66 m19j-r\" tabindex=\"0\" href=\"https:\/\/plus.google.com\/u\/1\/110150894819699651333\"><div class=\"x-anchor-content\"><span class=\"x-graphic\" aria-hidden=\"true\"><i class=\"x-icon x-graphic-child x-graphic-icon x-graphic-primary\" aria-hidden=\"true\" data-x-icon-b=\"&#xf2b3;\"><\/i><\/span><\/div><\/a><a class=\"x-anchor x-anchor-button has-graphic e1639-e67 m19j-r\" tabindex=\"0\" href=\"https:\/\/fr.linkedin.com\/company\/yokler\"><div class=\"x-anchor-content\"><span class=\"x-graphic\" aria-hidden=\"true\"><i class=\"x-icon x-graphic-child x-graphic-icon x-graphic-primary\" aria-hidden=\"true\" data-x-icon-b=\"&#xf08c;\"><\/i><\/span><\/div><\/a><a class=\"x-anchor x-anchor-button has-graphic e1639-e68 m19j-r\" tabindex=\"0\" href=\"https:\/\/www.instagram.com\/yoklermobility\/\"><div class=\"x-anchor-content\"><span class=\"x-graphic\" aria-hidden=\"true\"><i class=\"x-icon x-graphic-child x-graphic-icon x-graphic-primary\" aria-hidden=\"true\" data-x-icon-b=\"&#xf16d;\"><\/i><\/span><\/div><\/a><\/div><\/div><\/div><div class=\"x-section e1639-e69 m19j-0 m19j-3 m19j-4\"><div class=\"x-container max width e1639-e70 m19j-8 m19j-9\"><div class=\"x-column x-sm x-1-1 e1639-e71 m19j-c m19j-d m19j-e\"><span class=\"x-image e1639-e72 m19j-p m19j-q\"><img decoding=\"async\" data-src=\"https:\/\/www.yokler.com\/wp-content\/uploads\/2018\/02\/logo-yokler-triporteur.png\" width=\"335\" height=\"105\" alt=\"logo Yokler\" src=\"data:image\/svg+xml;base64,PHN2ZyB3aWR0aD0iMSIgaGVpZ2h0PSIxIiB4bWxucz0iaHR0cDovL3d3dy53My5vcmcvMjAwMC9zdmciPjwvc3ZnPg==\" class=\"lazyload\" style=\"--smush-placeholder-width: 335px; --smush-placeholder-aspect-ratio: 335\/105;\"><\/span><\/div><\/div><\/div><span data-x-element-responsive-text=\"{&quot;selector&quot;:&quot;.h-responsive&quot;,&quot;compression&quot;:&quot;1.0&quot;,&quot;minFontSize&quot;:&quot;20px&quot;,&quot;maxFontSize&quot;:&quot;40px&quot;}\" class=\"e1639-e73\"><\/span><\/div>\n","protected":false},"excerpt":{"rendered":"<p>Yokler e-shop Buy online your spare parts and be delivered within 72hClick here to access the e-shopReplacing the front brake pads on a Yokler pedicab Replacing the rear brake pads on a Yokler electric rickshawChanging the internal tube on the front wheel of a Yokler electric tricycle Changing the internal tube on the rear wheel of a Yokler electric pedicab &#8230; <\/p>\n<div><a href=\"https:\/\/www.yokler.com\/accueil-fr\/en\/e-shop-en\/\" class=\"more-link\">Read More<\/a><\/div>\n","protected":false},"author":1,"featured_media":0,"parent":0,"menu_order":0,"comment_status":"closed","ping_status":"closed","template":"template-blank-4.php","meta":{"_acf_changed":false,"footnotes":""},"class_list":["post-1639","page","type-page","status-publish","hentry","no-post-thumbnail"],"acf":[],"yoast_head":"<!-- This site is optimized with the Yoast SEO plugin v27.1.1 - https:\/\/yoast.com\/product\/yoast-seo-wordpress\/ -->\n<title>Yokler e-shop - Order your spare parts online - Delivery 72h<\/title>\n<meta name=\"description\" content=\"Yokler e-shop - Order your spare parts online - Delivery 72h\" \/>\n<meta name=\"robots\" content=\"index, follow, max-snippet:-1, max-image-preview:large, max-video-preview:-1\" \/>\n<link rel=\"canonical\" href=\"https:\/\/www.yokler.com\/accueil-fr\/en\/e-shop-en\/\" \/>\n<meta property=\"og:locale\" content=\"en_US\" \/>\n<meta property=\"og:type\" content=\"article\" \/>\n<meta property=\"og:title\" content=\"Yokler e-shop - Order your spare parts online - Delivery 72h\" \/>\n<meta property=\"og:description\" content=\"Yokler e-shop - Order your spare parts online - Delivery 72h\" \/>\n<meta property=\"og:url\" content=\"https:\/\/www.yokler.com\/accueil-fr\/en\/e-shop-en\/\" \/>\n<meta property=\"og:site_name\" content=\"Triporteur professionnel \u00e0 assistance \u00e9lectrique, par Yokler !\" \/>\n<meta property=\"article:modified_time\" content=\"2025-01-20T07:29:18+00:00\" \/>\n<meta name=\"twitter:card\" content=\"summary_large_image\" \/>\n<meta name=\"twitter:label1\" content=\"Est. reading time\" \/>\n\t<meta name=\"twitter:data1\" content=\"4 minutes\" \/>\n<script type=\"application\/ld+json\" class=\"yoast-schema-graph\">{\"@context\":\"https:\/\/schema.org\",\"@graph\":[{\"@type\":\"WebPage\",\"@id\":\"https:\/\/www.yokler.com\/accueil-fr\/en\/e-shop-en\/\",\"url\":\"https:\/\/www.yokler.com\/accueil-fr\/en\/e-shop-en\/\",\"name\":\"Yokler e-shop - Order your spare parts online - Delivery 72h\",\"isPartOf\":{\"@id\":\"https:\/\/www.yokler.com\/accueil-fr\/de\/#website\"},\"datePublished\":\"2018-04-16T14:04:46+00:00\",\"dateModified\":\"2025-01-20T07:29:18+00:00\",\"description\":\"Yokler e-shop - Order your spare parts online - Delivery 72h\",\"breadcrumb\":{\"@id\":\"https:\/\/www.yokler.com\/accueil-fr\/en\/e-shop-en\/#breadcrumb\"},\"inLanguage\":\"en-US\",\"potentialAction\":[{\"@type\":\"ReadAction\",\"target\":[\"https:\/\/www.yokler.com\/accueil-fr\/en\/e-shop-en\/\"]}]},{\"@type\":\"BreadcrumbList\",\"@id\":\"https:\/\/www.yokler.com\/accueil-fr\/en\/e-shop-en\/#breadcrumb\",\"itemListElement\":[{\"@type\":\"ListItem\",\"position\":1,\"name\":\"Accueil\",\"item\":\"https:\/\/www.yokler.com\/accueil-fr\/en\/accueil-fr\/\"},{\"@type\":\"ListItem\",\"position\":2,\"name\":\"E-shop &#8211; en\"}]},{\"@type\":\"WebSite\",\"@id\":\"https:\/\/www.yokler.com\/accueil-fr\/de\/#website\",\"url\":\"https:\/\/www.yokler.com\/accueil-fr\/de\/\",\"name\":\"Triporteur professionnel \u00e0 assistance \u00e9lectrique, par Yokler !\",\"description\":\"Triporteur \u00e9lectrique professionnel made in France\",\"publisher\":{\"@id\":\"https:\/\/www.yokler.com\/accueil-fr\/de\/#organization\"},\"potentialAction\":[{\"@type\":\"SearchAction\",\"target\":{\"@type\":\"EntryPoint\",\"urlTemplate\":\"https:\/\/www.yokler.com\/accueil-fr\/de\/?s={search_term_string}\"},\"query-input\":{\"@type\":\"PropertyValueSpecification\",\"valueRequired\":true,\"valueName\":\"search_term_string\"}}],\"inLanguage\":\"en-US\"},{\"@type\":\"Organization\",\"@id\":\"https:\/\/www.yokler.com\/accueil-fr\/de\/#organization\",\"name\":\"Yokler\",\"url\":\"https:\/\/www.yokler.com\/accueil-fr\/de\/\",\"logo\":{\"@type\":\"ImageObject\",\"inLanguage\":\"en-US\",\"@id\":\"https:\/\/www.yokler.com\/accueil-fr\/de\/#\/schema\/logo\/image\/\",\"url\":\"https:\/\/www.yokler.com\/wp-content\/uploads\/2021\/10\/logo-yokler-triporteur.png\",\"contentUrl\":\"https:\/\/www.yokler.com\/wp-content\/uploads\/2021\/10\/logo-yokler-triporteur.png\",\"width\":671,\"height\":210,\"caption\":\"Yokler\"},\"image\":{\"@id\":\"https:\/\/www.yokler.com\/accueil-fr\/de\/#\/schema\/logo\/image\/\"}}]}<\/script>\n<!-- \/ Yoast SEO plugin. -->","yoast_head_json":{"title":"Yokler e-shop - Order your spare parts online - Delivery 72h","description":"Yokler e-shop - Order your spare parts online - Delivery 72h","robots":{"index":"index","follow":"follow","max-snippet":"max-snippet:-1","max-image-preview":"max-image-preview:large","max-video-preview":"max-video-preview:-1"},"canonical":"https:\/\/www.yokler.com\/accueil-fr\/en\/e-shop-en\/","og_locale":"en_US","og_type":"article","og_title":"Yokler e-shop - Order your spare parts online - Delivery 72h","og_description":"Yokler e-shop - Order your spare parts online - Delivery 72h","og_url":"https:\/\/www.yokler.com\/accueil-fr\/en\/e-shop-en\/","og_site_name":"Triporteur professionnel \u00e0 assistance \u00e9lectrique, par Yokler !","article_modified_time":"2025-01-20T07:29:18+00:00","twitter_card":"summary_large_image","twitter_misc":{"Est. reading time":"4 minutes"},"schema":{"@context":"https:\/\/schema.org","@graph":[{"@type":"WebPage","@id":"https:\/\/www.yokler.com\/accueil-fr\/en\/e-shop-en\/","url":"https:\/\/www.yokler.com\/accueil-fr\/en\/e-shop-en\/","name":"Yokler e-shop - Order your spare parts online - Delivery 72h","isPartOf":{"@id":"https:\/\/www.yokler.com\/accueil-fr\/de\/#website"},"datePublished":"2018-04-16T14:04:46+00:00","dateModified":"2025-01-20T07:29:18+00:00","description":"Yokler e-shop - Order your spare parts online - Delivery 72h","breadcrumb":{"@id":"https:\/\/www.yokler.com\/accueil-fr\/en\/e-shop-en\/#breadcrumb"},"inLanguage":"en-US","potentialAction":[{"@type":"ReadAction","target":["https:\/\/www.yokler.com\/accueil-fr\/en\/e-shop-en\/"]}]},{"@type":"BreadcrumbList","@id":"https:\/\/www.yokler.com\/accueil-fr\/en\/e-shop-en\/#breadcrumb","itemListElement":[{"@type":"ListItem","position":1,"name":"Accueil","item":"https:\/\/www.yokler.com\/accueil-fr\/en\/accueil-fr\/"},{"@type":"ListItem","position":2,"name":"E-shop &#8211; en"}]},{"@type":"WebSite","@id":"https:\/\/www.yokler.com\/accueil-fr\/de\/#website","url":"https:\/\/www.yokler.com\/accueil-fr\/de\/","name":"Triporteur professionnel \u00e0 assistance \u00e9lectrique, par Yokler !","description":"Triporteur \u00e9lectrique professionnel made in France","publisher":{"@id":"https:\/\/www.yokler.com\/accueil-fr\/de\/#organization"},"potentialAction":[{"@type":"SearchAction","target":{"@type":"EntryPoint","urlTemplate":"https:\/\/www.yokler.com\/accueil-fr\/de\/?s={search_term_string}"},"query-input":{"@type":"PropertyValueSpecification","valueRequired":true,"valueName":"search_term_string"}}],"inLanguage":"en-US"},{"@type":"Organization","@id":"https:\/\/www.yokler.com\/accueil-fr\/de\/#organization","name":"Yokler","url":"https:\/\/www.yokler.com\/accueil-fr\/de\/","logo":{"@type":"ImageObject","inLanguage":"en-US","@id":"https:\/\/www.yokler.com\/accueil-fr\/de\/#\/schema\/logo\/image\/","url":"https:\/\/www.yokler.com\/wp-content\/uploads\/2021\/10\/logo-yokler-triporteur.png","contentUrl":"https:\/\/www.yokler.com\/wp-content\/uploads\/2021\/10\/logo-yokler-triporteur.png","width":671,"height":210,"caption":"Yokler"},"image":{"@id":"https:\/\/www.yokler.com\/accueil-fr\/de\/#\/schema\/logo\/image\/"}}]}},"_links":{"self":[{"href":"https:\/\/www.yokler.com\/accueil-fr\/en\/wp-json\/wp\/v2\/pages\/1639\/"}],"collection":[{"href":"https:\/\/www.yokler.com\/accueil-fr\/en\/wp-json\/wp\/v2\/pages\/"}],"about":[{"href":"https:\/\/www.yokler.com\/accueil-fr\/en\/wp-json\/wp\/v2\/types\/page\/"}],"author":[{"embeddable":true,"href":"https:\/\/www.yokler.com\/accueil-fr\/en\/wp-json\/wp\/v2\/users\/1\/"}],"replies":[{"embeddable":true,"href":"https:\/\/www.yokler.com\/accueil-fr\/en\/wp-json\/wp\/v2\/comments\/?post=1639"}],"version-history":[{"count":15,"href":"https:\/\/www.yokler.com\/accueil-fr\/en\/wp-json\/wp\/v2\/pages\/1639\/revisions\/"}],"predecessor-version":[{"id":13820,"href":"https:\/\/www.yokler.com\/accueil-fr\/en\/wp-json\/wp\/v2\/pages\/1639\/revisions\/13820\/"}],"wp:attachment":[{"href":"https:\/\/www.yokler.com\/accueil-fr\/en\/wp-json\/wp\/v2\/media\/?parent=1639"}],"curies":[{"name":"wp","href":"https:\/\/api.w.org\/{rel}","templated":true}]}}