{"id":1632,"date":"2018-04-16T15:54:08","date_gmt":"2018-04-16T13:54:08","guid":{"rendered":"https:\/\/www.yokler.com\/?page_id=1632"},"modified":"2025-08-23T22:55:55","modified_gmt":"2025-08-23T20:55:55","slug":"contact-fr","status":"publish","type":"page","link":"https:\/\/www.yokler.com\/accueil-fr\/en\/contact-fr\/","title":{"rendered":"Contact &#8211; en"},"content":{"rendered":"<div id=\"cs-content\" class=\"cs-content\"><div class=\"x-section e1632-e1 m19c-0 m19c-1\" style=\"border-bottom: solid #a7aeb5 1px;\"><div class=\"x-container max width e1632-e2 m19c-7\"><div class=\"x-column x-sm x-1-1 e1632-e3 m19c-9 m19c-a\"><div class=\"x-text x-text-headline e1632-e4 m19c-b h-responsive\"><div class=\"x-text-content\"><div class=\"x-text-content-text\"><h1 class=\"x-text-content-text-primary\">Contact us!<\/h1>\n<\/div><\/div><\/div><\/div><\/div><\/div><div class=\"x-section e1632-e5 m19c-0 m19c-2 m19c-3 m19c-4\"><div class=\"x-container max width e1632-e6 m19c-7\"><div class=\"x-column x-sm x-1-2 e1632-e7 m19c-9\"><div id=\"\" class=\"x-text\" style=\"\" ><p style=\"text-align: center;\">Fill out this form and tell us about your project! Our sales team will contact you very quickly to advise you on the models and equipment best suited to your project.<\/p>\n<\/div><div class=\"x-text x-content e1632-e9 m19c-c m19c-d\">\n<div class=\"wpcf7 no-js\" id=\"wpcf7-f15036-o1\" lang=\"en-US\" dir=\"ltr\" data-wpcf7-id=\"15036\">\n<div class=\"screen-reader-response\"><p role=\"status\" aria-live=\"polite\" aria-atomic=\"true\"><\/p> <ul><\/ul><\/div>\n<form action=\"\/accueil-fr\/en\/wp-json\/wp\/v2\/pages\/1632\/#wpcf7-f15036-o1\" method=\"post\" class=\"wpcf7-form init\" aria-label=\"Contact form\" novalidate=\"novalidate\" data-status=\"init\">\n<fieldset class=\"hidden-fields-container\"><input type=\"hidden\" name=\"_wpcf7\" value=\"15036\" \/><input type=\"hidden\" name=\"_wpcf7_version\" value=\"6.1.5\" \/><input type=\"hidden\" name=\"_wpcf7_locale\" value=\"en_US\" \/><input type=\"hidden\" name=\"_wpcf7_unit_tag\" value=\"wpcf7-f15036-o1\" \/><input type=\"hidden\" name=\"_wpcf7_container_post\" value=\"0\" \/><input type=\"hidden\" name=\"_wpcf7_posted_data_hash\" value=\"\" \/><input type=\"hidden\" name=\"_wpcf7_recaptcha_response\" value=\"\" \/>\n<\/fieldset>\n<p><label> Your name *<span class=\"wpcf7-form-control-wrap\" data-name=\"nom\"><input size=\"40\" maxlength=\"400\" class=\"wpcf7-form-control wpcf7-text wpcf7-validates-as-required\" aria-required=\"true\" aria-invalid=\"false\" value=\"\" type=\"text\" name=\"nom\" \/><\/span> <\/label>\n<\/p>\n<p><label> Your company * <span class=\"wpcf7-form-control-wrap\" data-name=\"entreprise\"><input size=\"40\" maxlength=\"400\" class=\"wpcf7-form-control wpcf7-text wpcf7-validates-as-required\" aria-required=\"true\" aria-invalid=\"false\" value=\"\" type=\"text\" name=\"entreprise\" \/><\/span> <\/label>\n<\/p>\n<p><label> Your email * <span class=\"wpcf7-form-control-wrap\" data-name=\"adresse-email\"><input size=\"40\" maxlength=\"400\" class=\"wpcf7-form-control wpcf7-email wpcf7-validates-as-required wpcf7-text wpcf7-validates-as-email\" aria-required=\"true\" aria-invalid=\"false\" value=\"\" type=\"email\" name=\"adresse-email\" \/><\/span> <\/label>\n<\/p>\n<p><label> Your phone number * <span class=\"wpcf7-form-control-wrap\" data-name=\"telephone\"><input size=\"40\" maxlength=\"400\" class=\"wpcf7-form-control wpcf7-text wpcf7-validates-as-required\" aria-required=\"true\" aria-invalid=\"false\" value=\"\" type=\"text\" name=\"telephone\" \/><\/span> <\/label>\n<\/p>\n<p>Which model(s) are you interested in ? *<br \/>\n<span class=\"wpcf7-form-control-wrap\" data-name=\"checkbox-493\"><span class=\"wpcf7-form-control wpcf7-checkbox wpcf7-validates-as-required\"><span class=\"wpcf7-list-item first\"><label><input type=\"checkbox\" name=\"checkbox-493[]\" value=\"Yokler U - 1 m3\" \/><span class=\"wpcf7-list-item-label\">Yokler U - 1 m3<\/span><\/label><\/span><span class=\"wpcf7-list-item\"><label><input type=\"checkbox\" name=\"checkbox-493[]\" value=\"Yokler XL - 1,5 m3\" \/><span class=\"wpcf7-list-item-label\">Yokler XL - 1,5 m3<\/span><\/label><\/span><span class=\"wpcf7-list-item\"><label><input type=\"checkbox\" name=\"checkbox-493[]\" value=\"Yokler XXL - 2 m3\" \/><span class=\"wpcf7-list-item-label\">Yokler XXL - 2 m3<\/span><\/label><\/span><span class=\"wpcf7-list-item\"><label><input type=\"checkbox\" name=\"checkbox-493[]\" value=\"Yokler J - pick-up\" \/><span class=\"wpcf7-list-item-label\">Yokler J - pick-up<\/span><\/label><\/span><span class=\"wpcf7-list-item last\"><label><input type=\"checkbox\" name=\"checkbox-493[]\" value=\"Yokler T - pedicab\" \/><span class=\"wpcf7-list-item-label\">Yokler T - pedicab<\/span><\/label><\/span><\/span><\/span>\n<\/p>\n<p><label><br \/>\nTell us more about your project <span class=\"wpcf7-form-control-wrap\" data-name=\"projet\"><input size=\"40\" maxlength=\"400\" class=\"wpcf7-form-control wpcf7-text\" aria-invalid=\"false\" value=\"\" type=\"text\" name=\"projet\" \/><\/span> <\/label>\n<\/p>\n<p><span class=\"wpcf7-form-control-wrap\" data-name=\"agreement\"><span class=\"wpcf7-form-control wpcf7-checkbox wpcf7-validates-as-required\"><span class=\"wpcf7-list-item first last\"><input type=\"checkbox\" name=\"agreement[]\" value=\"I agree to receive information by email from Yokler *\" \/><span class=\"wpcf7-list-item-label\">I agree to receive information by email from Yokler *<\/span><\/span><\/span><\/span>\n<\/p>\n<p>* Mandatory field\n<\/p>\n<p><input class=\"wpcf7-form-control wpcf7-submit has-spinner\" type=\"submit\" value=\"Send the form\" \/>\n<\/p><div class=\"wpcf7-response-output\" aria-hidden=\"true\"><\/div>\n<\/form>\n<\/div>\n<\/div><\/div><div class=\"x-column x-sm x-1-2 e1632-e10 m19c-9\"><div class=\"x-text x-content e1632-e11 m19c-c m19c-e\"><p><strong>Our technical and sales team&nbsp;<\/strong><\/p>\n<p>Tel : +33&nbsp;4 83 43 33 17<\/p><\/div><hr class=\"x-line e1632-e12 m19c-f\"\/><div class=\"x-text x-content e1632-e13 m19c-c m19c-e\"><p><strong>2 show-room in France : <\/strong><\/p>\n<p><span size=\"-1\"><span face=\"Arial\" style=\"font-family: Arial;\"><strong>Vaulx-en-Velin La Soie<\/strong><br \/>\n70 avenue de Bohlen<br \/>\n69120 Vaulx-en-Velin<br \/>\nFrance<br \/>\n<\/span><\/span><\/p>\n<p><span size=\"-1\"><span face=\"Arial\" style=\"font-family: Arial;\"><strong>Paris<\/strong><br \/>\nPlace Saint Sulpice<br \/>\n75006 Paris<br \/>\nFrance<br \/>\n<\/span><\/span><span size=\"-1\"><span face=\"Arial\" style=\"font-family: Arial;\">Ask for appointment at +331 84 60 25<\/span><\/span><\/p><\/div><\/div><\/div><\/div><div class=\"x-section e1632-e14 m19c-0 m19c-2 m19c-5\"><div class=\"x-container max width e1632-e15 m19c-7 m19c-8\"><div class=\"x-column x-sm x-1-4 e1632-e16 m19c-9\"><i  class=\"x-icon x-icon-badge-check\" style=\"text-align: center; color: #f41e43; font-size: 60px;\" data-x-icon-s=\"&#xf336;\" aria-hidden=\"true\"><\/i><div class=\"x-text x-content e1632-e18 m19c-c m19c-e\"><p><b>Made in France<br \/>\n<\/b>Designed, manufactured and assembled in France<br \/>\n<strong><a href=\"https:\/\/www.yokler.com\/accueil-fr\/yokler-constructeur-triporteur\/\" data-wplink-edit=\"true\">(+info)<\/a><\/strong><\/p><\/div><\/div><div class=\"x-column x-sm x-1-4 e1632-e19 m19c-9 m19c-a\"><i  class=\"x-icon x-icon-starfighter\" style=\"text-align: center; color: #f41e43; font-size: 60px;\" data-x-icon-s=\"&#xe037;\" aria-hidden=\"true\"><\/i><div class=\"x-text x-content e1632-e21 m19c-c m19c-e\"><p><strong>An exclusive technology at the service of cyclo-logistics<br \/>\n<a href=\"https:\/\/www.yokler.com\/accueil-fr\/en\/technologie\/\">(+ info)<\/a><\/strong><\/p><\/div><\/div><div class=\"x-column x-sm x-1-4 e1632-e22 m19c-9 m19c-a\"><i  class=\"x-icon x-icon-smile-o\" style=\"text-align: center; color: #f41e43; font-size: 60px;\" data-x-icon-s=\"&#xf118;\" aria-hidden=\"true\"><\/i><div class=\"x-text x-content e1632-e24 m19c-c m19c-e\"><p><strong>Manufacturer's warranty<br \/>\n2 years parts and labor<br \/>\n(<a href=\"https:\/\/www.yokler.com\/accueil-fr\/en\/guarantee-manufacturer-pedicab-cargo-bike\/\">+ info)<\/a><\/strong><\/p><\/div><\/div><div class=\"x-column x-sm x-1-4 e1632-e25 m19c-9\"><i  class=\"x-icon x-icon-ship\" style=\"text-align: center; color: #f41e43; font-size: 60px;\" data-x-icon-s=\"&#xf21a;\" aria-hidden=\"true\"><\/i><div class=\"x-text x-content e1632-e27 m19c-c m19c-e\"><strong>We deliver to Europe and worldwide!<\/strong><\/div><\/div><\/div><\/div><div class=\"x-section e1632-e28 m19c-0 m19c-6\"><div class=\"x-container max width e1632-e29 m19c-7\"><div class=\"x-column x-sm x-1-1 e1632-e30 m19c-9 m19c-a\"><a class=\"x-anchor x-anchor-button has-graphic e1632-e31 m19c-g\" tabindex=\"0\" href=\"https:\/\/www.facebook.com\/YoklerMobility\/\"><div class=\"x-anchor-content\"><span class=\"x-graphic\" aria-hidden=\"true\"><i class=\"x-icon x-graphic-child x-graphic-icon x-graphic-primary\" aria-hidden=\"true\" data-x-icon-b=\"&#xf09a;\"><\/i><\/span><\/div><\/a><a class=\"x-anchor x-anchor-button has-graphic e1632-e32 m19c-g\" tabindex=\"0\" href=\"https:\/\/twitter.com\/yoklerMobility\"><div class=\"x-anchor-content\"><span class=\"x-graphic\" aria-hidden=\"true\"><i class=\"x-icon x-graphic-child x-graphic-icon x-graphic-primary\" aria-hidden=\"true\" data-x-icon-b=\"&#xf099;\"><\/i><\/span><\/div><\/a><a class=\"x-anchor x-anchor-button has-graphic e1632-e33 m19c-g\" tabindex=\"0\" href=\"https:\/\/plus.google.com\/u\/1\/110150894819699651333\"><div class=\"x-anchor-content\"><span class=\"x-graphic\" aria-hidden=\"true\"><i class=\"x-icon x-graphic-child x-graphic-icon x-graphic-primary\" aria-hidden=\"true\" data-x-icon-b=\"&#xf2b3;\"><\/i><\/span><\/div><\/a><a class=\"x-anchor x-anchor-button has-graphic e1632-e34 m19c-g\" tabindex=\"0\" href=\"https:\/\/fr.linkedin.com\/company\/yokler\"><div class=\"x-anchor-content\"><span class=\"x-graphic\" aria-hidden=\"true\"><i class=\"x-icon x-graphic-child x-graphic-icon x-graphic-primary\" aria-hidden=\"true\" data-x-icon-b=\"&#xf08c;\"><\/i><\/span><\/div><\/a><a class=\"x-anchor x-anchor-button has-graphic e1632-e35 m19c-g\" tabindex=\"0\" href=\"https:\/\/www.instagram.com\/yoklermobility\/\"><div class=\"x-anchor-content\"><span class=\"x-graphic\" aria-hidden=\"true\"><i class=\"x-icon x-graphic-child x-graphic-icon x-graphic-primary\" aria-hidden=\"true\" data-x-icon-b=\"&#xf16d;\"><\/i><\/span><\/div><\/a><\/div><\/div><\/div><div class=\"x-section e1632-e36 m19c-0 m19c-2 m19c-3\"><div class=\"x-container max width e1632-e37 m19c-7\"><div class=\"x-column x-sm x-1-1 e1632-e38 m19c-9 m19c-a\"><span class=\"x-image e1632-e39 m19c-h\"><img decoding=\"async\" data-src=\"https:\/\/www.yokler.com\/wp-content\/uploads\/2018\/02\/logo-yokler-triporteur.png\" width=\"335\" height=\"105\" alt=\"logo Yokler\" src=\"data:image\/svg+xml;base64,PHN2ZyB3aWR0aD0iMSIgaGVpZ2h0PSIxIiB4bWxucz0iaHR0cDovL3d3dy53My5vcmcvMjAwMC9zdmciPjwvc3ZnPg==\" class=\"lazyload\" style=\"--smush-placeholder-width: 335px; --smush-placeholder-aspect-ratio: 335\/105;\"><\/span><\/div><\/div><\/div><span data-x-element-responsive-text=\"{&quot;selector&quot;:&quot;.h-responsive&quot;,&quot;compression&quot;:&quot;1.0&quot;,&quot;minFontSize&quot;:&quot;20px&quot;,&quot;maxFontSize&quot;:&quot;40px&quot;}\" class=\"e1632-e40\"><\/span><\/div>\n","protected":false},"excerpt":{"rendered":"<p>Contact us! Fill out this form and tell us about your project! Our sales team will contact you very quickly to advise you on the models and equipment best suited to your project. Your name * Your company * Your email * Your phone number * Which model(s) are you interested in ? * Yokler U &#8211; 1 m3Yokler XL &#8230; <\/p>\n<div><a href=\"https:\/\/www.yokler.com\/accueil-fr\/en\/contact-fr\/\" class=\"more-link\">Read More<\/a><\/div>\n","protected":false},"author":1,"featured_media":11197,"parent":0,"menu_order":0,"comment_status":"closed","ping_status":"closed","template":"template-blank-4.php","meta":{"_acf_changed":false,"footnotes":""},"class_list":["post-1632","page","type-page","status-publish","has-post-thumbnail","hentry"],"acf":[],"yoast_head":"<!-- This site is optimized with the Yoast SEO plugin v27.1.1 - https:\/\/yoast.com\/product\/yoast-seo-wordpress\/ -->\n<title>Contact - Yokler<\/title>\n<meta name=\"description\" content=\"Contact-us!\" \/>\n<meta name=\"robots\" content=\"index, follow, max-snippet:-1, max-image-preview:large, max-video-preview:-1\" \/>\n<link rel=\"canonical\" href=\"https:\/\/www.yokler.com\/accueil-fr\/en\/contact-fr\/\" \/>\n<meta property=\"og:locale\" content=\"en_US\" \/>\n<meta property=\"og:type\" content=\"article\" \/>\n<meta property=\"og:title\" content=\"Contact - Yokler\" \/>\n<meta property=\"og:description\" content=\"Contact-us!\" \/>\n<meta property=\"og:url\" content=\"https:\/\/www.yokler.com\/accueil-fr\/en\/contact-fr\/\" \/>\n<meta property=\"og:site_name\" content=\"Triporteur professionnel \u00e0 assistance \u00e9lectrique, par Yokler !\" \/>\n<meta property=\"article:modified_time\" content=\"2025-08-23T20:55:55+00:00\" \/>\n<meta property=\"og:image\" content=\"https:\/\/www.yokler.com\/wp-content\/uploads\/2022\/12\/Triporteur-cargobike-professionnel-XL-BD.jpg\" \/>\n\t<meta property=\"og:image:width\" content=\"1000\" \/>\n\t<meta property=\"og:image:height\" content=\"1000\" \/>\n\t<meta property=\"og:image:type\" content=\"image\/jpeg\" \/>\n<meta name=\"twitter:card\" content=\"summary_large_image\" \/>\n<meta name=\"twitter:label1\" content=\"Est. reading time\" \/>\n\t<meta name=\"twitter:data1\" content=\"2 minutes\" \/>\n<script type=\"application\/ld+json\" class=\"yoast-schema-graph\">{\"@context\":\"https:\/\/schema.org\",\"@graph\":[{\"@type\":\"WebPage\",\"@id\":\"https:\/\/www.yokler.com\/accueil-fr\/en\/contact-fr\/\",\"url\":\"https:\/\/www.yokler.com\/accueil-fr\/en\/contact-fr\/\",\"name\":\"Contact - Yokler\",\"isPartOf\":{\"@id\":\"https:\/\/www.yokler.com\/accueil-fr\/de\/#website\"},\"primaryImageOfPage\":{\"@id\":\"https:\/\/www.yokler.com\/accueil-fr\/en\/contact-fr\/#primaryimage\"},\"image\":{\"@id\":\"https:\/\/www.yokler.com\/accueil-fr\/en\/contact-fr\/#primaryimage\"},\"thumbnailUrl\":\"https:\/\/www.yokler.com\/wp-content\/uploads\/2022\/12\/Triporteur-cargobike-professionnel-XL-BD.jpg\",\"datePublished\":\"2018-04-16T13:54:08+00:00\",\"dateModified\":\"2025-08-23T20:55:55+00:00\",\"description\":\"Contact-us!\",\"breadcrumb\":{\"@id\":\"https:\/\/www.yokler.com\/accueil-fr\/en\/contact-fr\/#breadcrumb\"},\"inLanguage\":\"en-US\",\"potentialAction\":[{\"@type\":\"ReadAction\",\"target\":[\"https:\/\/www.yokler.com\/accueil-fr\/en\/contact-fr\/\"]}]},{\"@type\":\"ImageObject\",\"inLanguage\":\"en-US\",\"@id\":\"https:\/\/www.yokler.com\/accueil-fr\/en\/contact-fr\/#primaryimage\",\"url\":\"https:\/\/www.yokler.com\/wp-content\/uploads\/2022\/12\/Triporteur-cargobike-professionnel-XL-BD.jpg\",\"contentUrl\":\"https:\/\/www.yokler.com\/wp-content\/uploads\/2022\/12\/Triporteur-cargobike-professionnel-XL-BD.jpg\",\"width\":1000,\"height\":1000,\"caption\":\"Empty brick floor with modern building in Shanghai\"},{\"@type\":\"BreadcrumbList\",\"@id\":\"https:\/\/www.yokler.com\/accueil-fr\/en\/contact-fr\/#breadcrumb\",\"itemListElement\":[{\"@type\":\"ListItem\",\"position\":1,\"name\":\"Accueil\",\"item\":\"https:\/\/www.yokler.com\/accueil-fr\/en\/accueil-fr\/\"},{\"@type\":\"ListItem\",\"position\":2,\"name\":\"Contact &#8211; en\"}]},{\"@type\":\"WebSite\",\"@id\":\"https:\/\/www.yokler.com\/accueil-fr\/de\/#website\",\"url\":\"https:\/\/www.yokler.com\/accueil-fr\/de\/\",\"name\":\"Triporteur professionnel \u00e0 assistance \u00e9lectrique, par Yokler !\",\"description\":\"Triporteur \u00e9lectrique professionnel made in France\",\"publisher\":{\"@id\":\"https:\/\/www.yokler.com\/accueil-fr\/de\/#organization\"},\"potentialAction\":[{\"@type\":\"SearchAction\",\"target\":{\"@type\":\"EntryPoint\",\"urlTemplate\":\"https:\/\/www.yokler.com\/accueil-fr\/de\/?s={search_term_string}\"},\"query-input\":{\"@type\":\"PropertyValueSpecification\",\"valueRequired\":true,\"valueName\":\"search_term_string\"}}],\"inLanguage\":\"en-US\"},{\"@type\":\"Organization\",\"@id\":\"https:\/\/www.yokler.com\/accueil-fr\/de\/#organization\",\"name\":\"Yokler\",\"url\":\"https:\/\/www.yokler.com\/accueil-fr\/de\/\",\"logo\":{\"@type\":\"ImageObject\",\"inLanguage\":\"en-US\",\"@id\":\"https:\/\/www.yokler.com\/accueil-fr\/de\/#\/schema\/logo\/image\/\",\"url\":\"https:\/\/www.yokler.com\/wp-content\/uploads\/2021\/10\/logo-yokler-triporteur.png\",\"contentUrl\":\"https:\/\/www.yokler.com\/wp-content\/uploads\/2021\/10\/logo-yokler-triporteur.png\",\"width\":671,\"height\":210,\"caption\":\"Yokler\"},\"image\":{\"@id\":\"https:\/\/www.yokler.com\/accueil-fr\/de\/#\/schema\/logo\/image\/\"}}]}<\/script>\n<!-- \/ Yoast SEO plugin. -->","yoast_head_json":{"title":"Contact - Yokler","description":"Contact-us!","robots":{"index":"index","follow":"follow","max-snippet":"max-snippet:-1","max-image-preview":"max-image-preview:large","max-video-preview":"max-video-preview:-1"},"canonical":"https:\/\/www.yokler.com\/accueil-fr\/en\/contact-fr\/","og_locale":"en_US","og_type":"article","og_title":"Contact - Yokler","og_description":"Contact-us!","og_url":"https:\/\/www.yokler.com\/accueil-fr\/en\/contact-fr\/","og_site_name":"Triporteur professionnel \u00e0 assistance \u00e9lectrique, par Yokler !","article_modified_time":"2025-08-23T20:55:55+00:00","og_image":[{"width":1000,"height":1000,"url":"https:\/\/www.yokler.com\/wp-content\/uploads\/2022\/12\/Triporteur-cargobike-professionnel-XL-BD.jpg","type":"image\/jpeg"}],"twitter_card":"summary_large_image","twitter_misc":{"Est. reading time":"2 minutes"},"schema":{"@context":"https:\/\/schema.org","@graph":[{"@type":"WebPage","@id":"https:\/\/www.yokler.com\/accueil-fr\/en\/contact-fr\/","url":"https:\/\/www.yokler.com\/accueil-fr\/en\/contact-fr\/","name":"Contact - Yokler","isPartOf":{"@id":"https:\/\/www.yokler.com\/accueil-fr\/de\/#website"},"primaryImageOfPage":{"@id":"https:\/\/www.yokler.com\/accueil-fr\/en\/contact-fr\/#primaryimage"},"image":{"@id":"https:\/\/www.yokler.com\/accueil-fr\/en\/contact-fr\/#primaryimage"},"thumbnailUrl":"https:\/\/www.yokler.com\/wp-content\/uploads\/2022\/12\/Triporteur-cargobike-professionnel-XL-BD.jpg","datePublished":"2018-04-16T13:54:08+00:00","dateModified":"2025-08-23T20:55:55+00:00","description":"Contact-us!","breadcrumb":{"@id":"https:\/\/www.yokler.com\/accueil-fr\/en\/contact-fr\/#breadcrumb"},"inLanguage":"en-US","potentialAction":[{"@type":"ReadAction","target":["https:\/\/www.yokler.com\/accueil-fr\/en\/contact-fr\/"]}]},{"@type":"ImageObject","inLanguage":"en-US","@id":"https:\/\/www.yokler.com\/accueil-fr\/en\/contact-fr\/#primaryimage","url":"https:\/\/www.yokler.com\/wp-content\/uploads\/2022\/12\/Triporteur-cargobike-professionnel-XL-BD.jpg","contentUrl":"https:\/\/www.yokler.com\/wp-content\/uploads\/2022\/12\/Triporteur-cargobike-professionnel-XL-BD.jpg","width":1000,"height":1000,"caption":"Empty brick floor with modern building in Shanghai"},{"@type":"BreadcrumbList","@id":"https:\/\/www.yokler.com\/accueil-fr\/en\/contact-fr\/#breadcrumb","itemListElement":[{"@type":"ListItem","position":1,"name":"Accueil","item":"https:\/\/www.yokler.com\/accueil-fr\/en\/accueil-fr\/"},{"@type":"ListItem","position":2,"name":"Contact &#8211; en"}]},{"@type":"WebSite","@id":"https:\/\/www.yokler.com\/accueil-fr\/de\/#website","url":"https:\/\/www.yokler.com\/accueil-fr\/de\/","name":"Triporteur professionnel \u00e0 assistance \u00e9lectrique, par Yokler !","description":"Triporteur \u00e9lectrique professionnel made in France","publisher":{"@id":"https:\/\/www.yokler.com\/accueil-fr\/de\/#organization"},"potentialAction":[{"@type":"SearchAction","target":{"@type":"EntryPoint","urlTemplate":"https:\/\/www.yokler.com\/accueil-fr\/de\/?s={search_term_string}"},"query-input":{"@type":"PropertyValueSpecification","valueRequired":true,"valueName":"search_term_string"}}],"inLanguage":"en-US"},{"@type":"Organization","@id":"https:\/\/www.yokler.com\/accueil-fr\/de\/#organization","name":"Yokler","url":"https:\/\/www.yokler.com\/accueil-fr\/de\/","logo":{"@type":"ImageObject","inLanguage":"en-US","@id":"https:\/\/www.yokler.com\/accueil-fr\/de\/#\/schema\/logo\/image\/","url":"https:\/\/www.yokler.com\/wp-content\/uploads\/2021\/10\/logo-yokler-triporteur.png","contentUrl":"https:\/\/www.yokler.com\/wp-content\/uploads\/2021\/10\/logo-yokler-triporteur.png","width":671,"height":210,"caption":"Yokler"},"image":{"@id":"https:\/\/www.yokler.com\/accueil-fr\/de\/#\/schema\/logo\/image\/"}}]}},"_links":{"self":[{"href":"https:\/\/www.yokler.com\/accueil-fr\/en\/wp-json\/wp\/v2\/pages\/1632\/"}],"collection":[{"href":"https:\/\/www.yokler.com\/accueil-fr\/en\/wp-json\/wp\/v2\/pages\/"}],"about":[{"href":"https:\/\/www.yokler.com\/accueil-fr\/en\/wp-json\/wp\/v2\/types\/page\/"}],"author":[{"embeddable":true,"href":"https:\/\/www.yokler.com\/accueil-fr\/en\/wp-json\/wp\/v2\/users\/1\/"}],"replies":[{"embeddable":true,"href":"https:\/\/www.yokler.com\/accueil-fr\/en\/wp-json\/wp\/v2\/comments\/?post=1632"}],"version-history":[{"count":12,"href":"https:\/\/www.yokler.com\/accueil-fr\/en\/wp-json\/wp\/v2\/pages\/1632\/revisions\/"}],"predecessor-version":[{"id":15039,"href":"https:\/\/www.yokler.com\/accueil-fr\/en\/wp-json\/wp\/v2\/pages\/1632\/revisions\/15039\/"}],"wp:featuredmedia":[{"embeddable":true,"href":"https:\/\/www.yokler.com\/accueil-fr\/en\/wp-json\/wp\/v2\/media\/11197\/"}],"wp:attachment":[{"href":"https:\/\/www.yokler.com\/accueil-fr\/en\/wp-json\/wp\/v2\/media\/?parent=1632"}],"curies":[{"name":"wp","href":"https:\/\/api.w.org\/{rel}","templated":true}]}}