{"id":1614,"date":"2018-04-13T14:15:21","date_gmt":"2018-04-13T12:15:21","guid":{"rendered":"https:\/\/www.yokler.com\/?page_id=1614"},"modified":"2022-11-24T12:48:49","modified_gmt":"2022-11-24T11:48:49","slug":"yokler-manufacturer-pedicab-cargo-bike","status":"publish","type":"page","link":"https:\/\/www.yokler.com\/accueil-fr\/en\/yokler-manufacturer-pedicab-cargo-bike\/","title":{"rendered":"Entreprise &#8211; fr"},"content":{"rendered":"<div id=\"cs-content\" class=\"cs-content\"><\/div>\n","protected":false},"excerpt":{"rendered":"<p>We are Yokler ! Who are we ? Yokler is a team of eco-mobility enthusiasts pioneering cyclology. Our mission Suggest vehicles the most innovative and efficient for the pros of the last mile. Our ambition Decarbonize local logistics in the main cities of France and Europe. Key figures 0international patents0employees passionate about Cyclo-logistics0customers already equipped in France and Europe1000000km traveled &#8230; <\/p>\n<div><a href=\"https:\/\/www.yokler.com\/accueil-fr\/en\/yokler-manufacturer-pedicab-cargo-bike\/\" class=\"more-link\">Read More<\/a><\/div>\n","protected":false},"author":1,"featured_media":9152,"parent":0,"menu_order":0,"comment_status":"closed","ping_status":"closed","template":"template-blank-4.php","meta":{"_acf_changed":false,"footnotes":""},"class_list":["post-1614","page","type-page","status-publish","has-post-thumbnail","hentry"],"acf":[],"yoast_head":"<!-- This site is optimized with the Yoast SEO plugin v27.1.1 - https:\/\/yoast.com\/product\/yoast-seo-wordpress\/ -->\n<title>Cargo bike manufacturer for cycle logistics and courier companies<\/title>\n<meta name=\"description\" content=\"Yokler is a cargo bike manufacturer for cycle logistics and courier companies. Discover our range of cargo bikes with a capacity up to 1.4m3\" \/>\n<meta name=\"robots\" content=\"index, follow, max-snippet:-1, max-image-preview:large, max-video-preview:-1\" \/>\n<link rel=\"canonical\" href=\"https:\/\/www.yokler.com\/accueil-fr\/en\/yokler-constructeur-triporteur\/\" \/>\n<meta property=\"og:locale\" content=\"en_US\" \/>\n<meta property=\"og:type\" content=\"article\" \/>\n<meta property=\"og:title\" content=\"Cargo bike manufacturer for cycle logistics and courier companies\" \/>\n<meta property=\"og:description\" content=\"Yokler is a cargo bike manufacturer for cycle logistics and courier companies. Discover our range of cargo bikes with a capacity up to 1.4m3\" \/>\n<meta property=\"og:url\" content=\"https:\/\/www.yokler.com\/accueil-fr\/yokler-constructeur-triporteur\/\" \/>\n<meta property=\"og:site_name\" content=\"Triporteur professionnel \u00e0 assistance \u00e9lectrique, par Yokler !\" \/>\n<meta property=\"article:modified_time\" content=\"2022-11-24T11:48:49+00:00\" \/>\n<meta property=\"og:image\" content=\"https:\/\/www.yokler.com\/wp-content\/uploads\/2021\/10\/Equipe.jpg\" \/>\n\t<meta property=\"og:image:width\" content=\"600\" \/>\n\t<meta property=\"og:image:height\" content=\"297\" \/>\n\t<meta property=\"og:image:type\" content=\"image\/jpeg\" \/>\n<meta name=\"twitter:card\" content=\"summary_large_image\" \/>\n<meta name=\"twitter:label1\" content=\"Est. reading time\" \/>\n\t<meta name=\"twitter:data1\" content=\"4 minutes\" \/>\n<script type=\"application\/ld+json\" class=\"yoast-schema-graph\">{\"@context\":\"https:\/\/schema.org\",\"@graph\":[{\"@type\":\"WebPage\",\"@id\":\"https:\/\/www.yokler.com\/accueil-fr\/yokler-constructeur-triporteur\/\",\"url\":\"https:\/\/www.yokler.com\/accueil-fr\/yokler-constructeur-triporteur\/\",\"name\":\"Cargo bike manufacturer for cycle logistics and courier companies\",\"isPartOf\":{\"@id\":\"https:\/\/www.yokler.com\/accueil-fr\/de\/#website\"},\"primaryImageOfPage\":{\"@id\":\"https:\/\/www.yokler.com\/accueil-fr\/yokler-constructeur-triporteur\/#primaryimage\"},\"image\":{\"@id\":\"https:\/\/www.yokler.com\/accueil-fr\/yokler-constructeur-triporteur\/#primaryimage\"},\"thumbnailUrl\":\"https:\/\/www.yokler.com\/wp-content\/uploads\/2021\/10\/Equipe.jpg\",\"datePublished\":\"2018-04-13T12:15:21+00:00\",\"dateModified\":\"2022-11-24T11:48:49+00:00\",\"description\":\"Yokler is a cargo bike manufacturer for cycle logistics and courier companies. Discover our range of cargo bikes with a capacity up to 1.4m3\",\"breadcrumb\":{\"@id\":\"https:\/\/www.yokler.com\/accueil-fr\/yokler-constructeur-triporteur\/#breadcrumb\"},\"inLanguage\":\"en-US\",\"potentialAction\":[{\"@type\":\"ReadAction\",\"target\":[\"https:\/\/www.yokler.com\/accueil-fr\/yokler-constructeur-triporteur\/\"]}]},{\"@type\":\"ImageObject\",\"inLanguage\":\"en-US\",\"@id\":\"https:\/\/www.yokler.com\/accueil-fr\/yokler-constructeur-triporteur\/#primaryimage\",\"url\":\"https:\/\/www.yokler.com\/wp-content\/uploads\/2021\/10\/Equipe.jpg\",\"contentUrl\":\"https:\/\/www.yokler.com\/wp-content\/uploads\/2021\/10\/Equipe.jpg\",\"width\":600,\"height\":297},{\"@type\":\"BreadcrumbList\",\"@id\":\"https:\/\/www.yokler.com\/accueil-fr\/yokler-constructeur-triporteur\/#breadcrumb\",\"itemListElement\":[{\"@type\":\"ListItem\",\"position\":1,\"name\":\"Accueil\",\"item\":\"https:\/\/www.yokler.com\/accueil-fr\/en\/accueil-fr\/\"},{\"@type\":\"ListItem\",\"position\":2,\"name\":\"Entreprise &#8211; fr\"}]},{\"@type\":\"WebSite\",\"@id\":\"https:\/\/www.yokler.com\/accueil-fr\/de\/#website\",\"url\":\"https:\/\/www.yokler.com\/accueil-fr\/de\/\",\"name\":\"Triporteur professionnel \u00e0 assistance \u00e9lectrique, par Yokler !\",\"description\":\"Triporteur \u00e9lectrique professionnel made in France\",\"publisher\":{\"@id\":\"https:\/\/www.yokler.com\/accueil-fr\/de\/#organization\"},\"potentialAction\":[{\"@type\":\"SearchAction\",\"target\":{\"@type\":\"EntryPoint\",\"urlTemplate\":\"https:\/\/www.yokler.com\/accueil-fr\/de\/?s={search_term_string}\"},\"query-input\":{\"@type\":\"PropertyValueSpecification\",\"valueRequired\":true,\"valueName\":\"search_term_string\"}}],\"inLanguage\":\"en-US\"},{\"@type\":\"Organization\",\"@id\":\"https:\/\/www.yokler.com\/accueil-fr\/de\/#organization\",\"name\":\"Yokler\",\"url\":\"https:\/\/www.yokler.com\/accueil-fr\/de\/\",\"logo\":{\"@type\":\"ImageObject\",\"inLanguage\":\"en-US\",\"@id\":\"https:\/\/www.yokler.com\/accueil-fr\/de\/#\/schema\/logo\/image\/\",\"url\":\"https:\/\/www.yokler.com\/wp-content\/uploads\/2021\/10\/logo-yokler-triporteur.png\",\"contentUrl\":\"https:\/\/www.yokler.com\/wp-content\/uploads\/2021\/10\/logo-yokler-triporteur.png\",\"width\":671,\"height\":210,\"caption\":\"Yokler\"},\"image\":{\"@id\":\"https:\/\/www.yokler.com\/accueil-fr\/de\/#\/schema\/logo\/image\/\"}}]}<\/script>\n<!-- \/ Yoast SEO plugin. -->","yoast_head_json":{"title":"Cargo bike manufacturer for cycle logistics and courier companies","description":"Yokler is a cargo bike manufacturer for cycle logistics and courier companies. Discover our range of cargo bikes with a capacity up to 1.4m3","robots":{"index":"index","follow":"follow","max-snippet":"max-snippet:-1","max-image-preview":"max-image-preview:large","max-video-preview":"max-video-preview:-1"},"canonical":"https:\/\/www.yokler.com\/accueil-fr\/en\/yokler-constructeur-triporteur\/","og_locale":"en_US","og_type":"article","og_title":"Cargo bike manufacturer for cycle logistics and courier companies","og_description":"Yokler is a cargo bike manufacturer for cycle logistics and courier companies. Discover our range of cargo bikes with a capacity up to 1.4m3","og_url":"https:\/\/www.yokler.com\/accueil-fr\/yokler-constructeur-triporteur\/","og_site_name":"Triporteur professionnel \u00e0 assistance \u00e9lectrique, par Yokler !","article_modified_time":"2022-11-24T11:48:49+00:00","og_image":[{"width":600,"height":297,"url":"https:\/\/www.yokler.com\/wp-content\/uploads\/2021\/10\/Equipe.jpg","type":"image\/jpeg"}],"twitter_card":"summary_large_image","twitter_misc":{"Est. reading time":"4 minutes"},"schema":{"@context":"https:\/\/schema.org","@graph":[{"@type":"WebPage","@id":"https:\/\/www.yokler.com\/accueil-fr\/yokler-constructeur-triporteur\/","url":"https:\/\/www.yokler.com\/accueil-fr\/yokler-constructeur-triporteur\/","name":"Cargo bike manufacturer for cycle logistics and courier companies","isPartOf":{"@id":"https:\/\/www.yokler.com\/accueil-fr\/de\/#website"},"primaryImageOfPage":{"@id":"https:\/\/www.yokler.com\/accueil-fr\/yokler-constructeur-triporteur\/#primaryimage"},"image":{"@id":"https:\/\/www.yokler.com\/accueil-fr\/yokler-constructeur-triporteur\/#primaryimage"},"thumbnailUrl":"https:\/\/www.yokler.com\/wp-content\/uploads\/2021\/10\/Equipe.jpg","datePublished":"2018-04-13T12:15:21+00:00","dateModified":"2022-11-24T11:48:49+00:00","description":"Yokler is a cargo bike manufacturer for cycle logistics and courier companies. Discover our range of cargo bikes with a capacity up to 1.4m3","breadcrumb":{"@id":"https:\/\/www.yokler.com\/accueil-fr\/yokler-constructeur-triporteur\/#breadcrumb"},"inLanguage":"en-US","potentialAction":[{"@type":"ReadAction","target":["https:\/\/www.yokler.com\/accueil-fr\/yokler-constructeur-triporteur\/"]}]},{"@type":"ImageObject","inLanguage":"en-US","@id":"https:\/\/www.yokler.com\/accueil-fr\/yokler-constructeur-triporteur\/#primaryimage","url":"https:\/\/www.yokler.com\/wp-content\/uploads\/2021\/10\/Equipe.jpg","contentUrl":"https:\/\/www.yokler.com\/wp-content\/uploads\/2021\/10\/Equipe.jpg","width":600,"height":297},{"@type":"BreadcrumbList","@id":"https:\/\/www.yokler.com\/accueil-fr\/yokler-constructeur-triporteur\/#breadcrumb","itemListElement":[{"@type":"ListItem","position":1,"name":"Accueil","item":"https:\/\/www.yokler.com\/accueil-fr\/en\/accueil-fr\/"},{"@type":"ListItem","position":2,"name":"Entreprise &#8211; fr"}]},{"@type":"WebSite","@id":"https:\/\/www.yokler.com\/accueil-fr\/de\/#website","url":"https:\/\/www.yokler.com\/accueil-fr\/de\/","name":"Triporteur professionnel \u00e0 assistance \u00e9lectrique, par Yokler !","description":"Triporteur \u00e9lectrique professionnel made in France","publisher":{"@id":"https:\/\/www.yokler.com\/accueil-fr\/de\/#organization"},"potentialAction":[{"@type":"SearchAction","target":{"@type":"EntryPoint","urlTemplate":"https:\/\/www.yokler.com\/accueil-fr\/de\/?s={search_term_string}"},"query-input":{"@type":"PropertyValueSpecification","valueRequired":true,"valueName":"search_term_string"}}],"inLanguage":"en-US"},{"@type":"Organization","@id":"https:\/\/www.yokler.com\/accueil-fr\/de\/#organization","name":"Yokler","url":"https:\/\/www.yokler.com\/accueil-fr\/de\/","logo":{"@type":"ImageObject","inLanguage":"en-US","@id":"https:\/\/www.yokler.com\/accueil-fr\/de\/#\/schema\/logo\/image\/","url":"https:\/\/www.yokler.com\/wp-content\/uploads\/2021\/10\/logo-yokler-triporteur.png","contentUrl":"https:\/\/www.yokler.com\/wp-content\/uploads\/2021\/10\/logo-yokler-triporteur.png","width":671,"height":210,"caption":"Yokler"},"image":{"@id":"https:\/\/www.yokler.com\/accueil-fr\/de\/#\/schema\/logo\/image\/"}}]}},"_links":{"self":[{"href":"https:\/\/www.yokler.com\/accueil-fr\/en\/wp-json\/wp\/v2\/pages\/1614\/"}],"collection":[{"href":"https:\/\/www.yokler.com\/accueil-fr\/en\/wp-json\/wp\/v2\/pages\/"}],"about":[{"href":"https:\/\/www.yokler.com\/accueil-fr\/en\/wp-json\/wp\/v2\/types\/page\/"}],"author":[{"embeddable":true,"href":"https:\/\/www.yokler.com\/accueil-fr\/en\/wp-json\/wp\/v2\/users\/1\/"}],"replies":[{"embeddable":true,"href":"https:\/\/www.yokler.com\/accueil-fr\/en\/wp-json\/wp\/v2\/comments\/?post=1614"}],"version-history":[{"count":12,"href":"https:\/\/www.yokler.com\/accueil-fr\/en\/wp-json\/wp\/v2\/pages\/1614\/revisions\/"}],"predecessor-version":[{"id":11050,"href":"https:\/\/www.yokler.com\/accueil-fr\/en\/wp-json\/wp\/v2\/pages\/1614\/revisions\/11050\/"}],"wp:featuredmedia":[{"embeddable":true,"href":"https:\/\/www.yokler.com\/accueil-fr\/en\/wp-json\/wp\/v2\/media\/9152\/"}],"wp:attachment":[{"href":"https:\/\/www.yokler.com\/accueil-fr\/en\/wp-json\/wp\/v2\/media\/?parent=1614"}],"curies":[{"name":"wp","href":"https:\/\/api.w.org\/{rel}","templated":true}]}}