{"id":1421,"date":"2018-04-09T15:55:18","date_gmt":"2018-04-09T13:55:18","guid":{"rendered":"https:\/\/www.yokler.com\/?page_id=1421"},"modified":"2020-11-07T12:29:36","modified_gmt":"2020-11-07T11:29:36","slug":"ecological-last-mile-delivery-logistics-cargo-bike","status":"publish","type":"page","link":"https:\/\/www.yokler.com\/accueil-fr\/en\/ecological-last-mile-delivery-logistics-cargo-bike\/","title":{"rendered":"Solution messagerie &#8211; en"},"content":{"rendered":"<div id=\"cs-content\" class=\"cs-content\"><\/div>\n","protected":false},"excerpt":{"rendered":"<p>The electric cargo bike, expert in eco-friendly last mile delivery The electrically-assisted cargo bike is the most efficient environmentally-friendly vehicle for delivering in the city center. Perfectly adapted for last mile delivery, the cargo bike combines the best of a bicycle and a small electric mini-van.Get equipped!The confidence of the biggest courier companies What is a delivery cargo bike? Model &#8230; <\/p>\n<div><a href=\"https:\/\/www.yokler.com\/accueil-fr\/en\/ecological-last-mile-delivery-logistics-cargo-bike\/\" class=\"more-link\">Read More<\/a><\/div>\n","protected":false},"author":1,"featured_media":0,"parent":0,"menu_order":0,"comment_status":"closed","ping_status":"closed","template":"template-blank-4.php","meta":{"_acf_changed":false,"footnotes":""},"class_list":["post-1421","page","type-page","status-publish","hentry","no-post-thumbnail"],"acf":[],"yoast_head":"<!-- This site is optimized with the Yoast SEO plugin v27.1.1 - https:\/\/yoast.com\/product\/yoast-seo-wordpress\/ -->\n<title>Cargo bike delivery for last mile logistics in city centers<\/title>\n<meta name=\"description\" content=\"Better than a van, equip yourself with a cargo bike and offer the ecological delivery for the last mile. Efficient and adapted to city centers, it will become your indispensable tool!\" \/>\n<meta name=\"robots\" content=\"index, follow, max-snippet:-1, max-image-preview:large, max-video-preview:-1\" \/>\n<link rel=\"canonical\" href=\"https:\/\/www.yokler.com\/accueil-fr\/en\/livraison-ecologique-dernier-kilometre-triporteur\/\" \/>\n<meta property=\"og:locale\" content=\"en_US\" \/>\n<meta property=\"og:type\" content=\"article\" \/>\n<meta property=\"og:title\" content=\"Cargo bike delivery for last mile logistics in city centers\" \/>\n<meta property=\"og:description\" content=\"Better than a van, equip yourself with a cargo bike and offer the ecological delivery for the last mile. Efficient and adapted to city centers, it will become your indispensable tool!\" \/>\n<meta property=\"og:url\" content=\"https:\/\/www.yokler.com\/accueil-fr\/livraison-ecologique-dernier-kilometre-triporteur\/\" \/>\n<meta property=\"og:site_name\" content=\"Triporteur professionnel \u00e0 assistance \u00e9lectrique, par Yokler !\" \/>\n<meta property=\"article:modified_time\" content=\"2020-11-07T11:29:36+00:00\" \/>\n<meta property=\"og:image\" content=\"https:\/\/www.yokler.com\/wp-content\/uploads\/2020\/10\/triporteur-UPS.jpg\" \/>\n<meta name=\"twitter:card\" content=\"summary_large_image\" \/>\n<meta name=\"twitter:label1\" content=\"Est. reading time\" \/>\n\t<meta name=\"twitter:data1\" content=\"8 minutes\" \/>\n<script type=\"application\/ld+json\" class=\"yoast-schema-graph\">{\"@context\":\"https:\/\/schema.org\",\"@graph\":[{\"@type\":\"WebPage\",\"@id\":\"https:\/\/www.yokler.com\/accueil-fr\/livraison-ecologique-dernier-kilometre-triporteur\/\",\"url\":\"https:\/\/www.yokler.com\/accueil-fr\/livraison-ecologique-dernier-kilometre-triporteur\/\",\"name\":\"Cargo bike delivery for last mile logistics in city centers\",\"isPartOf\":{\"@id\":\"https:\/\/www.yokler.com\/accueil-fr\/de\/#website\"},\"primaryImageOfPage\":{\"@id\":\"https:\/\/www.yokler.com\/accueil-fr\/livraison-ecologique-dernier-kilometre-triporteur\/#primaryimage\"},\"image\":{\"@id\":\"https:\/\/www.yokler.com\/accueil-fr\/livraison-ecologique-dernier-kilometre-triporteur\/#primaryimage\"},\"thumbnailUrl\":\"https:\/\/www.yokler.com\/wp-content\/uploads\/2020\/10\/triporteur-UPS.jpg\",\"datePublished\":\"2018-04-09T13:55:18+00:00\",\"dateModified\":\"2020-11-07T11:29:36+00:00\",\"description\":\"Better than a van, equip yourself with a cargo bike and offer the ecological delivery for the last mile. Efficient and adapted to city centers, it will become your indispensable tool!\",\"breadcrumb\":{\"@id\":\"https:\/\/www.yokler.com\/accueil-fr\/livraison-ecologique-dernier-kilometre-triporteur\/#breadcrumb\"},\"inLanguage\":\"en-US\",\"potentialAction\":[{\"@type\":\"ReadAction\",\"target\":[\"https:\/\/www.yokler.com\/accueil-fr\/livraison-ecologique-dernier-kilometre-triporteur\/\"]}]},{\"@type\":\"ImageObject\",\"inLanguage\":\"en-US\",\"@id\":\"https:\/\/www.yokler.com\/accueil-fr\/livraison-ecologique-dernier-kilometre-triporteur\/#primaryimage\",\"url\":\"https:\/\/www.yokler.com\/wp-content\/uploads\/2020\/10\/triporteur-UPS.jpg\",\"contentUrl\":\"https:\/\/www.yokler.com\/wp-content\/uploads\/2020\/10\/triporteur-UPS.jpg\"},{\"@type\":\"BreadcrumbList\",\"@id\":\"https:\/\/www.yokler.com\/accueil-fr\/livraison-ecologique-dernier-kilometre-triporteur\/#breadcrumb\",\"itemListElement\":[{\"@type\":\"ListItem\",\"position\":1,\"name\":\"Accueil\",\"item\":\"https:\/\/www.yokler.com\/accueil-fr\/en\/accueil-fr\/\"},{\"@type\":\"ListItem\",\"position\":2,\"name\":\"Solution messagerie &#8211; en\"}]},{\"@type\":\"WebSite\",\"@id\":\"https:\/\/www.yokler.com\/accueil-fr\/de\/#website\",\"url\":\"https:\/\/www.yokler.com\/accueil-fr\/de\/\",\"name\":\"Triporteur professionnel \u00e0 assistance \u00e9lectrique, par Yokler !\",\"description\":\"Triporteur \u00e9lectrique professionnel made in France\",\"publisher\":{\"@id\":\"https:\/\/www.yokler.com\/accueil-fr\/de\/#organization\"},\"potentialAction\":[{\"@type\":\"SearchAction\",\"target\":{\"@type\":\"EntryPoint\",\"urlTemplate\":\"https:\/\/www.yokler.com\/accueil-fr\/de\/?s={search_term_string}\"},\"query-input\":{\"@type\":\"PropertyValueSpecification\",\"valueRequired\":true,\"valueName\":\"search_term_string\"}}],\"inLanguage\":\"en-US\"},{\"@type\":\"Organization\",\"@id\":\"https:\/\/www.yokler.com\/accueil-fr\/de\/#organization\",\"name\":\"Yokler\",\"url\":\"https:\/\/www.yokler.com\/accueil-fr\/de\/\",\"logo\":{\"@type\":\"ImageObject\",\"inLanguage\":\"en-US\",\"@id\":\"https:\/\/www.yokler.com\/accueil-fr\/de\/#\/schema\/logo\/image\/\",\"url\":\"https:\/\/www.yokler.com\/wp-content\/uploads\/2021\/10\/logo-yokler-triporteur.png\",\"contentUrl\":\"https:\/\/www.yokler.com\/wp-content\/uploads\/2021\/10\/logo-yokler-triporteur.png\",\"width\":671,\"height\":210,\"caption\":\"Yokler\"},\"image\":{\"@id\":\"https:\/\/www.yokler.com\/accueil-fr\/de\/#\/schema\/logo\/image\/\"}}]}<\/script>\n<!-- \/ Yoast SEO plugin. -->","yoast_head_json":{"title":"Cargo bike delivery for last mile logistics in city centers","description":"Better than a van, equip yourself with a cargo bike and offer the ecological delivery for the last mile. Efficient and adapted to city centers, it will become your indispensable tool!","robots":{"index":"index","follow":"follow","max-snippet":"max-snippet:-1","max-image-preview":"max-image-preview:large","max-video-preview":"max-video-preview:-1"},"canonical":"https:\/\/www.yokler.com\/accueil-fr\/en\/livraison-ecologique-dernier-kilometre-triporteur\/","og_locale":"en_US","og_type":"article","og_title":"Cargo bike delivery for last mile logistics in city centers","og_description":"Better than a van, equip yourself with a cargo bike and offer the ecological delivery for the last mile. Efficient and adapted to city centers, it will become your indispensable tool!","og_url":"https:\/\/www.yokler.com\/accueil-fr\/livraison-ecologique-dernier-kilometre-triporteur\/","og_site_name":"Triporteur professionnel \u00e0 assistance \u00e9lectrique, par Yokler !","article_modified_time":"2020-11-07T11:29:36+00:00","og_image":[{"url":"https:\/\/www.yokler.com\/wp-content\/uploads\/2020\/10\/triporteur-UPS.jpg","type":"","width":"","height":""}],"twitter_card":"summary_large_image","twitter_misc":{"Est. reading time":"8 minutes"},"schema":{"@context":"https:\/\/schema.org","@graph":[{"@type":"WebPage","@id":"https:\/\/www.yokler.com\/accueil-fr\/livraison-ecologique-dernier-kilometre-triporteur\/","url":"https:\/\/www.yokler.com\/accueil-fr\/livraison-ecologique-dernier-kilometre-triporteur\/","name":"Cargo bike delivery for last mile logistics in city centers","isPartOf":{"@id":"https:\/\/www.yokler.com\/accueil-fr\/de\/#website"},"primaryImageOfPage":{"@id":"https:\/\/www.yokler.com\/accueil-fr\/livraison-ecologique-dernier-kilometre-triporteur\/#primaryimage"},"image":{"@id":"https:\/\/www.yokler.com\/accueil-fr\/livraison-ecologique-dernier-kilometre-triporteur\/#primaryimage"},"thumbnailUrl":"https:\/\/www.yokler.com\/wp-content\/uploads\/2020\/10\/triporteur-UPS.jpg","datePublished":"2018-04-09T13:55:18+00:00","dateModified":"2020-11-07T11:29:36+00:00","description":"Better than a van, equip yourself with a cargo bike and offer the ecological delivery for the last mile. Efficient and adapted to city centers, it will become your indispensable tool!","breadcrumb":{"@id":"https:\/\/www.yokler.com\/accueil-fr\/livraison-ecologique-dernier-kilometre-triporteur\/#breadcrumb"},"inLanguage":"en-US","potentialAction":[{"@type":"ReadAction","target":["https:\/\/www.yokler.com\/accueil-fr\/livraison-ecologique-dernier-kilometre-triporteur\/"]}]},{"@type":"ImageObject","inLanguage":"en-US","@id":"https:\/\/www.yokler.com\/accueil-fr\/livraison-ecologique-dernier-kilometre-triporteur\/#primaryimage","url":"https:\/\/www.yokler.com\/wp-content\/uploads\/2020\/10\/triporteur-UPS.jpg","contentUrl":"https:\/\/www.yokler.com\/wp-content\/uploads\/2020\/10\/triporteur-UPS.jpg"},{"@type":"BreadcrumbList","@id":"https:\/\/www.yokler.com\/accueil-fr\/livraison-ecologique-dernier-kilometre-triporteur\/#breadcrumb","itemListElement":[{"@type":"ListItem","position":1,"name":"Accueil","item":"https:\/\/www.yokler.com\/accueil-fr\/en\/accueil-fr\/"},{"@type":"ListItem","position":2,"name":"Solution messagerie &#8211; en"}]},{"@type":"WebSite","@id":"https:\/\/www.yokler.com\/accueil-fr\/de\/#website","url":"https:\/\/www.yokler.com\/accueil-fr\/de\/","name":"Triporteur professionnel \u00e0 assistance \u00e9lectrique, par Yokler !","description":"Triporteur \u00e9lectrique professionnel made in France","publisher":{"@id":"https:\/\/www.yokler.com\/accueil-fr\/de\/#organization"},"potentialAction":[{"@type":"SearchAction","target":{"@type":"EntryPoint","urlTemplate":"https:\/\/www.yokler.com\/accueil-fr\/de\/?s={search_term_string}"},"query-input":{"@type":"PropertyValueSpecification","valueRequired":true,"valueName":"search_term_string"}}],"inLanguage":"en-US"},{"@type":"Organization","@id":"https:\/\/www.yokler.com\/accueil-fr\/de\/#organization","name":"Yokler","url":"https:\/\/www.yokler.com\/accueil-fr\/de\/","logo":{"@type":"ImageObject","inLanguage":"en-US","@id":"https:\/\/www.yokler.com\/accueil-fr\/de\/#\/schema\/logo\/image\/","url":"https:\/\/www.yokler.com\/wp-content\/uploads\/2021\/10\/logo-yokler-triporteur.png","contentUrl":"https:\/\/www.yokler.com\/wp-content\/uploads\/2021\/10\/logo-yokler-triporteur.png","width":671,"height":210,"caption":"Yokler"},"image":{"@id":"https:\/\/www.yokler.com\/accueil-fr\/de\/#\/schema\/logo\/image\/"}}]}},"_links":{"self":[{"href":"https:\/\/www.yokler.com\/accueil-fr\/en\/wp-json\/wp\/v2\/pages\/1421\/"}],"collection":[{"href":"https:\/\/www.yokler.com\/accueil-fr\/en\/wp-json\/wp\/v2\/pages\/"}],"about":[{"href":"https:\/\/www.yokler.com\/accueil-fr\/en\/wp-json\/wp\/v2\/types\/page\/"}],"author":[{"embeddable":true,"href":"https:\/\/www.yokler.com\/accueil-fr\/en\/wp-json\/wp\/v2\/users\/1\/"}],"replies":[{"embeddable":true,"href":"https:\/\/www.yokler.com\/accueil-fr\/en\/wp-json\/wp\/v2\/comments\/?post=1421"}],"version-history":[{"count":8,"href":"https:\/\/www.yokler.com\/accueil-fr\/en\/wp-json\/wp\/v2\/pages\/1421\/revisions\/"}],"predecessor-version":[{"id":7643,"href":"https:\/\/www.yokler.com\/accueil-fr\/en\/wp-json\/wp\/v2\/pages\/1421\/revisions\/7643\/"}],"wp:attachment":[{"href":"https:\/\/www.yokler.com\/accueil-fr\/en\/wp-json\/wp\/v2\/media\/?parent=1421"}],"curies":[{"name":"wp","href":"https:\/\/api.w.org\/{rel}","templated":true}]}}