{"id":1394,"date":"2018-04-09T11:32:33","date_gmt":"2018-04-09T09:32:33","guid":{"rendered":"https:\/\/www.yokler.com\/?page_id=1394"},"modified":"2022-01-06T14:24:22","modified_gmt":"2022-01-06T13:24:22","slug":"guarantee-manufacturer-pedicab-cargo-bike","status":"publish","type":"page","link":"https:\/\/www.yokler.com\/accueil-fr\/en\/guarantee-manufacturer-pedicab-cargo-bike\/","title":{"rendered":"Garantie &#8211; en"},"content":{"rendered":"<div id=\"cs-content\" class=\"cs-content\"><\/div>\n","protected":false},"excerpt":{"rendered":"<p>Manufacturer\u2019s warranty Update (06\/01\/2021) All Yokler electrically assisted tricycles have been assembled with the greatest care by our technical teams at our workshop in Villeurbanne (France). When sold new, they benefit from a manufacturer&#8217;s parts and labor warranty for a period of 2 years from the date of delivery of the equipment, aimed at protecting the user against any manufacturing &#8230; <\/p>\n<div><a href=\"https:\/\/www.yokler.com\/accueil-fr\/en\/guarantee-manufacturer-pedicab-cargo-bike\/\" class=\"more-link\">Read More<\/a><\/div>\n","protected":false},"author":1,"featured_media":5582,"parent":0,"menu_order":0,"comment_status":"closed","ping_status":"closed","template":"template-blank-4.php","meta":{"_acf_changed":false,"footnotes":""},"class_list":["post-1394","page","type-page","status-publish","has-post-thumbnail","hentry"],"acf":[],"yoast_head":"<!-- This site is optimized with the Yoast SEO plugin v27.1.1 - https:\/\/yoast.com\/product\/yoast-seo-wordpress\/ -->\n<title>Yokler manufacturer warranty and after sales support<\/title>\n<meta name=\"description\" content=\"All Yokler electric-assisted cargo bikes have been assembled with the greatest care by our technical teams at our factory in Villeurbanne (FR)\" \/>\n<meta name=\"robots\" content=\"index, follow, max-snippet:-1, max-image-preview:large, max-video-preview:-1\" \/>\n<link rel=\"canonical\" href=\"https:\/\/www.yokler.com\/accueil-fr\/en\/garantie\/\" \/>\n<meta property=\"og:locale\" content=\"en_US\" \/>\n<meta property=\"og:type\" content=\"article\" \/>\n<meta property=\"og:title\" content=\"Yokler manufacturer warranty and after sales support\" \/>\n<meta property=\"og:description\" content=\"All Yokler electric-assisted cargo bikes have been assembled with the greatest care by our technical teams at our factory in Villeurbanne (FR)\" \/>\n<meta property=\"og:url\" content=\"https:\/\/www.yokler.com\/accueil-fr\/garantie\/\" \/>\n<meta property=\"og:site_name\" content=\"Triporteur professionnel \u00e0 assistance \u00e9lectrique, par Yokler !\" \/>\n<meta property=\"article:modified_time\" content=\"2022-01-06T13:24:22+00:00\" \/>\n<meta property=\"og:image\" content=\"https:\/\/www.yokler.com\/wp-content\/uploads\/2020\/03\/triporteur-yokler-u-express-main-1-1.jpg\" \/>\n\t<meta property=\"og:image:width\" content=\"1000\" \/>\n\t<meta property=\"og:image:height\" content=\"797\" \/>\n\t<meta property=\"og:image:type\" content=\"image\/jpeg\" \/>\n<meta name=\"twitter:card\" content=\"summary_large_image\" \/>\n<meta name=\"twitter:label1\" content=\"Est. reading time\" \/>\n\t<meta name=\"twitter:data1\" content=\"4 minutes\" \/>\n<script type=\"application\/ld+json\" class=\"yoast-schema-graph\">{\"@context\":\"https:\/\/schema.org\",\"@graph\":[{\"@type\":\"WebPage\",\"@id\":\"https:\/\/www.yokler.com\/accueil-fr\/garantie\/\",\"url\":\"https:\/\/www.yokler.com\/accueil-fr\/garantie\/\",\"name\":\"Yokler manufacturer warranty and after sales support\",\"isPartOf\":{\"@id\":\"https:\/\/www.yokler.com\/accueil-fr\/de\/#website\"},\"primaryImageOfPage\":{\"@id\":\"https:\/\/www.yokler.com\/accueil-fr\/garantie\/#primaryimage\"},\"image\":{\"@id\":\"https:\/\/www.yokler.com\/accueil-fr\/garantie\/#primaryimage\"},\"thumbnailUrl\":\"https:\/\/www.yokler.com\/wp-content\/uploads\/2020\/03\/triporteur-yokler-u-express-main-1-1.jpg\",\"datePublished\":\"2018-04-09T09:32:33+00:00\",\"dateModified\":\"2022-01-06T13:24:22+00:00\",\"description\":\"All Yokler electric-assisted cargo bikes have been assembled with the greatest care by our technical teams at our factory in Villeurbanne (FR)\",\"breadcrumb\":{\"@id\":\"https:\/\/www.yokler.com\/accueil-fr\/garantie\/#breadcrumb\"},\"inLanguage\":\"en-US\",\"potentialAction\":[{\"@type\":\"ReadAction\",\"target\":[\"https:\/\/www.yokler.com\/accueil-fr\/garantie\/\"]}]},{\"@type\":\"ImageObject\",\"inLanguage\":\"en-US\",\"@id\":\"https:\/\/www.yokler.com\/accueil-fr\/garantie\/#primaryimage\",\"url\":\"https:\/\/www.yokler.com\/wp-content\/uploads\/2020\/03\/triporteur-yokler-u-express-main-1-1.jpg\",\"contentUrl\":\"https:\/\/www.yokler.com\/wp-content\/uploads\/2020\/03\/triporteur-yokler-u-express-main-1-1.jpg\",\"width\":1000,\"height\":797},{\"@type\":\"BreadcrumbList\",\"@id\":\"https:\/\/www.yokler.com\/accueil-fr\/garantie\/#breadcrumb\",\"itemListElement\":[{\"@type\":\"ListItem\",\"position\":1,\"name\":\"Accueil\",\"item\":\"https:\/\/www.yokler.com\/accueil-fr\/en\/accueil-fr\/\"},{\"@type\":\"ListItem\",\"position\":2,\"name\":\"Garantie &#8211; en\"}]},{\"@type\":\"WebSite\",\"@id\":\"https:\/\/www.yokler.com\/accueil-fr\/de\/#website\",\"url\":\"https:\/\/www.yokler.com\/accueil-fr\/de\/\",\"name\":\"Triporteur professionnel \u00e0 assistance \u00e9lectrique, par Yokler !\",\"description\":\"Triporteur \u00e9lectrique professionnel made in France\",\"publisher\":{\"@id\":\"https:\/\/www.yokler.com\/accueil-fr\/de\/#organization\"},\"potentialAction\":[{\"@type\":\"SearchAction\",\"target\":{\"@type\":\"EntryPoint\",\"urlTemplate\":\"https:\/\/www.yokler.com\/accueil-fr\/de\/?s={search_term_string}\"},\"query-input\":{\"@type\":\"PropertyValueSpecification\",\"valueRequired\":true,\"valueName\":\"search_term_string\"}}],\"inLanguage\":\"en-US\"},{\"@type\":\"Organization\",\"@id\":\"https:\/\/www.yokler.com\/accueil-fr\/de\/#organization\",\"name\":\"Yokler\",\"url\":\"https:\/\/www.yokler.com\/accueil-fr\/de\/\",\"logo\":{\"@type\":\"ImageObject\",\"inLanguage\":\"en-US\",\"@id\":\"https:\/\/www.yokler.com\/accueil-fr\/de\/#\/schema\/logo\/image\/\",\"url\":\"https:\/\/www.yokler.com\/wp-content\/uploads\/2021\/10\/logo-yokler-triporteur.png\",\"contentUrl\":\"https:\/\/www.yokler.com\/wp-content\/uploads\/2021\/10\/logo-yokler-triporteur.png\",\"width\":671,\"height\":210,\"caption\":\"Yokler\"},\"image\":{\"@id\":\"https:\/\/www.yokler.com\/accueil-fr\/de\/#\/schema\/logo\/image\/\"}}]}<\/script>\n<!-- \/ Yoast SEO plugin. -->","yoast_head_json":{"title":"Yokler manufacturer warranty and after sales support","description":"All Yokler electric-assisted cargo bikes have been assembled with the greatest care by our technical teams at our factory in Villeurbanne (FR)","robots":{"index":"index","follow":"follow","max-snippet":"max-snippet:-1","max-image-preview":"max-image-preview:large","max-video-preview":"max-video-preview:-1"},"canonical":"https:\/\/www.yokler.com\/accueil-fr\/en\/garantie\/","og_locale":"en_US","og_type":"article","og_title":"Yokler manufacturer warranty and after sales support","og_description":"All Yokler electric-assisted cargo bikes have been assembled with the greatest care by our technical teams at our factory in Villeurbanne (FR)","og_url":"https:\/\/www.yokler.com\/accueil-fr\/garantie\/","og_site_name":"Triporteur professionnel \u00e0 assistance \u00e9lectrique, par Yokler !","article_modified_time":"2022-01-06T13:24:22+00:00","og_image":[{"width":1000,"height":797,"url":"https:\/\/www.yokler.com\/wp-content\/uploads\/2020\/03\/triporteur-yokler-u-express-main-1-1.jpg","type":"image\/jpeg"}],"twitter_card":"summary_large_image","twitter_misc":{"Est. reading time":"4 minutes"},"schema":{"@context":"https:\/\/schema.org","@graph":[{"@type":"WebPage","@id":"https:\/\/www.yokler.com\/accueil-fr\/garantie\/","url":"https:\/\/www.yokler.com\/accueil-fr\/garantie\/","name":"Yokler manufacturer warranty and after sales support","isPartOf":{"@id":"https:\/\/www.yokler.com\/accueil-fr\/de\/#website"},"primaryImageOfPage":{"@id":"https:\/\/www.yokler.com\/accueil-fr\/garantie\/#primaryimage"},"image":{"@id":"https:\/\/www.yokler.com\/accueil-fr\/garantie\/#primaryimage"},"thumbnailUrl":"https:\/\/www.yokler.com\/wp-content\/uploads\/2020\/03\/triporteur-yokler-u-express-main-1-1.jpg","datePublished":"2018-04-09T09:32:33+00:00","dateModified":"2022-01-06T13:24:22+00:00","description":"All Yokler electric-assisted cargo bikes have been assembled with the greatest care by our technical teams at our factory in Villeurbanne (FR)","breadcrumb":{"@id":"https:\/\/www.yokler.com\/accueil-fr\/garantie\/#breadcrumb"},"inLanguage":"en-US","potentialAction":[{"@type":"ReadAction","target":["https:\/\/www.yokler.com\/accueil-fr\/garantie\/"]}]},{"@type":"ImageObject","inLanguage":"en-US","@id":"https:\/\/www.yokler.com\/accueil-fr\/garantie\/#primaryimage","url":"https:\/\/www.yokler.com\/wp-content\/uploads\/2020\/03\/triporteur-yokler-u-express-main-1-1.jpg","contentUrl":"https:\/\/www.yokler.com\/wp-content\/uploads\/2020\/03\/triporteur-yokler-u-express-main-1-1.jpg","width":1000,"height":797},{"@type":"BreadcrumbList","@id":"https:\/\/www.yokler.com\/accueil-fr\/garantie\/#breadcrumb","itemListElement":[{"@type":"ListItem","position":1,"name":"Accueil","item":"https:\/\/www.yokler.com\/accueil-fr\/en\/accueil-fr\/"},{"@type":"ListItem","position":2,"name":"Garantie &#8211; en"}]},{"@type":"WebSite","@id":"https:\/\/www.yokler.com\/accueil-fr\/de\/#website","url":"https:\/\/www.yokler.com\/accueil-fr\/de\/","name":"Triporteur professionnel \u00e0 assistance \u00e9lectrique, par Yokler !","description":"Triporteur \u00e9lectrique professionnel made in France","publisher":{"@id":"https:\/\/www.yokler.com\/accueil-fr\/de\/#organization"},"potentialAction":[{"@type":"SearchAction","target":{"@type":"EntryPoint","urlTemplate":"https:\/\/www.yokler.com\/accueil-fr\/de\/?s={search_term_string}"},"query-input":{"@type":"PropertyValueSpecification","valueRequired":true,"valueName":"search_term_string"}}],"inLanguage":"en-US"},{"@type":"Organization","@id":"https:\/\/www.yokler.com\/accueil-fr\/de\/#organization","name":"Yokler","url":"https:\/\/www.yokler.com\/accueil-fr\/de\/","logo":{"@type":"ImageObject","inLanguage":"en-US","@id":"https:\/\/www.yokler.com\/accueil-fr\/de\/#\/schema\/logo\/image\/","url":"https:\/\/www.yokler.com\/wp-content\/uploads\/2021\/10\/logo-yokler-triporteur.png","contentUrl":"https:\/\/www.yokler.com\/wp-content\/uploads\/2021\/10\/logo-yokler-triporteur.png","width":671,"height":210,"caption":"Yokler"},"image":{"@id":"https:\/\/www.yokler.com\/accueil-fr\/de\/#\/schema\/logo\/image\/"}}]}},"_links":{"self":[{"href":"https:\/\/www.yokler.com\/accueil-fr\/en\/wp-json\/wp\/v2\/pages\/1394\/"}],"collection":[{"href":"https:\/\/www.yokler.com\/accueil-fr\/en\/wp-json\/wp\/v2\/pages\/"}],"about":[{"href":"https:\/\/www.yokler.com\/accueil-fr\/en\/wp-json\/wp\/v2\/types\/page\/"}],"author":[{"embeddable":true,"href":"https:\/\/www.yokler.com\/accueil-fr\/en\/wp-json\/wp\/v2\/users\/1\/"}],"replies":[{"embeddable":true,"href":"https:\/\/www.yokler.com\/accueil-fr\/en\/wp-json\/wp\/v2\/comments\/?post=1394"}],"version-history":[{"count":13,"href":"https:\/\/www.yokler.com\/accueil-fr\/en\/wp-json\/wp\/v2\/pages\/1394\/revisions\/"}],"predecessor-version":[{"id":9932,"href":"https:\/\/www.yokler.com\/accueil-fr\/en\/wp-json\/wp\/v2\/pages\/1394\/revisions\/9932\/"}],"wp:featuredmedia":[{"embeddable":true,"href":"https:\/\/www.yokler.com\/accueil-fr\/en\/wp-json\/wp\/v2\/media\/5582\/"}],"wp:attachment":[{"href":"https:\/\/www.yokler.com\/accueil-fr\/en\/wp-json\/wp\/v2\/media\/?parent=1394"}],"curies":[{"name":"wp","href":"https:\/\/api.w.org\/{rel}","templated":true}]}}