{"id":11508,"date":"2023-02-11T13:28:25","date_gmt":"2023-02-11T12:28:25","guid":{"rendered":"https:\/\/www.yokler.com\/accueil-fr\/quel-triporteur-professionnel-choisir\/"},"modified":"2023-02-12T11:36:20","modified_gmt":"2023-02-12T10:36:20","slug":"quel-triporteur-professionnel-choisir","status":"publish","type":"page","link":"https:\/\/www.yokler.com\/accueil-fr\/en\/quel-triporteur-professionnel-choisir\/","title":{"rendered":"Quel triporteur professionnel choisir ?"},"content":{"rendered":"<div id=\"cs-content\" class=\"cs-content\"><\/div>\n","protected":false},"excerpt":{"rendered":"<p>Which professional cargo bike to choose? As a manufacturer of professional cargo bikes, Yokler produces a wide selection of electrically assisted tricycles. Depending on the user profile, we will recommend the most suitable professional cargo bike for your needs: parcel transport, grocery delivery, maintenance of green spaces, passenger transport, and many other uses. The Yokler XL is a professional XL &#8230; <\/p>\n<div><a href=\"https:\/\/www.yokler.com\/accueil-fr\/en\/quel-triporteur-professionnel-choisir\/\" class=\"more-link\">Read More<\/a><\/div>\n","protected":false},"author":202,"featured_media":11275,"parent":0,"menu_order":0,"comment_status":"closed","ping_status":"closed","template":"template-blank-4.php","meta":{"_acf_changed":false,"footnotes":""},"class_list":["post-11508","page","type-page","status-publish","has-post-thumbnail","hentry"],"acf":[],"yoast_head":"<!-- This site is optimized with the Yoast SEO plugin v27.1.1 - https:\/\/yoast.com\/product\/yoast-seo-wordpress\/ -->\n<title>Quel triporteur professionnel choisir ? - Yokler, fabricant de cargobikes<\/title>\n<meta name=\"description\" content=\"Quel triporteur professionnel choisir ? Cargobike professionnel XL pour la messagerie, triporteur comptact pour les commerces\" \/>\n<meta name=\"robots\" content=\"index, follow, max-snippet:-1, max-image-preview:large, max-video-preview:-1\" \/>\n<link rel=\"canonical\" href=\"https:\/\/www.yokler.com\/accueil-fr\/en\/quel-triporteur-professionnel-choisir\/\" \/>\n<meta property=\"og:locale\" content=\"en_US\" \/>\n<meta property=\"og:type\" content=\"article\" \/>\n<meta property=\"og:title\" content=\"Quel triporteur professionnel choisir ? - Yokler, fabricant de cargobikes\" \/>\n<meta property=\"og:description\" content=\"Quel triporteur professionnel choisir ? Cargobike professionnel XL pour la messagerie, triporteur comptact pour les commerces\" \/>\n<meta property=\"og:url\" content=\"https:\/\/www.yokler.com\/accueil-fr\/quel-triporteur-professionnel-choisir\/\" \/>\n<meta property=\"og:site_name\" content=\"Triporteur professionnel \u00e0 assistance \u00e9lectrique, par Yokler !\" \/>\n<meta property=\"article:modified_time\" content=\"2023-02-12T10:36:20+00:00\" \/>\n<meta property=\"og:image\" content=\"https:\/\/www.yokler.com\/wp-content\/uploads\/2023\/01\/Gamme-Yokler.png\" \/>\n\t<meta property=\"og:image:width\" content=\"650\" \/>\n\t<meta property=\"og:image:height\" content=\"328\" \/>\n\t<meta property=\"og:image:type\" content=\"image\/png\" \/>\n<meta name=\"twitter:card\" content=\"summary_large_image\" \/>\n<meta name=\"twitter:label1\" content=\"Est. reading time\" \/>\n\t<meta name=\"twitter:data1\" content=\"11 minutes\" \/>\n<script type=\"application\/ld+json\" class=\"yoast-schema-graph\">{\"@context\":\"https:\/\/schema.org\",\"@graph\":[{\"@type\":\"WebPage\",\"@id\":\"https:\/\/www.yokler.com\/accueil-fr\/quel-triporteur-professionnel-choisir\/\",\"url\":\"https:\/\/www.yokler.com\/accueil-fr\/quel-triporteur-professionnel-choisir\/\",\"name\":\"Quel triporteur professionnel choisir ? - Yokler, fabricant de cargobikes\",\"isPartOf\":{\"@id\":\"https:\/\/www.yokler.com\/accueil-fr\/de\/#website\"},\"primaryImageOfPage\":{\"@id\":\"https:\/\/www.yokler.com\/accueil-fr\/quel-triporteur-professionnel-choisir\/#primaryimage\"},\"image\":{\"@id\":\"https:\/\/www.yokler.com\/accueil-fr\/quel-triporteur-professionnel-choisir\/#primaryimage\"},\"thumbnailUrl\":\"https:\/\/www.yokler.com\/wp-content\/uploads\/2023\/01\/Gamme-Yokler.png\",\"datePublished\":\"2023-02-11T12:28:25+00:00\",\"dateModified\":\"2023-02-12T10:36:20+00:00\",\"description\":\"Quel triporteur professionnel choisir ? Cargobike professionnel XL pour la messagerie, triporteur comptact pour les commerces\",\"breadcrumb\":{\"@id\":\"https:\/\/www.yokler.com\/accueil-fr\/quel-triporteur-professionnel-choisir\/#breadcrumb\"},\"inLanguage\":\"en-US\",\"potentialAction\":[{\"@type\":\"ReadAction\",\"target\":[\"https:\/\/www.yokler.com\/accueil-fr\/quel-triporteur-professionnel-choisir\/\"]}]},{\"@type\":\"ImageObject\",\"inLanguage\":\"en-US\",\"@id\":\"https:\/\/www.yokler.com\/accueil-fr\/quel-triporteur-professionnel-choisir\/#primaryimage\",\"url\":\"https:\/\/www.yokler.com\/wp-content\/uploads\/2023\/01\/Gamme-Yokler.png\",\"contentUrl\":\"https:\/\/www.yokler.com\/wp-content\/uploads\/2023\/01\/Gamme-Yokler.png\",\"width\":650,\"height\":328},{\"@type\":\"BreadcrumbList\",\"@id\":\"https:\/\/www.yokler.com\/accueil-fr\/quel-triporteur-professionnel-choisir\/#breadcrumb\",\"itemListElement\":[{\"@type\":\"ListItem\",\"position\":1,\"name\":\"Accueil\",\"item\":\"https:\/\/www.yokler.com\/accueil-fr\/en\/accueil-fr\/\"},{\"@type\":\"ListItem\",\"position\":2,\"name\":\"Quel triporteur professionnel choisir ?\"}]},{\"@type\":\"WebSite\",\"@id\":\"https:\/\/www.yokler.com\/accueil-fr\/de\/#website\",\"url\":\"https:\/\/www.yokler.com\/accueil-fr\/de\/\",\"name\":\"Triporteur professionnel \u00e0 assistance \u00e9lectrique, par Yokler !\",\"description\":\"Triporteur \u00e9lectrique professionnel made in France\",\"publisher\":{\"@id\":\"https:\/\/www.yokler.com\/accueil-fr\/de\/#organization\"},\"potentialAction\":[{\"@type\":\"SearchAction\",\"target\":{\"@type\":\"EntryPoint\",\"urlTemplate\":\"https:\/\/www.yokler.com\/accueil-fr\/de\/?s={search_term_string}\"},\"query-input\":{\"@type\":\"PropertyValueSpecification\",\"valueRequired\":true,\"valueName\":\"search_term_string\"}}],\"inLanguage\":\"en-US\"},{\"@type\":\"Organization\",\"@id\":\"https:\/\/www.yokler.com\/accueil-fr\/de\/#organization\",\"name\":\"Yokler\",\"url\":\"https:\/\/www.yokler.com\/accueil-fr\/de\/\",\"logo\":{\"@type\":\"ImageObject\",\"inLanguage\":\"en-US\",\"@id\":\"https:\/\/www.yokler.com\/accueil-fr\/de\/#\/schema\/logo\/image\/\",\"url\":\"https:\/\/www.yokler.com\/wp-content\/uploads\/2021\/10\/logo-yokler-triporteur.png\",\"contentUrl\":\"https:\/\/www.yokler.com\/wp-content\/uploads\/2021\/10\/logo-yokler-triporteur.png\",\"width\":671,\"height\":210,\"caption\":\"Yokler\"},\"image\":{\"@id\":\"https:\/\/www.yokler.com\/accueil-fr\/de\/#\/schema\/logo\/image\/\"}}]}<\/script>\n<!-- \/ Yoast SEO plugin. -->","yoast_head_json":{"title":"Quel triporteur professionnel choisir ? - Yokler, fabricant de cargobikes","description":"Quel triporteur professionnel choisir ? Cargobike professionnel XL pour la messagerie, triporteur comptact pour les commerces","robots":{"index":"index","follow":"follow","max-snippet":"max-snippet:-1","max-image-preview":"max-image-preview:large","max-video-preview":"max-video-preview:-1"},"canonical":"https:\/\/www.yokler.com\/accueil-fr\/en\/quel-triporteur-professionnel-choisir\/","og_locale":"en_US","og_type":"article","og_title":"Quel triporteur professionnel choisir ? - Yokler, fabricant de cargobikes","og_description":"Quel triporteur professionnel choisir ? Cargobike professionnel XL pour la messagerie, triporteur comptact pour les commerces","og_url":"https:\/\/www.yokler.com\/accueil-fr\/quel-triporteur-professionnel-choisir\/","og_site_name":"Triporteur professionnel \u00e0 assistance \u00e9lectrique, par Yokler !","article_modified_time":"2023-02-12T10:36:20+00:00","og_image":[{"width":650,"height":328,"url":"https:\/\/www.yokler.com\/wp-content\/uploads\/2023\/01\/Gamme-Yokler.png","type":"image\/png"}],"twitter_card":"summary_large_image","twitter_misc":{"Est. reading time":"11 minutes"},"schema":{"@context":"https:\/\/schema.org","@graph":[{"@type":"WebPage","@id":"https:\/\/www.yokler.com\/accueil-fr\/quel-triporteur-professionnel-choisir\/","url":"https:\/\/www.yokler.com\/accueil-fr\/quel-triporteur-professionnel-choisir\/","name":"Quel triporteur professionnel choisir ? - Yokler, fabricant de cargobikes","isPartOf":{"@id":"https:\/\/www.yokler.com\/accueil-fr\/de\/#website"},"primaryImageOfPage":{"@id":"https:\/\/www.yokler.com\/accueil-fr\/quel-triporteur-professionnel-choisir\/#primaryimage"},"image":{"@id":"https:\/\/www.yokler.com\/accueil-fr\/quel-triporteur-professionnel-choisir\/#primaryimage"},"thumbnailUrl":"https:\/\/www.yokler.com\/wp-content\/uploads\/2023\/01\/Gamme-Yokler.png","datePublished":"2023-02-11T12:28:25+00:00","dateModified":"2023-02-12T10:36:20+00:00","description":"Quel triporteur professionnel choisir ? Cargobike professionnel XL pour la messagerie, triporteur comptact pour les commerces","breadcrumb":{"@id":"https:\/\/www.yokler.com\/accueil-fr\/quel-triporteur-professionnel-choisir\/#breadcrumb"},"inLanguage":"en-US","potentialAction":[{"@type":"ReadAction","target":["https:\/\/www.yokler.com\/accueil-fr\/quel-triporteur-professionnel-choisir\/"]}]},{"@type":"ImageObject","inLanguage":"en-US","@id":"https:\/\/www.yokler.com\/accueil-fr\/quel-triporteur-professionnel-choisir\/#primaryimage","url":"https:\/\/www.yokler.com\/wp-content\/uploads\/2023\/01\/Gamme-Yokler.png","contentUrl":"https:\/\/www.yokler.com\/wp-content\/uploads\/2023\/01\/Gamme-Yokler.png","width":650,"height":328},{"@type":"BreadcrumbList","@id":"https:\/\/www.yokler.com\/accueil-fr\/quel-triporteur-professionnel-choisir\/#breadcrumb","itemListElement":[{"@type":"ListItem","position":1,"name":"Accueil","item":"https:\/\/www.yokler.com\/accueil-fr\/en\/accueil-fr\/"},{"@type":"ListItem","position":2,"name":"Quel triporteur professionnel choisir ?"}]},{"@type":"WebSite","@id":"https:\/\/www.yokler.com\/accueil-fr\/de\/#website","url":"https:\/\/www.yokler.com\/accueil-fr\/de\/","name":"Triporteur professionnel \u00e0 assistance \u00e9lectrique, par Yokler !","description":"Triporteur \u00e9lectrique professionnel made in France","publisher":{"@id":"https:\/\/www.yokler.com\/accueil-fr\/de\/#organization"},"potentialAction":[{"@type":"SearchAction","target":{"@type":"EntryPoint","urlTemplate":"https:\/\/www.yokler.com\/accueil-fr\/de\/?s={search_term_string}"},"query-input":{"@type":"PropertyValueSpecification","valueRequired":true,"valueName":"search_term_string"}}],"inLanguage":"en-US"},{"@type":"Organization","@id":"https:\/\/www.yokler.com\/accueil-fr\/de\/#organization","name":"Yokler","url":"https:\/\/www.yokler.com\/accueil-fr\/de\/","logo":{"@type":"ImageObject","inLanguage":"en-US","@id":"https:\/\/www.yokler.com\/accueil-fr\/de\/#\/schema\/logo\/image\/","url":"https:\/\/www.yokler.com\/wp-content\/uploads\/2021\/10\/logo-yokler-triporteur.png","contentUrl":"https:\/\/www.yokler.com\/wp-content\/uploads\/2021\/10\/logo-yokler-triporteur.png","width":671,"height":210,"caption":"Yokler"},"image":{"@id":"https:\/\/www.yokler.com\/accueil-fr\/de\/#\/schema\/logo\/image\/"}}]}},"_links":{"self":[{"href":"https:\/\/www.yokler.com\/accueil-fr\/en\/wp-json\/wp\/v2\/pages\/11508\/"}],"collection":[{"href":"https:\/\/www.yokler.com\/accueil-fr\/en\/wp-json\/wp\/v2\/pages\/"}],"about":[{"href":"https:\/\/www.yokler.com\/accueil-fr\/en\/wp-json\/wp\/v2\/types\/page\/"}],"author":[{"embeddable":true,"href":"https:\/\/www.yokler.com\/accueil-fr\/en\/wp-json\/wp\/v2\/users\/202\/"}],"replies":[{"embeddable":true,"href":"https:\/\/www.yokler.com\/accueil-fr\/en\/wp-json\/wp\/v2\/comments\/?post=11508"}],"version-history":[{"count":9,"href":"https:\/\/www.yokler.com\/accueil-fr\/en\/wp-json\/wp\/v2\/pages\/11508\/revisions\/"}],"predecessor-version":[{"id":11517,"href":"https:\/\/www.yokler.com\/accueil-fr\/en\/wp-json\/wp\/v2\/pages\/11508\/revisions\/11517\/"}],"wp:featuredmedia":[{"embeddable":true,"href":"https:\/\/www.yokler.com\/accueil-fr\/en\/wp-json\/wp\/v2\/media\/11275\/"}],"wp:attachment":[{"href":"https:\/\/www.yokler.com\/accueil-fr\/en\/wp-json\/wp\/v2\/media\/?parent=11508"}],"curies":[{"name":"wp","href":"https:\/\/api.w.org\/{rel}","templated":true}]}}